{"id":9947,"date":"2020-07-10T23:44:31","date_gmt":"2020-07-10T20:44:31","guid":{"rendered":"https:\/\/hookahshop.lt\/?post_type=product&#038;p=9947"},"modified":"2026-04-18T23:28:46","modified_gmt":"2026-04-18T20:28:46","slug":"kaljanas-like-smoke-steel-wood-black","status":"publish","type":"product","link":"https:\/\/hookahshop.lt\/lv\/produkt\/udenspipei-lidzigs-dums-terauds-koks-melns\/","title":{"rendered":"\u016adensp\u012bpe LIKE SMOKE T\u0113rauda Koksne Melna"},"content":{"rendered":"<h2>\u016adensp\u012bpe LIKE SMOKE T\u0113rauda Koksne Melna<\/h2>\n<p>\u016adensp\u012bpe ir izgatavota no ner\u016bs\u0113jo\u0161\u0101 t\u0113rauda, ar \u013coti prec\u012bzu t\u0101s deta\u013cu apstr\u0101di. Dekor\u0101cija ir izgatavota no koka, un meln\u0101 kr\u0101sa uzsver \u0161\u012bs \u016bdensp\u012bpes varen\u012bbu!<\/p>\n<p>Uz pl\u0101ksn\u012btes un pamatnes ir iegrav\u0113ts z\u012bmola nosaukums. \u0160\u013c\u016btenes savienojums ir magn\u0113tisks. Tam ir regul\u0113jams difuzors, kuru var regul\u0113t.<\/p>\n<p>Apr\u012bkojums:<br \/>\nV\u0101rpsta, pl\u0101ksne, iemutnis, \u0161\u013c\u016btene, difuzors, \u0161\u013c\u016btenes savienojums, bl\u012bves.<\/p>\n<p>Raksturojums:<br \/>\n\u016adensp\u012bpes svars: ~ 1985 gr<br \/>\n\u016adensp\u012bpes augstums: 510 mm<br \/>\nV\u0101rpstas iek\u0161puse: ner\u016bs\u0113jo\u0161ais t\u0113rauds, D11 mm<br \/>\nV\u0101rpstas \u0101rpuse: ner\u016bs\u0113jo\u0161ais t\u0113rauds un koks vid\u016b<br \/>\nV\u0101rpsta: ner\u016bs\u0113jo\u0161ais t\u0113rauds, D14 mm<br \/>\nGalvenais materi\u0101ls: ner\u016bs\u0113jo\u0161ais t\u0113rauds<br \/>\n\u0160\u013c\u016btenes savienot\u0101ja savienojums: magn\u0113tisks<br \/>\nSavienojuma materi\u0101ls: ner\u016bs\u0113jo\u0161ais t\u0113rauds<br \/>\nDifuzors: no\u0146emams uz v\u012btnes<br \/>\nIemutnis: ner\u016bs\u0113jo\u0161ais t\u0113rauds<br \/>\nIemutes garums: 325 mm, D10 mm<br \/>\n\u0160\u013c\u016btene: m\u012bksts silikons<br \/>\n\u0160\u013c\u016btenes garums: 1500mm<\/p>\n<p>Vai jums ir k\u0101di jaut\u0101jumi? Sazinies ar mums\u00a0<a href=\"https:\/\/hookahshop.lt\/lv\/kontaktiem\/\">kontaktu lapa<\/a>\u00a0vai rakstiet mums pa e-pastu\u00a0<a href=\"https:\/\/facebook.com\/HookahShop.lt\/\" target=\"_blank\" rel=\"noopener noreferrer\">Facebook konts<\/a>\u00a0un m\u0113s atbild\u0113sim uz j\u016bsu piepras\u012bjumu taj\u0101 pa\u0161\u0101 dien\u0101.<\/p>","protected":false},"excerpt":{"rendered":"<p>\u016adensp\u012bpe LIKE SMOKE Steel Wood Black \u016adensp\u012bpe ir izgatavota no ner\u016bs\u0113jo\u0161\u0101 t\u0113rauda, ar \u013coti prec\u012bzu t\u0101 deta\u013cu apstr\u0101di. Dekor\u0101cija ir izgatavota no koka, un meln\u0101 kr\u0101sa uzsver \u0161\u012bs \u016bdensp\u012bpes varen\u012bbu! Uz pl\u0101ksn\u012btes un pamatnes ir iegrav\u0113ts z\u012bmola nosaukums. \u0160\u013c\u016btenes savienojums ir magn\u0113tisks. Tam ir regul\u0113jams difuzors, kuru var regul\u0113t. Pilns komplekts: V\u0101rpsta, pl\u0101ksne, iemutnis, \u0161\u013c\u016btene, difuzors, \u0161\u013c\u016btenes savienot\u0101js, bl\u012bves. Raksturlielumi: \u016adensp\u012bpes svars: ~ [\u2026]<\/p>","protected":false},"featured_media":9954,"comment_status":"open","ping_status":"closed","template":"","meta":[],"_links":{"self":[{"href":"https:\/\/hookahshop.lt\/lv\/wp-json\/wp\/v2\/product\/9947"}],"collection":[{"href":"https:\/\/hookahshop.lt\/lv\/wp-json\/wp\/v2\/product"}],"about":[{"href":"https:\/\/hookahshop.lt\/lv\/wp-json\/wp\/v2\/types\/product"}],"replies":[{"embeddable":true,"href":"https:\/\/hookahshop.lt\/lv\/wp-json\/wp\/v2\/comments?post=9947"}],"version-history":[{"count":3,"href":"https:\/\/hookahshop.lt\/lv\/wp-json\/wp\/v2\/product\/9947\/revisions"}],"predecessor-version":[{"id":22825,"href":"https:\/\/hookahshop.lt\/lv\/wp-json\/wp\/v2\/product\/9947\/revisions\/22825"}],"wp:featuredmedia":[{"embeddable":true,"href":"https:\/\/hookahshop.lt\/lv\/wp-json\/wp\/v2\/media\/9954"}],"wp:attachment":[{"href":"https:\/\/hookahshop.lt\/lv\/wp-json\/wp\/v2\/media?parent=9947"}],"curies":[{"name":"wp","href":"https:\/\/api.w.org\/{rel}","templated":true}]}}