{"id":9957,"date":"2020-07-10T23:55:34","date_gmt":"2020-07-10T20:55:34","guid":{"rendered":"https:\/\/hookahshop.lt\/?post_type=product&#038;p=9957"},"modified":"2026-05-05T23:29:14","modified_gmt":"2026-05-05T20:29:14","slug":"kaljanas-first-hookah-eco-black","status":"publish","type":"product","link":"https:\/\/hookahshop.lt\/lv\/produkt\/udenspipe-pirmais-udenspipe-ekomelna-kolba\/","title":{"rendered":"\u016adensp\u012bpe FIRST HOOKAH Eco Black"},"content":{"rendered":"<h2>Kaljanas PIRMAIS \u016adensp\u012bpe Eco Black<\/h2>\n<p>M\u016bsdien\u012bgs, izsmalcin\u0101ts un viegls izskats. \u0160\u012b mode\u013ca galven\u0101 iez\u012bme ir &quot;p\u0101rveido\u0161ana&quot;. Eko ie\u0146em sal\u012bdzino\u0161i jaunu, bet m\u016bsdien\u0101s \u013coti popul\u0101ru tirgus ni\u0161u. M\u016bsdienu tendences dikt\u0113 savus noteikumus, un \u016bdensp\u012bpes aiz\u0146em arvien liel\u0101ku auditorijas da\u013cu. Mazs svars, vienk\u0101r\u0161a lieto\u0161ana un apkope ir \u0161\u012b mode\u013ca nosl\u0113pums.<\/p>\n<p>\u016adensp\u012bpes pamatne un difuzors - izgatavots no v\u0101cu poliacet\u0101la, visas p\u0101r\u0113j\u0101s da\u013cas ir met\u0101la un izgatavotas no ner\u016bs\u0113jo\u0161\u0101 t\u0113rauda.<\/p>\n<p>Apr\u012bkojums:<br \/>\nV\u0101rpsta, pl\u0101ksne, iemutnis, \u0161\u013c\u016btene, difuzors, \u0161\u013c\u016btenes savienojums, bl\u012bves.<\/p>\n<p>Raksturojums:<br \/>\n\u016adensp\u012bpes svars: ~ 1500 gr<br \/>\n\u016adensp\u012bpes augstums: 510 mm<br \/>\nV\u0101rpstas iek\u0161pus\u0113: ner\u016bs\u0113jo\u0161ais t\u0113rauds, D14 mm<br \/>\nV\u0101rpsta: ner\u016bs\u0113jo\u0161ais t\u0113rauds, D15 mm<br \/>\nGalvenais materi\u0101ls: poliacet\u0101ls<br \/>\n\u0160\u013c\u016btenes savienot\u0101ja savienojums: O-gredzens<br \/>\nSavienojuma materi\u0101ls: ner\u016bs\u0113jo\u0161ais t\u0113rauds<br \/>\nDifuzors: no\u0146emams, poliacet\u0101ls<br \/>\nMutes iemutnis: iegrav\u0113ts ner\u016bs\u0113jo\u0161ais t\u0113rauds<br \/>\nIevada garums: 330 mm, D10 mm<br \/>\n\u0160\u013c\u016btene: m\u012bksts silikons<br \/>\n\u0160\u013c\u016btenes garums: 1500mm<\/p>\n<p>Vai jums ir k\u0101di jaut\u0101jumi? Sazinies ar mums\u00a0<a href=\"https:\/\/hookahshop.lt\/lv\/kontaktiem\/\">kontaktu lapa<\/a>\u00a0vai rakstiet mums pa e-pastu\u00a0<a href=\"https:\/\/facebook.com\/HookahShop.lt\/\" target=\"_blank\" rel=\"noopener noreferrer\">Facebook konts<\/a>\u00a0un m\u0113s atbild\u0113sim uz j\u016bsu piepras\u012bjumu taj\u0101 pa\u0161\u0101 dien\u0101.<\/p>","protected":false},"excerpt":{"rendered":"<p>\u016adensp\u012bpe FIRST \u016adensp\u012bpe Eco Black Moderns, izsmalcin\u0101ts un viegls izskats. \u0160\u012b mode\u013ca galven\u0101 iez\u012bme ir &quot;p\u0101rveido\u0161ana&quot;. Eco ie\u0146em sal\u012bdzino\u0161i jaunu, ta\u010du m\u016bsdien\u0101s \u013coti popul\u0101ru tirgus ni\u0161u. M\u016bsdienu tendences dikt\u0113 savus noteikumus, un \u016bdensp\u012bpes aiz\u0146em arvien liel\u0101ku auditorijas da\u013cu. Mazs svars, vienk\u0101r\u0161a lieto\u0161ana un apkope ir \u0161\u012b mode\u013ca nosl\u0113pums. \u016adensp\u012bpes pamatne un difuzors \u2013 izgatavots [\u2026]<\/p>","protected":false},"featured_media":9958,"comment_status":"open","ping_status":"closed","template":"","meta":[],"_links":{"self":[{"href":"https:\/\/hookahshop.lt\/lv\/wp-json\/wp\/v2\/product\/9957"}],"collection":[{"href":"https:\/\/hookahshop.lt\/lv\/wp-json\/wp\/v2\/product"}],"about":[{"href":"https:\/\/hookahshop.lt\/lv\/wp-json\/wp\/v2\/types\/product"}],"replies":[{"embeddable":true,"href":"https:\/\/hookahshop.lt\/lv\/wp-json\/wp\/v2\/comments?post=9957"}],"version-history":[{"count":3,"href":"https:\/\/hookahshop.lt\/lv\/wp-json\/wp\/v2\/product\/9957\/revisions"}],"predecessor-version":[{"id":22907,"href":"https:\/\/hookahshop.lt\/lv\/wp-json\/wp\/v2\/product\/9957\/revisions\/22907"}],"wp:featuredmedia":[{"embeddable":true,"href":"https:\/\/hookahshop.lt\/lv\/wp-json\/wp\/v2\/media\/9958"}],"wp:attachment":[{"href":"https:\/\/hookahshop.lt\/lv\/wp-json\/wp\/v2\/media?parent=9957"}],"curies":[{"name":"wp","href":"https:\/\/api.w.org\/{rel}","templated":true}]}}