{"id":9969,"date":"2020-07-11T00:09:15","date_gmt":"2020-07-10T21:09:15","guid":{"rendered":"https:\/\/hookahshop.lt\/?post_type=product&#038;p=9969"},"modified":"2026-04-16T23:29:45","modified_gmt":"2026-04-16T20:29:45","slug":"vienkartiniai-kandikliai-kaljanui-3cm-100vnt-black","status":"publish","type":"product","link":"https:\/\/hookahshop.lt\/lv\/produkt\/vienreizejie-iemuti-pipei-3cm-100gab-melni\/","title":{"rendered":"Vienreiz lietojami iemuti \u016bdensp\u012bpei 3cm 100gab Melns"},"content":{"rendered":"<h2>Vienreiz lietojami iemuti \u016bdensp\u012bpei 3cm 100gab Melns<\/h2>\n<p>100 vien\u012bbas vien\u0101 iepakojum\u0101. iemuti.<\/p>\n<p>Kr\u0101sa melna.<\/p>\n<p>Vai jums ir k\u0101di jaut\u0101jumi? Sazinies ar mums\u00a0<a href=\"https:\/\/hookahshop.lt\/lv\/kontaktiem\/\">kontaktu lapa<\/a>\u00a0vai rakstiet mums pa e-pastu\u00a0<a href=\"https:\/\/facebook.com\/HookahShop.lt\/\" target=\"_blank\" rel=\"noopener noreferrer\">Facebook konts<\/a>\u00a0un m\u0113s atbild\u0113sim uz j\u016bsu piepras\u012bjumu taj\u0101 pa\u0161\u0101 dien\u0101.<\/p>","protected":false},"excerpt":{"rendered":"<p>Vienreiz\u0113j\u0101s lieto\u0161anas \u016bdensp\u012bpes iemut\u0146i 3 cm 100 gab. melni. Vien\u0101 iepakojum\u0101 ir 100 iemut\u0146i. Kr\u0101sa: melna. Vai jums ir k\u0101di jaut\u0101jumi? Sazinieties ar mums kontaktlap\u0101 vai rakstiet mums Facebook, un m\u0113s atbild\u0113sim uz j\u016bsu piepras\u012bjumu taj\u0101 pa\u0161\u0101 dien\u0101.<\/p>","protected":false},"featured_media":15016,"comment_status":"open","ping_status":"closed","template":"","meta":[],"_links":{"self":[{"href":"https:\/\/hookahshop.lt\/lv\/wp-json\/wp\/v2\/product\/9969"}],"collection":[{"href":"https:\/\/hookahshop.lt\/lv\/wp-json\/wp\/v2\/product"}],"about":[{"href":"https:\/\/hookahshop.lt\/lv\/wp-json\/wp\/v2\/types\/product"}],"replies":[{"embeddable":true,"href":"https:\/\/hookahshop.lt\/lv\/wp-json\/wp\/v2\/comments?post=9969"}],"version-history":[{"count":5,"href":"https:\/\/hookahshop.lt\/lv\/wp-json\/wp\/v2\/product\/9969\/revisions"}],"predecessor-version":[{"id":29326,"href":"https:\/\/hookahshop.lt\/lv\/wp-json\/wp\/v2\/product\/9969\/revisions\/29326"}],"wp:featuredmedia":[{"embeddable":true,"href":"https:\/\/hookahshop.lt\/lv\/wp-json\/wp\/v2\/media\/15016"}],"wp:attachment":[{"href":"https:\/\/hookahshop.lt\/lv\/wp-json\/wp\/v2\/media?parent=9969"}],"curies":[{"name":"wp","href":"https:\/\/api.w.org\/{rel}","templated":true}]}}