{"id":9975,"date":"2020-07-11T00:14:49","date_gmt":"2020-07-10T21:14:49","guid":{"rendered":"https:\/\/hookahshop.lt\/?post_type=product&#038;p=9975"},"modified":"2026-04-18T23:28:53","modified_gmt":"2026-04-18T20:28:53","slug":"karscio-kamera-kalaud-alpha-replika","status":"publish","type":"product","link":"https:\/\/hookahshop.lt\/lv\/produkt\/siltuma-kamera-kalaud-alfa-reprodukcija\/","title":{"rendered":"Karst\u0101 kamera KALAUD ALPHA Replica"},"content":{"rendered":"<h2 data-placeholder=\"Vertimas\">Karst\u0101 kamera KALAUD ALPHA Replica<\/h2>\n<p dir=\"ltr\" data-placeholder=\"Vertimas\">Tas ir paredz\u0113ts lieto\u0161anai \u016bdensp\u012bpes kr\u016bz\u012btes sild\u012b\u0161anai ar kokosriekstu ogl\u0113m. \u0160\u012b ir kalauda lotosa kopija.<\/p>\n<p id=\"tw-target-text\" class=\"tw-data-text tw-text-large tw-ta\" dir=\"ltr\" data-placeholder=\"Vertimas\"><strong><span lang=\"lt\">Siltuma kameras galven\u0101s priek\u0161roc\u012bbas:<\/span><\/strong><\/p>\n<ul>\n<li class=\"tw-data-text tw-text-large tw-ta\" data-placeholder=\"Vertimas\"><span lang=\"lt\">Atk\u0101rtoti lietojams;<\/span><\/li>\n<li class=\"tw-data-text tw-text-large tw-ta\" data-placeholder=\"Vertimas\"><span lang=\"lt\">Vairs nav folijas;<\/span><\/li>\n<li class=\"tw-data-text tw-text-large tw-ta\" data-placeholder=\"Vertimas\"><span lang=\"lt\">Akme\u0146ogles paliek viet\u0101 \u0113rt\u0101s formas d\u0113\u013c;<\/span><\/li>\n<li class=\"tw-data-text tw-text-large tw-ta\" data-placeholder=\"Vertimas\">Uzlabo gaisa cirkul\u0101ciju;<\/li>\n<li class=\"tw-data-text tw-text-large tw-ta\" data-placeholder=\"Vertimas\"><span lang=\"lt\">Tas \u012bs\u0101 laik\u0101 uzsilst un uztur stabilu siltumu.<\/span><\/li>\n<\/ul>\n<p>Vai jums ir k\u0101di jaut\u0101jumi? Sazinies ar mums\u00a0<a href=\"https:\/\/hookahshop.lt\/lv\/kontaktiem\/\">kontaktu lapa<\/a>\u00a0vai rakstiet mums pa e-pastu\u00a0<a href=\"https:\/\/facebook.com\/HookahShop.lt\/\" target=\"_blank\" rel=\"noopener noreferrer\">Facebook konts<\/a>\u00a0un m\u0113s atbild\u0113sim uz j\u016bsu piepras\u012bjumu taj\u0101 pa\u0161\u0101 dien\u0101.<\/p>","protected":false},"excerpt":{"rendered":"<p>Siltuma kamera KALAUD ALPHA Replica Paredz\u0113ta \u016bdensp\u012bpes gl\u0101zes uzsild\u012b\u0161anai ar kokosriekstu ogl\u0113m. \u0160\u012b ir kalaud lotosa kopija. Galven\u0101s siltuma kameras priek\u0161roc\u012bbas: Daudzk\u0101rt\u0113ja izmanto\u0161ana; Vairs nav nepiecie\u0161ama folija; Ogleklis paliek viet\u0101, pateicoties \u0113rtai formai; uzlabojas gaisa cirkul\u0101cija; Tas uzsilst \u012bs\u0101 laik\u0101 un saglab\u0101 siltumu stabili. Vai jums ir k\u0101di jaut\u0101jumi? Sazinieties ar mums kontaktu lap\u0101 vai rakstiet mums uz m\u016bsu Facebook kontu un [\u2026]<\/p>","protected":false},"featured_media":12890,"comment_status":"open","ping_status":"closed","template":"","meta":[],"_links":{"self":[{"href":"https:\/\/hookahshop.lt\/lv\/wp-json\/wp\/v2\/product\/9975"}],"collection":[{"href":"https:\/\/hookahshop.lt\/lv\/wp-json\/wp\/v2\/product"}],"about":[{"href":"https:\/\/hookahshop.lt\/lv\/wp-json\/wp\/v2\/types\/product"}],"replies":[{"embeddable":true,"href":"https:\/\/hookahshop.lt\/lv\/wp-json\/wp\/v2\/comments?post=9975"}],"version-history":[{"count":5,"href":"https:\/\/hookahshop.lt\/lv\/wp-json\/wp\/v2\/product\/9975\/revisions"}],"predecessor-version":[{"id":44995,"href":"https:\/\/hookahshop.lt\/lv\/wp-json\/wp\/v2\/product\/9975\/revisions\/44995"}],"wp:featuredmedia":[{"embeddable":true,"href":"https:\/\/hookahshop.lt\/lv\/wp-json\/wp\/v2\/media\/12890"}],"wp:attachment":[{"href":"https:\/\/hookahshop.lt\/lv\/wp-json\/wp\/v2\/media?parent=9975"}],"curies":[{"name":"wp","href":"https:\/\/api.w.org\/{rel}","templated":true}]}}