{"id":10184,"date":"2020-07-13T16:56:39","date_gmt":"2020-07-13T13:56:39","guid":{"rendered":"https:\/\/hookahshop.lt\/?page_id=10184"},"modified":"2024-04-07T00:09:05","modified_gmt":"2024-04-06T21:09:05","slug":"atsiliepimai","status":"publish","type":"page","link":"https:\/\/hookahshop.lt\/pl\/informacje-zwrotne\/","title":{"rendered":"Informacje zwrotne"},"content":{"rendered":"<p><section class=\"av_textblock_section\"  itemscope=\"itemscope\" itemtype=\"https:\/\/schema.org\/CreativeWork\" ><div class='avia_textblock'   itemprop=\"text\" ><\/div><\/section><br \/>\n<div class='avia-image-container  av-styling-     avia-align-center'  itemscope=\"itemscope\" itemtype=\"https:\/\/schema.org\/ImageObject\"  ><div class='avia-image-container-inner'><img class=\"avia_image\" src=\"https:\/\/hookahshop.lt\/wp-content\/uploads\/2020\/07\/atsiliepimai.jpg\" alt=\"- hookahshop.lt\" title=\"informacje zwrotne\" itemprop=\"thumbnailUrl\"><\/div><\/div><br \/>\n<section class=\"av_textblock_section\"  itemscope=\"itemscope\" itemtype=\"https:\/\/schema.org\/CreativeWork\" ><div class='avia_textblock'   itemprop=\"text\" ><h1 style=\"text-align: center;\">Hookahshop.lt - recenzje<\/h1>\n<h2 style=\"text-align: center; font-size: 16px; color: #000;\">Tutaj znajdziesz recenzje na temat sprzedawanych towar\u00f3w www.hookahshop.lt oraz jako\u015bci us\u0142ug.<\/h2>\n<p>[komentarze gs-fb]<\/p>\n<\/div><\/section><br \/>\n<div class=\"flex_column av_one_full  flex_column_div av-zero-column-padding first\" style='border-radius:0px; '><div class=\"togglecontainer  toggle_close_all\">\n<section class=\"av_toggle_section\"  itemscope=\"itemscope\" itemtype=\"https:\/\/schema.org\/CreativeWork\" >    <div class=\"single_toggle\" data-tags=\"{All} \" >        <p data-fake-id=\"#toggle-id-1\" class=\"toggler\"  itemprop=\"headline\" >Troch\u0119 o fajce wodnej<span class=\"toggle_icon\">        <span class=\"vert_icon\"><\/span><span class=\"hor_icon\"><\/span><\/span><\/p>        <div id=\"toggle-id-1-container\" class=\"toggle_wrap\" >            <div class=\"toggle_content invers-color\"  itemprop=\"text\" ><p>Specjalny zw\u0119\u017caj\u0105cy si\u0119 pojemnik wype\u0142niony wod\u0105 mo\u017cna ozdobi\u0107 na r\u00f3\u017cne sposoby. Zwykle jest wykonany z niebieskiego szk\u0142a lub drogiego kryszta\u0142u. Fajka wodna mo\u017ce mie\u0107 kilka fajek z ustnikami, wtedy kilka os\u00f3b mo\u017ce pali\u0107 jednocze\u015bnie. Rury s\u0105 elastyczne, maj\u0105 nawet do 2 m d\u0142ugo\u015bci. Najpi\u0119kniejsza jest cz\u0119\u015b\u0107 metalowa, zwykle jest to mied\u017a, czasem z\u0142oto lub srebro.<br \/>\nW\u015br\u00f3d wielu przedmiot\u00f3w wschodniej kultury materialnej fajki wodne wyr\u00f3\u017cniaj\u0105 si\u0119 szczeg\u00f3ln\u0105 elegancj\u0105. W g\u00f3rnej cz\u0119\u015bci znajduje si\u0119 ma\u0142a dysza na tyto\u0144 oraz kaptur chroni\u0105cy przed wiatrem i \u017carem. Czasami u\u017cywa si\u0119 te\u017c specjalnych wachlarzy ze s\u0142omy, nie tylko do och\u0142odzenia si\u0119 przed po\u0142udniowym upa\u0142em, ale tak\u017ce do dmuchania nimi nad fajk\u0105 wodn\u0105, aby \u017car si\u0119 rozpali\u0142 i tyto\u0144 lepiej si\u0119 pali\u0142.<br \/>\nZgodnie z budow\u0105 szisza sk\u0142ada si\u0119 z dw\u00f3ch cz\u0119\u015bci \u2013 g\u00f3rnej i dolnej, hermetycznie po\u0142\u0105czonych ze sob\u0105, elastycznej rurki z ustnikiem, ceramicznego kubka na tyto\u0144. Niekt\u00f3re zestawy modeli fajki wodnej mog\u0105 zawiera\u0107 nasadk\u0119 ochronn\u0105 i kulowy zaw\u00f3r wylotowy do usuwania nadmiaru dymu. Zestaw zwykle zawiera r\u00f3wnie\u017c w\u0119gliki do szczypiec. Bardzo wa\u017cna jest szczelno\u015b\u0107 pomi\u0119dzy g\u00f3rn\u0105 i doln\u0105 cz\u0119\u015bci\u0105 fajki wodnej oraz fajki wodnej z fajk\u0105. Wa\u017cna jest r\u00f3wnie\u017c szczelno\u015b\u0107 w miejscu, w kt\u00f3rym fajka wodna \u0142\u0105czy si\u0119 z ustnikiem.<\/p>\n            <\/div>        <\/div>    <\/div><\/section>\n<\/div><\/div><\/p>","protected":false},"excerpt":{"rendered":"","protected":false},"author":1,"featured_media":8788,"parent":0,"menu_order":0,"comment_status":"closed","ping_status":"closed","template":"","meta":[],"_links":{"self":[{"href":"https:\/\/hookahshop.lt\/pl\/wp-json\/wp\/v2\/pages\/10184"}],"collection":[{"href":"https:\/\/hookahshop.lt\/pl\/wp-json\/wp\/v2\/pages"}],"about":[{"href":"https:\/\/hookahshop.lt\/pl\/wp-json\/wp\/v2\/types\/page"}],"author":[{"embeddable":true,"href":"https:\/\/hookahshop.lt\/pl\/wp-json\/wp\/v2\/users\/1"}],"replies":[{"embeddable":true,"href":"https:\/\/hookahshop.lt\/pl\/wp-json\/wp\/v2\/comments?post=10184"}],"version-history":[{"count":32,"href":"https:\/\/hookahshop.lt\/pl\/wp-json\/wp\/v2\/pages\/10184\/revisions"}],"predecessor-version":[{"id":39009,"href":"https:\/\/hookahshop.lt\/pl\/wp-json\/wp\/v2\/pages\/10184\/revisions\/39009"}],"wp:featuredmedia":[{"embeddable":true,"href":"https:\/\/hookahshop.lt\/pl\/wp-json\/wp\/v2\/media\/8788"}],"wp:attachment":[{"href":"https:\/\/hookahshop.lt\/pl\/wp-json\/wp\/v2\/media?parent=10184"}],"curies":[{"name":"wp","href":"https:\/\/api.w.org\/{rel}","templated":true}]}}