{"id":11291,"date":"2020-08-05T14:36:41","date_gmt":"2020-08-05T11:36:41","guid":{"rendered":"https:\/\/hookahshop.lt\/?page_id=11291"},"modified":"2021-09-19T22:27:11","modified_gmt":"2021-09-19T19:27:11","slug":"atsiimkite-siunta-lp-express-siuntu-savitarnos-terminaluose","status":"publish","type":"page","link":"https:\/\/hookahshop.lt\/pl\/pick-up-shipment-lp-express-shipment-terminale-samoobslugowe\/","title":{"rendered":"Odbierz przesy\u0142k\u0119 w samoobs\u0142ugowych terminalach paczkowych LP EXPRESS!"},"content":{"rendered":"<h1>Odbierz przesy\u0142k\u0119 w samoobs\u0142ugowych terminalach paczkowych LP EXPRESS!<\/h1>\n<p>&nbsp;<\/p>\n<p>Aby otrzyma\u0107 towar w dogodnym dla Ciebie terminie, a tak\u017ce zap\u0142aci\u0107 mniej za dostaw\u0119 towaru, mo\u017cesz odebra\u0107 zam\u00f3wienie w najbli\u017cszym terminalu samoobs\u0142ugowym LP EXPRESS. Zamawiaj\u0105c towar, nale\u017cy wybra\u0107 najbli\u017cszy terminal samoobs\u0142ugowy LP EXPRESS.<\/p>\n<p>Odbi\u00f3r przesy\u0142ek za pomoc\u0105 samoobs\u0142ugowych terminali LP EXPRESS jest niezwykle szybki i wygodny. Ca\u0142a procedura jest wi\u0119cej ni\u017c prosta, wi\u0119c ka\u017cdy mo\u017ce jej u\u017cy\u0107 praktycznie bez instrukcji. Samoobs\u0142ugowe terminale paczkowe LP EXPRESS s\u0105 czynne 24 godziny na dob\u0119, dzi\u0119ki czemu mo\u017cesz odebra\u0107 towar w dogodnym dla siebie terminie.<\/p>\n<p><strong>Dlaczego warto odebra\u0107 produkt za po\u015brednictwem samoobs\u0142ugowych terminali paczkowych LP EXPRESS:<\/strong><\/p>\n<div  class='avia-video avia-video-16-9'  itemprop=\"video\" itemtype=\"https:\/\/schema.org\/VideoObject\" ><div class='avia-iframe-wrap'><iframe title=\"Odbi\u00f3r przesy\u0142ek LP EXPRESS 24\" width=\"1500\" height=\"844\" src=\"https:\/\/www.youtube.com\/embed\/BTxMlhaPILc?feature=oembed\" frameborder=\"0\" allow=\"accelerometer; autoplay; encrypted-media; gyroscope; picture-in-picture\" allowfullscreen><\/iframe><\/div><\/div>\n<ul>\n<li>Zostaniesz powiadomiony o otrzymaniu przesy\u0142ki SMS-em, dzi\u0119ki czemu b\u0119dziesz dok\u0142adnie wiedzie\u0107, kiedy mo\u017cesz odebra\u0107 przesy\u0142k\u0119.<\/li>\n<li>Paczk\u0119 odbierzesz w nieca\u0142\u0105 minut\u0119, wpisuj\u0105c wiadomo\u015b\u0107 SMS i \/ lub e-mail na terminalu. dwa kody PIN otrzymane poczt\u0105 elektroniczn\u0105.<\/li>\n<li>Samoobs\u0142ugowe terminale paczkowe LP EXPRESS s\u0105 otwarte 24 godziny na dob\u0119. dziennie i 19:00 tygodniowo, aby\u015b m\u00f3g\u0142 odebra\u0107 swoje przesy\u0142ki w najbardziej dogodnym czasie.<\/li>\n<li>Najszersza i najg\u0119stsza samoobs\u0142uga paczek LP EXPRESS\u00a0<a href=\"https:\/\/www.lpexpress.lt\/Savitarnos-terminalai\/Vietu-sarasas.html\" target=\"_blank\" rel=\"noopener noreferrer\">w sieci terminali<\/a>\u00a0b\u0119dziesz m\u00f3g\u0142 wybra\u0107 najbardziej odpowiedni\u0105 dla siebie lokalizacj\u0119 odbioru.<\/li>\n<\/ul>\n<h2>Wielko\u015b\u0107 partii<\/h2>\n<p>Maksymalna waga paczki LP EXPRESS to 30 kg. Przesy\u0142ka musi mie\u015bci\u0107 si\u0119 w jednym z nast\u0119puj\u0105cych pude\u0142ek:<\/p>\n<div class='avia-image-container  av-styling-     avia-align-center'  itemscope=\"itemscope\" itemtype=\"https:\/\/schema.org\/ImageObject\"  ><div class='avia-image-container-inner'><img class=\"avia_image\" src=\"https:\/\/hookahshop.lt\/wp-content\/uploads\/2020\/08\/lpexpress.jpg\" alt=\"- hookahshop.lt\" title=\"lpexpress\" itemprop=\"thumbnailUrl\"><\/div><\/div>\n<p>Znajdziesz u nas informacje o ka\u017cdym produkcie lub wybrany produkt mo\u017ce by\u0107 dostarczony do samoobs\u0142ugowych terminali paczkowych LP EXPRESS. Je\u015bli towar jest ci\u0119\u017cszy ni\u017c 30 kg lub gabaryty produktu s\u0105 wi\u0119ksze ni\u017c wskazane powy\u017cej, dostawa produktu do samoobs\u0142ugowych terminali paczkowych LP EXPRESS nie b\u0119dzie mo\u017cliwa. Jedna pozycja jest umieszczana w pude\u0142ku w rozmiarze XS. Przy zamawianiu kilku towar\u00f3w ka\u017cdorazowo obliczane jest, czy zmieszcz\u0105 si\u0119 one w pude\u0142ku, je\u015bli gabaryty towaru s\u0105 wi\u0119ksze ni\u017c wskazane powy\u017cej - dostawa towaru do samoobs\u0142ugowych terminali LP EXPRESS nie b\u0119dzie mo\u017cliwa.<\/p>\n<h2>Cena dostawy<\/h2>\n<p>Przesy\u0142ka dostarczana jest do dowolnego terminala samoobs\u0142ugowego LP EXPRESS na terenie Republiki Litewskiej:<\/p>\n<ul>\n<li><strong>XS, S<\/strong>,\u00a0<strong>M<\/strong>,\u00a0<strong>L<\/strong>,\u00a0<strong>XL<\/strong>\u00a0dla\u00a0<strong>\u20ac 3,50 <\/strong>op\u0142ata.<\/li>\n<\/ul>\n<p>Za towary w terminalach samoobs\u0142ugowych mo\u017cna p\u0142aci\u0107 wy\u0142\u0105cznie bankowymi kartami p\u0142atniczymi.<\/p>\n<h2>Okres przechowywania przesy\u0142ki<\/h2>\n<p>Przesy\u0142ka jest przechowywana w Paczkomacie przez 4 dni kalendarzowe po naszym potwierdzeniu, \u017ce zam\u00f3wienie jest ju\u017c w Paczkomacie LP EXPRESS i mo\u017ce by\u0107 ju\u017c odebrane. O nadchodz\u0105cym zam\u00f3wieniu poinformujemy Ci\u0119 sms-em. Przesy\u0142k\u0119 odbierasz wpisuj\u0105c dwa kody PIN otrzymane w wiadomo\u015bci SMS na terminalu. Tylko za pomoc\u0105 tego kodu b\u0119dziesz m\u00f3g\u0142 odebra\u0107 przesy\u0142k\u0119 z okre\u015blonego terminala wysy\u0142kowego. Zachowaj kod do momentu odebrania zam\u00f3wienia z terminala paczkowego. Po zako\u0144czeniu 4-dniowego okresu i bez skorzystania z us\u0142ugi \u201eOdbi\u00f3r paczek\u201d, przesy\u0142ka jest zwracana na \u201eHookahshop.lt\u201d. Nale\u017cy pami\u0119ta\u0107, \u017ce przesy\u0142ek nie mo\u017cna przekierowywa\u0107 do innego miejsca dostawy.<\/p>\n<h2>W przypadku pyta\u0144 prosimy o kontakt z konsultantami Hookahshop.lt<\/h2>\n<p>Opis ka\u017cdego produktu wskazuje na wst\u0119pny okres dostawy tego produktu, kt\u00f3ry jest liczony od potwierdzenia zam\u00f3wienia, tj. Po sprawdzeniu zam\u00f3wienia i otrzymaniu p\u0142atno\u015bci za towar (z wyj\u0105tkiem zam\u00f3wie\u0144, w kt\u00f3rych wybrano p\u0142atno\u015b\u0107 got\u00f3wk\u0105). O potwierdzonym i rozpocz\u0119tym zam\u00f3wieniu niezw\u0142ocznie poinformujemy e-mailem, a tak\u017ce okre\u015blimy planowany termin dostawy zam\u00f3wienia. Czas dostawy mo\u017ce ulec przesuni\u0119ciu w przypadkach przewidzianych w regulaminie kupna i sprzeda\u017cy. Je\u015bli czas dostawy Ci nie odpowiada, skontaktuj si\u0119 z konsultantami Hookahshop.lt przez e-mail. e-mailem hookahshoplt@gmail.com lub telefonicznie +370 6922 6633.<\/p>","protected":false},"excerpt":{"rendered":"<p>Odbierz przesy\u0142k\u0119 w terminalach samoobs\u0142ugowych LP EXPRESS!  Aby otrzyma\u0107 towar w dogodnym dla Ciebie terminie, a tak\u017ce zap\u0142aci\u0107 mniej za dostaw\u0119 towaru, mo\u017cesz odebra\u0107 swoje zam\u00f3wienie z najbli\u017cszego terminala samoobs\u0142ugowego przesy\u0142ek LP EXPRESS. Zamawiaj\u0105c towar nale\u017cy wybra\u0107 najbli\u017cszy terminal samoobs\u0142ugowy przesy\u0142ek LP EXPRESS. Odbi\u00f3r przesy\u0142ek za pomoc\u0105 terminali samoobs\u0142ugowych Paczek LP EXPRESS, [\u2026]<\/p>","protected":false},"author":1,"featured_media":0,"parent":0,"menu_order":0,"comment_status":"closed","ping_status":"closed","template":"","meta":[],"_links":{"self":[{"href":"https:\/\/hookahshop.lt\/pl\/wp-json\/wp\/v2\/pages\/11291"}],"collection":[{"href":"https:\/\/hookahshop.lt\/pl\/wp-json\/wp\/v2\/pages"}],"about":[{"href":"https:\/\/hookahshop.lt\/pl\/wp-json\/wp\/v2\/types\/page"}],"author":[{"embeddable":true,"href":"https:\/\/hookahshop.lt\/pl\/wp-json\/wp\/v2\/users\/1"}],"replies":[{"embeddable":true,"href":"https:\/\/hookahshop.lt\/pl\/wp-json\/wp\/v2\/comments?post=11291"}],"version-history":[{"count":2,"href":"https:\/\/hookahshop.lt\/pl\/wp-json\/wp\/v2\/pages\/11291\/revisions"}],"predecessor-version":[{"id":35807,"href":"https:\/\/hookahshop.lt\/pl\/wp-json\/wp\/v2\/pages\/11291\/revisions\/35807"}],"wp:attachment":[{"href":"https:\/\/hookahshop.lt\/pl\/wp-json\/wp\/v2\/media?parent=11291"}],"curies":[{"name":"wp","href":"https:\/\/api.w.org\/{rel}","templated":true}]}}