{"id":11299,"date":"2020-08-05T14:41:36","date_gmt":"2020-08-05T11:41:36","guid":{"rendered":"https:\/\/hookahshop.lt\/?page_id=11299"},"modified":"2024-04-18T22:30:07","modified_gmt":"2024-04-18T19:30:07","slug":"atsiimkite-siunta-omniva-pastomatuose","status":"publish","type":"page","link":"https:\/\/hookahshop.lt\/pl\/odbior-przesylka-omniva-w-bankomatach\/","title":{"rendered":"Odbierz przesy\u0142k\u0119 w bankomatach OMNIVA!"},"content":{"rendered":"<h1>Odbierz przesy\u0142k\u0119 w bankomatach OMNIVA!<\/h1>\n<p>&nbsp;<\/p>\n<p>Aby otrzyma\u0107 towar w dogodnym dla Ciebie terminie, a tak\u017ce zap\u0142aci\u0107 mniej za dostaw\u0119 towaru, mo\u017cesz odebra\u0107 zam\u00f3wienie w najbli\u017cszym urz\u0119dzie pocztowym Omniva. Zamawiaj\u0105c towar wystarczy wybra\u0107 najbli\u017cszy urz\u0105d pocztowy Omniva. Za towary mo\u017cna p\u0142aci\u0107 w bankomatach wy\u0142\u0105cznie za pomoc\u0105 bankowych kart p\u0142atniczych.<\/p>\n<p>Odbi\u00f3r przesy\u0142ek za pomoc\u0105 automat\u00f3w pocztowych Omniva jest niezwykle szybki i wygodny. Ca\u0142a procedura jest wi\u0119cej ni\u017c prosta, wi\u0119c ka\u017cdy mo\u017ce jej u\u017cy\u0107 praktycznie bez instrukcji. Automaty pocztowe Omniva s\u0105 otwarte 24 godziny na dob\u0119, wi\u0119c mo\u017cesz odebra\u0107 towar w dogodnym dla siebie czasie.<\/p>\n<p>Wszystkie maszyny pocztowe OMNIVA dzia\u0142aj\u0105ce na Litwie:\u00a0<a href=\"https:\/\/www.omniva.lt\/verslo\/pastomatu_adresai\/vietos\" target=\"_blank\" rel=\"noopener noreferrer\">omniva.lt\/verslo\/pastomatu_adresai\/vietos<\/a><\/p>\n<div class='avia-image-container  av-styling-     avia-align-center'  itemscope=\"itemscope\" itemtype=\"https:\/\/schema.org\/ImageObject\"  ><div class='avia-image-container-inner'><img class=\"avia_image\" src=\"https:\/\/hookahshop.lt\/wp-content\/uploads\/2020\/08\/omniva-map.png\" alt=\"- hookahshop.lt\" title=\"mapa omniva\" itemprop=\"thumbnailUrl\"><\/div><\/div>\n<h2>Odbi\u00f3r przesy\u0142ek<\/h2>\n<p>Aby odebra\u0107 przesy\u0142k\u0119, nale\u017cy: wybra\u0107 j\u0119zyk, a nast\u0119pnie klikn\u0105\u0107 \u201eOdbierz przesy\u0142k\u0119\u201d i wpisa\u0107 tre\u015b\u0107 wiadomo\u015bci i \/ lub e-mail. sze\u015bciocyfrowy kod do drzwi otrzymany poczt\u0105. Po wpisaniu kodu drzwi drzwi si\u0119 otwieraj\u0105, a przesy\u0142ka jest w Twoich r\u0119kach! Oto kr\u00f3tki film pokazuj\u0105cy, jak odebra\u0107 przesy\u0142k\u0119 od Omniva<a href=\"https:\/\/www.youtube.com\/watch?v=ekB5LiJl1qA&amp;feature=youtu.be\" target=\"_blank\" rel=\"noopener\">\u00a0maszyny pocztowe<\/a>\u00a0lub pobierz instrukcj\u0119:<\/p>\n<ul>\n<li><a href=\"https:\/\/lt3.pigugroup.eu\/uploaded\/Kaip_atsiimti_siunta_be_COD_Omniva.pdf\" target=\"_blank\" rel=\"noopener\">Jak odebra\u0107 p\u0142atn\u0105 przesy\u0142k\u0119?<\/a><\/li>\n<li><a href=\"https:\/\/lt3.pigugroup.eu\/uploaded\/Kaip_atsiimti_siunta_sumokant_banko_kortele_Omniva.pdf\" target=\"_blank\" rel=\"noopener\">Jak odebra\u0107 przesy\u0142k\u0119 p\u0142ac\u0105c kart\u0105 bankow\u0105 na poczcie?<\/a><\/li>\n<\/ul>\n<h2>\u015aledzenie przesy\u0142ek online<\/h2>\n<ul>\n<li>Wszystkie przesy\u0142ki Omniva mo\u017cna \u015bledzi\u0107 online od momentu ich nadania. Je\u015bli chcesz dok\u0142adnie wiedzie\u0107, gdzie znajduj\u0105 si\u0119 Twoje przesy\u0142ki lub czekaj\u0105 na wa\u017cne przesy\u0142ki, mo\u017cesz je \u015bledzi\u0107 bezpo\u015brednio na stronie internetowej\u00a0<a href=\"https:\/\/www.omniva.lt\/\" target=\"_blank\" rel=\"noopener noreferrer\">www.omniva.lt<\/a>.<\/li>\n<\/ul>\n<h2>Wielko\u015b\u0107 partii<\/h2>\n<p>Maksymalna waga paczki Omniva to 30 kg. Przesy\u0142ka musi mie\u015bci\u0107 si\u0119 w jednym z nast\u0119puj\u0105cych pude\u0142ek:<\/p>\n<ul>\n<li>S: 9cm x 38cm x 64cm (minimalny rozmiar: 2cm x 9cm x 14cm)<\/li>\n<li>M: 19 cm x 38 cm x 64 cm<\/li>\n<li>D\u0142.: 39 cm x 38 cm x 64 cm<\/li>\n<\/ul>\n<p>Przy ka\u017cdym produkcie znajdziesz informacj\u0119, czy wybrany przez Ciebie produkt mo\u017ce zosta\u0107 dostarczony do automat\u00f3w pocztowych Omniva. Je\u015bli produkt jest ci\u0119\u017cszy ni\u017c 30 kg lub gabaryty produktu s\u0105 wi\u0119ksze ni\u017c wskazane powy\u017cej - dostawa produktu do bankomat\u00f3w Omniva nie b\u0119dzie mo\u017cliwa. Przy zamawianiu kilku towar\u00f3w ka\u017cdorazowo oblicza si\u0119, czy zmieszcz\u0105 si\u0119 one w pude\u0142ku, je\u015bli gabaryty towaru s\u0105 wi\u0119ksze ni\u017c wskazane powy\u017cej - dostawa towaru do bankomat\u00f3w Omniva nie b\u0119dzie mo\u017cliwa.<\/p>\n<h2>Cena dostawy<\/h2>\n<p>Przesy\u0142ka jest dostarczana do dowolnego urz\u0119du pocztowego Omniva na terytorium Republiki Litewskiej, na adres\u00a0<strong>\u20ac 3,99<\/strong><strong>\u00a0<\/strong>op\u0142ata. Cena dostawy do kraj\u00f3w innych ni\u017c \u0141otwa i Estonia: <strong>\u20ac 9,99<\/strong>.<\/p>\n<h2>Okres przechowywania przesy\u0142ki<\/h2>\n<p>Przesy\u0142ka jest przechowywana w terminalu paczkowym przez 7 dni kalendarzowych po naszym potwierdzeniu, \u017ce zam\u00f3wienie jest ju\u017c w terminalu Omniva i mo\u017cna je ju\u017c odebra\u0107. O nadchodz\u0105cym zam\u00f3wieniu poinformujemy Ci\u0119 telefonicznie i mailowo. za po\u015brednictwem poczty. SMS i e-mail w li\u015bcie wska\u017cemy kod drzwi poczty. Tylko za pomoc\u0105 tego kodu b\u0119dziesz m\u00f3g\u0142 odebra\u0107 paczk\u0119 z podanego urz\u0119du pocztowego. Zachowaj kod do momentu odebrania zam\u00f3wienia na poczcie. Po zako\u0144czeniu 7-dniowego okresu i bez skorzystania z us\u0142ugi \u201eOdbi\u00f3r paczek\u201d, przesy\u0142ka jest zwracana na \u201eHookahshop.lt\u201d. Nale\u017cy pami\u0119ta\u0107, \u017ce przesy\u0142ek nie mo\u017cna przekierowywa\u0107 do innego miejsca dostawy.<\/p>\n<h2>Odpowiedzialno\u015b\u0107<\/h2>\n<p>Odpowiedzialno\u015b\u0107 firmy Omniva za zgubiony lub uszkodzony towar wynosi oko\u0142o 9,38 EUR za kg (8,33 SDR * za kg). Dok\u0142adna kwota jest obliczana indywidualnie dla ka\u017cdego przypadku na podstawie SDR *.<\/p>\n<p>* Specjalne prawa ci\u0105gnienia (SDR) to jednostka rozliczeniowa Mi\u0119dzynarodowego Funduszu Walutowego, kt\u00f3ra okre\u015bla kwot\u0119 (tj. Wk\u0142ad) ka\u017cdego cz\u0142onka w kapita\u0142 funduszu. Warto\u015b\u0107 SDR opiera si\u0119 na czterech g\u0142\u00f3wnych walutach: dolarach ameryka\u0144skich, euro, jenach japo\u0144skich i funtach brytyjskich.<\/p>\n<h2>W przypadku pyta\u0144 prosimy o kontakt z konsultantami Hookahshop.lt<\/h2>\n<p>W opisie ka\u017cdego produktu wskazany jest wst\u0119pny termin dostawy tego produktu, kt\u00f3ry liczony jest od momentu potwierdzenia zam\u00f3wienia, czyli momentu weryfikacji zam\u00f3wienia i otrzymania p\u0142atno\u015bci za towar (z wyj\u0105tkiem zam\u00f3wie\u0144, w przypadku kt\u00f3rych p\u0142atno\u015b\u0107 nast\u0119puje got\u00f3wk\u0105 jest zaznaczona). O potwierdzeniu i rozpocz\u0119ciu realizacji zam\u00f3wienia niezw\u0142ocznie poinformujemy Ci\u0119 e-mailem, a tak\u017ce podamy planowany termin dostawy zam\u00f3wienia. Termin dostawy mo\u017ce ulec przesuni\u0119ciu w przypadkach przewidzianych w Regulaminie kupna i sprzeda\u017cy. Je\u017celi termin dostawy produktu Ci nie odpowiada, skontaktuj si\u0119 mailowo z konsultantami Hookahshop.lt. poczt\u0105 <a href=\"mailto:hookahshoplt@gmail.com\">hookahshoplt@gmail.com<\/a> lub telefonicznie <a href=\"tel:+370 6922 6633\">+370 6922 6633<\/a>.<\/p>","protected":false},"excerpt":{"rendered":"<p>Odbierz paczk\u0119 w automatach pocztowych OMNIVA!  Aby otrzyma\u0107 towar w dogodnym dla Ciebie terminie, a tak\u017ce zap\u0142aci\u0107 mniej za dostaw\u0119 towaru, mo\u017cesz odebra\u0107 swoje zam\u00f3wienie w najbli\u017cszym urz\u0119dzie pocztowym Omniva. Zamawiaj\u0105c towar wystarczy wybra\u0107 najbli\u017cszy automat pocztowy Omniva. P\u0142atno\u015bci za towary w automatach pocztowych mo\u017cna dokona\u0107 wy\u0142\u0105cznie bankowymi kartami p\u0142atniczymi. Odbi\u00f3r przesy\u0142ek przy u\u017cyciu maszyn pocztowych Omniva jest niezwykle [...]<\/p>","protected":false},"author":1,"featured_media":0,"parent":0,"menu_order":0,"comment_status":"closed","ping_status":"closed","template":"","meta":[],"_links":{"self":[{"href":"https:\/\/hookahshop.lt\/pl\/wp-json\/wp\/v2\/pages\/11299"}],"collection":[{"href":"https:\/\/hookahshop.lt\/pl\/wp-json\/wp\/v2\/pages"}],"about":[{"href":"https:\/\/hookahshop.lt\/pl\/wp-json\/wp\/v2\/types\/page"}],"author":[{"embeddable":true,"href":"https:\/\/hookahshop.lt\/pl\/wp-json\/wp\/v2\/users\/1"}],"replies":[{"embeddable":true,"href":"https:\/\/hookahshop.lt\/pl\/wp-json\/wp\/v2\/comments?post=11299"}],"version-history":[{"count":5,"href":"https:\/\/hookahshop.lt\/pl\/wp-json\/wp\/v2\/pages\/11299\/revisions"}],"predecessor-version":[{"id":39229,"href":"https:\/\/hookahshop.lt\/pl\/wp-json\/wp\/v2\/pages\/11299\/revisions\/39229"}],"wp:attachment":[{"href":"https:\/\/hookahshop.lt\/pl\/wp-json\/wp\/v2\/media?parent=11299"}],"curies":[{"name":"wp","href":"https:\/\/api.w.org\/{rel}","templated":true}]}}