{"id":1194,"date":"2020-03-25T11:25:40","date_gmt":"2020-03-25T09:25:40","guid":{"rendered":"http:\/\/hookahshop.lt\/?page_id=1194"},"modified":"2021-10-30T15:31:07","modified_gmt":"2021-10-30T12:31:07","slug":"privatumo-politika","status":"publish","type":"page","link":"https:\/\/hookahshop.lt\/pl\/polityka-prywatnosci\/","title":{"rendered":"Polityka prywatno\u015bci"},"content":{"rendered":"<h1 style=\"text-align: center;\">Polityka prywatno\u015bci<\/h1>\n<p><em>Inne strony:<\/em><\/p>\n<p><a href=\"https:\/\/hookahshop.lt\/pl\/palenie-szkody-dla-organizmu-ludzkiego\/\">LUDZKA ORGANIZACJA PALENIA<\/a><\/p>\n<p><a href=\"https:\/\/hookahshop.lt\/pl\/upiekszanie-i-naprawa-gwarancyjna\/\">ZWROT I NAPRAWA GWARANCYJNA<\/a><\/p>\n<p><a href=\"https:\/\/hookahshop.lt\/pl\/warunki-zakupu\/\">ZASADY ZAKUPU I SPRZEDA\u017bY TOWAR\u00d3W W SKLEPIE ELEKTRONICZNYM \u201eHOOKAHSHOP.LT\u201d<\/a><\/p>\n<p><strong>informacje og\u00f3lne<\/strong><\/p>\n<p>Hookahshop.lt szanuje prywatno\u015b\u0107 swoich Go\u015bci i Kupuj\u0105cych, dlatego gwarantujemy, \u017ce informacje podane przez Ciebie w tym sklepie internetowym s\u0105 wykorzystywane i bezpieczne. Prosimy jednak o zapoznanie si\u0119 z tymi zasadami przed z\u0142o\u017ceniem zam\u00f3wienia, aby unikn\u0105\u0107 przysz\u0142ych nieporozumie\u0144.<\/p>\n<p>Hookahshop.lt zastrzega sobie prawo do zmiany niniejszego Regulaminu w dowolnym momencie, w zwi\u0105zku z czym za ka\u017cdym razem, gdy korzystasz z tej witryny, musisz go ponownie przeczyta\u0107. Korzystaj\u0105c z us\u0142ug \u015bwiadczonych przez ten e-sklep, potwierdzasz, \u017ce zgadzasz si\u0119 na przestrzeganie niniejszego regulaminu<\/p>\n<p><strong>Zebrane informacje<\/strong><\/p>\n<p>Wszyscy nasi Kupuj\u0105cy s\u0105 r\u00f3wnie wa\u017cni! Jednak informacje takie jak imi\u0119 i nazwisko, adres, adres e-mail, numer telefonu s\u0105 nam niezb\u0119dne, aby\u015bmy mogli potwierdzi\u0107 Twoje zam\u00f3wienie oraz przygotowa\u0107 i dostarczy\u0107 je na czas pod w\u0142a\u015bciwy adres.<\/p>\n<p>Nie tworzymy \u017cadnych list klient\u00f3w ani nie przekazujemy ich stronom trzecim, kt\u00f3re nie s\u0105 zaanga\u017cowane w Twoje zam\u00f3wienie. Twoje zebrane dane osobowe pozostaj\u0105 u nas. U\u017cywamy tych informacji w celu \u015bwiadczenia us\u0142ug, ich wspierania - dostarczania Pa\u0144stwu towar\u00f3w, kontaktowania si\u0119 z Pa\u0144stwem w sprawie zam\u00f3wie\u0144 lub innych spraw, dostarczania wiadomo\u015bci, wystawiania faktur VAT itp.<\/p>\n<p>Nie udost\u0119pniamy Twoich danych osobowych firmom ani osobom fizycznym, z wyj\u0105tkiem przypadk\u00f3w okre\u015blonych w niniejszym dokumencie. W celu wykonania pewnych niezb\u0119dnych czynno\u015bci - dostarczenia zam\u00f3wie\u0144, potr\u0105cenia p\u0142atno\u015bci kart\u0105 kredytow\u0105 (np. Mok\u0117jimai.lt). Wszystkie dane osobowe Kupuj\u0105cego s\u0105 przetwarzane zgodnie z obowi\u0105zuj\u0105cymi przepisami prawa. Bez Twojej zgody Twoje dane osobowe nie b\u0119d\u0105 wykorzystywane do cel\u00f3w innych ni\u017c wymienione, chyba \u017ce wymagaj\u0105 tego obowi\u0105zuj\u0105ce przepisy prawa.<\/p>\n<p>Przekazuj\u0105c nam swoje dane osobowe, Kupuj\u0105cy wyra\u017ca zgod\u0119 na gromadzenie, wykorzystywanie i ujawnianie danych osobowych w celach wymienionych powy\u017cej.<\/p>\n<p><strong>Ochrona danych<\/strong><\/p>\n<p>Sklep internetowy Hookahshop.lt dok\u0142ada wszelkich stara\u0144, aby Twoje dane osobowe by\u0142y bezpieczne. Hookahshop.lt zawsze stara si\u0119 chroni\u0107 informacje przed nieautoryzowanym dost\u0119pem, nieautoryzowan\u0105 zmian\u0105, ujawnieniem lub zniszczeniem.<\/p>\n<p>Pami\u0119taj, \u017ce nigdy nie prosimy o podanie has\u0142a w e-mailach. Kupuj\u0105cy jest odpowiedzialny za poufno\u015b\u0107 danych swojego konta i has\u0142a. Wszystkie inne Twoje dane osobowe s\u0105 przechowywane, podejmujemy odpowiednie \u015brodki fizyczne, elektroniczne i zarz\u0105dcze, aby chroni\u0107 gromadzone przez nas informacje.<\/p>\n<p><strong>Zmiany w Polityce prywatno\u015bci<\/strong><\/p>\n<p>Hookahshop.lt zastrzega sobie prawo do zmiany niniejszej polityki prywatno\u015bci. Dalsze korzystanie z naszej strony internetowej oznacza przestrzeganie tych zasad. Wszelkie nieporozumienia i spory b\u0119d\u0105 rozstrzygane w drodze negocjacji. W przypadku braku porozumienia spory b\u0119d\u0105 rozstrzygane zgodnie z prawem Republiki Litewskiej.<\/p>","protected":false},"excerpt":{"rendered":"<p>Polityka prywatno\u015bci Pozosta\u0142e strony: SZKODY NA ORGANIZMIE LUDZKIM WYNIKAJ\u0104CE Z PALENIA ORGANIZMU LUDZKIEGO ZWROT I NAPRAWA GWARANCYJNA ZASADY ZAKUP\u00d3W \u2013 SPRZEDA\u017b TOWAR\u00d3W W SKLEPIE ELEKTRONICZNYM \u201eHOOKAHSHOP.LT\u201d Informacje og\u00f3lne Hookahshop.lt szanuje prywatno\u015b\u0107 swoich Odwiedzaj\u0105cych i Kupuj\u0105cych, dlatego gwarantujemy, \u017ce podane przez Ciebie informacje s\u0105 bezpiecznie wykorzystywane i przechowywane w tym sklepie internetowym. Prosimy jednak o zapoznanie si\u0119 z niniejszym regulaminem przed z\u0142o\u017ceniem zam\u00f3wienia, aby unikn\u0105\u0107 p\u00f3\u017aniejszych nieporozumie\u0144. Hookahshop.lt zastrzega sobie [...]<\/p>","protected":false},"author":1,"featured_media":961,"parent":0,"menu_order":0,"comment_status":"closed","ping_status":"closed","template":"","meta":[],"_links":{"self":[{"href":"https:\/\/hookahshop.lt\/pl\/wp-json\/wp\/v2\/pages\/1194"}],"collection":[{"href":"https:\/\/hookahshop.lt\/pl\/wp-json\/wp\/v2\/pages"}],"about":[{"href":"https:\/\/hookahshop.lt\/pl\/wp-json\/wp\/v2\/types\/page"}],"author":[{"embeddable":true,"href":"https:\/\/hookahshop.lt\/pl\/wp-json\/wp\/v2\/users\/1"}],"replies":[{"embeddable":true,"href":"https:\/\/hookahshop.lt\/pl\/wp-json\/wp\/v2\/comments?post=1194"}],"version-history":[{"count":2,"href":"https:\/\/hookahshop.lt\/pl\/wp-json\/wp\/v2\/pages\/1194\/revisions"}],"predecessor-version":[{"id":29005,"href":"https:\/\/hookahshop.lt\/pl\/wp-json\/wp\/v2\/pages\/1194\/revisions\/29005"}],"wp:featuredmedia":[{"embeddable":true,"href":"https:\/\/hookahshop.lt\/pl\/wp-json\/wp\/v2\/media\/961"}],"wp:attachment":[{"href":"https:\/\/hookahshop.lt\/pl\/wp-json\/wp\/v2\/media?parent=1194"}],"curies":[{"name":"wp","href":"https:\/\/api.w.org\/{rel}","templated":true}]}}