{"id":14387,"date":"2020-11-17T13:29:24","date_gmt":"2020-11-17T11:29:24","guid":{"rendered":"https:\/\/hookahshop.lt\/?page_id=14387"},"modified":"2024-04-17T23:27:06","modified_gmt":"2024-04-17T20:27:06","slug":"kaljano-nuoma","status":"publish","type":"page","link":"https:\/\/hookahshop.lt\/pl\/wypozyczenie-fajki-wodnej\/","title":{"rendered":"Wynajem fajki wodnej"},"content":{"rendered":"<\/div><\/div><\/div><!-- close content main div --><\/div><\/div><div id='av_section_1' class='avia-section main_color avia-section-default avia-no-shadow avia-full-stretch av-section-color-overlay-active avia-bg-style-fixed    container_wrap sidebar_right' style = 'background-repeat: no-repeat; background-image: url(https:\/\/hookahshop.lt\/wp-content\/uploads\/2020\/11\/kaljanu-nuoma-vilniuje-scaled.jpg); background-attachment: fixed; background-position: center center; ' data-section-bg-repeat='stretch' ><div class='av-section-color-overlay-wrap'><div class='av-section-color-overlay' style='opacity: 0.6; background-color: #0c0c0c; '><\/div><div class='container' ><div class='template-page content  av-content-small alpha units'><div class='post-entry post-entry-type-page post-entry-14387'><div class='entry-content-wrapper clearfix'>\n<div style='padding-bottom:30px;color:#ffffff;font-size:60px;' class='av-special-heading av-special-heading-h1 custom-color-heading blockquote modern-quote modern-centered   av-inherit-size'><h1 class='av-special-heading-tag'  itemprop=\"headline\"  >KALJANO DO WYNAJ\u0118CIA W WILNIE<\/h1><div class='special-heading-border'><div class='special-heading-inner-border' style='border-color:#ffffff'><\/div><\/div><\/div>\n<\/div><\/div><\/div><!-- close content main div --><\/div><\/div><\/div><div id='after_section_1' class='main_color av_default_container_wrap container_wrap sidebar_right'   ><div class='container' ><div class='template-page content  av-content-small alpha units'><div class='post-entry post-entry-type-page post-entry-14387'><div class='entry-content-wrapper clearfix'>\n<section class=\"av_textblock_section\"  itemscope=\"itemscope\" itemtype=\"https:\/\/schema.org\/CreativeWork\" ><div class='avia_textblock'   itemprop=\"text\" ><p>Planujesz imprez\u0119, wycieczk\u0119 lub po prostu spokojny wiecz\u00f3r w domu? Szukasz oryginalnego prezentu dla m\u0119\u017cczyzny lub przyjaciela? A mo\u017ce po prostu chcesz spr\u00f3bowa\u0107 czego\u015b nowego lub zrelaksowa\u0107 si\u0119 i cieszy\u0107 si\u0119 sesj\u0105 fajki wodnej? By\u0107 mo\u017ce planujesz zakup fajki wodnej, ale wcze\u015bniej chcia\u0142by\u015b wypr\u00f3bowa\u0107 nasze fajki wodne i ich akcesoria? HookahGO ma dla Ciebie ofert\u0119 - wynajem fajki wodnej w rejonie Wilna i Wilna. R\u00f3wnie\u017c kr\u00f3tkoterminowy wynajem fajki wodnej i jej akcesori\u00f3w.<\/p>\n<p>HookahGO oferuje szeroki wyb\u00f3r modeli fajki wodnej, r\u00f3\u017cne akcesoria i akcesoria do fajki wodnej, kt\u00f3re zapewni\u0105 wysokiej jako\u015bci smak i zapach. Dobry dym i dobra cena wynajmu to nasz priorytet!<\/p>\n<p>Szukasz wypo\u017cyczalni fajki wodnej na uroczysto\u015b\u0107 lub wydarzenie? Oferty znajdziesz na tej stronie: <span style=\"color: #993300;\"><a style=\"color: #993300;\" href=\"https:\/\/hookahshop.lt\/pl\/shisha-na-impreze-lub-wydarzenie\/\">Fajka wodna na uroczysto\u015b\u0107 lub wydarzenie<\/a><\/span><\/p>\n<p>Mo\u017cesz poprosi\u0107 o wypo\u017cyczenie fajki wodnej\u00a0<a href=\"https:\/\/hookahshop.lt\/pl\/lacznosc\/\">\u0141\u0105czno\u015b\u0107<\/a>\u00a0kolumna. Wi\u0119cej informacji znajdziesz na naszym koncie na Facebooku\u00a0<a href=\"https:\/\/www.facebook.com\/kaljanunuoma\/\" target=\"_blank\" rel=\"noopener\">Hookahgo.lt<\/a>\u00a0lub telefonicznie <a href=\"tel:+37069226633\">+370 69226633<\/a>.<\/p>\n<\/div><\/section>\n<div style='height:25px' class='hr hr-invisible'><span class='hr-inner' ><span class='hr-inner-style'><\/span><\/span><\/div>\n<section class=\"avia_codeblock_section  avia_code_block_0\"  itemscope=\"itemscope\" itemtype=\"https:\/\/schema.org\/CreativeWork\" ><div class='avia_codeblock'  itemprop=\"text\" > [avia_codeblock_placeholder uid=&quot;0&quot;] <\/div><\/section>\n<div  data-autoplay='1'  data-interval='5'  data-animation='fade'  data-hoverpause='1'  class='avia-testimonial-wrapper avia-slider-testimonials avia-slider-2-testimonials avia_animate_when_almost_visible'>\n<section class ='avia-testimonial-row'><div class='avia-testimonial av_one_half flex_column no_margin avia-testimonial-row-1 avia-first-testimonial'  itemscope=\"itemscope\" itemtype=\"https:\/\/schema.org\/Person\" ><div class='avia-testimonial_inner'><div class='avia-testimonial-content'    itemscope=\"itemscope\" itemtype=\"https:\/\/schema.org\/CreativeWork\" ><div class=\"t396__elem tn-elem tn-elem__2247811751598626121594\" data-elem-id=\"1598626121594\" data-elem-type=\"text\" data-field-top-value=\"180\" data-field-top-res-320-value=\"95\" data-field-left-value=\"90\" data-field-left-res-320-value=\"30\" data-field-width-value=\"1130\" data-field-width-res-320-value=\"270\" data-field-axisy-value=\"top\" data-field-axisx-value=\"left\" data-field-container-value=\"grid\" data-field-topunits-value=\"\" data-field-leftunits-value=\"\" data-field-heightunits-value=\"\" data-field-widthunits-value=\"\" data-fields=\"top,left,width,container,axisx,axisy,widthunits,leftunits,topunits\">\n<ul>\n<li>Aby odebra\u0107 fajk\u0119 wodn\u0105 do wynaj\u0119cia, nale\u017cy przyjecha\u0107 pod wskazany adres w Wilnie - ul. AJ Povilai\u010dio. 14 \/ ulica Kedr\u0173 3 \/. Nie wysy\u0142amy wypo\u017cyczonych zestaw\u00f3w poczt\u0105, automatem pocztowym ani za po\u015brednictwem firm kurierskich.<\/li>\n<li>Podczas odbioru wypo\u017cyczonej fajki wodnej podpisywana jest umowa najmu i wp\u0142acany jest kaucja lub dokument (prawo jazdy lub ksi\u0105\u017ceczka paszportowa).<\/li>\n<li>Pe\u0142na kwota kaucji jest zwracana Najemcy w przypadku zwrotu fajki wodnej i akcesori\u00f3w znajduj\u0105cych si\u0119 w zestawie w stanie oryginalnym, nieuszkodzonym.<\/li>\n<li>Je\u015bli fajka lub jakiekolwiek akcesorium zawarte w zestawie zostanie zwr\u00f3cone jako uszkodzone lub uszkodzone, kwota zostanie potr\u0105cona z kaucji zwr\u00f3conej najemcy, w zale\u017cno\u015bci od wysoko\u015bci szk\u00f3d.<\/li>\n<\/ul>\n<\/div>\n<\/div><div class='avia-testimonial-meta'><div class='avia-testimonial-arrow-wrap'><div class='avia-arrow'><\/div><\/div><div class='avia-testimonial-meta-mini'><\/div><\/div><\/div><\/div>\n<\/section><\/div>\n<\/div><\/div><\/div><!-- close content main div --><\/div><\/div><div id='av_section_2' class='avia-section main_color avia-section-default avia-no-shadow avia-full-stretch av-section-color-overlay-active avia-bg-style-scroll    container_wrap sidebar_right' style = 'background-repeat: no-repeat; background-image: url(https:\/\/hookahshop.lt\/wp-content\/uploads\/2020\/11\/FT108751-2.jpg); background-attachment: scroll; background-position: center center; ' data-section-bg-repeat='stretch' ><div class='av-section-color-overlay-wrap'><div class='av-section-color-overlay' style='opacity: 0.7; background-color: #0c0c0c; '><\/div><div class='container' ><div class='template-page content  av-content-small alpha units'><div class='post-entry post-entry-type-page post-entry-14387'><div class='entry-content-wrapper clearfix'>\n<div class=\"flex_column av_two_fifth  flex_column_div av-zero-column-padding first\" style='border-radius:0px; '><p><div style='padding-bottom:10px;color:#ffffff;' class='av-special-heading av-special-heading-h2 custom-color-heading blockquote modern-quote'><h2 class='av-special-heading-tag'  itemprop=\"headline\"  >Ceny wynajmu fajki wodnej<\/h2><div class='special-heading-border'><div class='special-heading-inner-border' style='border-color:#ffffff'><\/div><\/div><\/div><br \/>\n<div class='avia-icon-list-container'><ul class='avia-icon-list avia-icon-list-left av-iconlist-big avia_animate_when_almost_visible'>\n<li><div  style='background-color:#303030; border:1px solid #303030; color:#ffffff; ' class='iconlist_icon  avia-font-entypo-fontello'><span class='iconlist-char' aria-hidden='true' data-av_icon='\ue809' data-av_iconfont='entypo-fontello'><\/span><\/div><article class=\"article-icon-entry\"  itemscope=\"itemscope\" itemtype=\"https:\/\/schema.org\/CreativeWork\" ><div class='iconlist_content_wrap'><header class=\"entry-content-header\"><h4 class='av_iconlist_title iconlist_title av_inherit_color'  itemprop=\"headline\"   style='color:#ffffff; '>1-3 dni<\/h4><\/header><div class='iconlist_content av_inherit_color'  itemprop=\"text\"   style='color:#ededed; '><p>30 \u20ac\/dzie\u0144<\/p>\n<\/div><\/div><footer class=\"entry-footer\"><\/footer><\/article><div class='iconlist-timeline'><\/div><\/li>\n<li><div  style='background-color:#303030; border:1px solid #303030; color:#ffffff; ' class='iconlist_icon  avia-font-entypo-fontello'><span class='iconlist-char' aria-hidden='true' data-av_icon='\ue809' data-av_iconfont='entypo-fontello'><\/span><\/div><article class=\"article-icon-entry\"  itemscope=\"itemscope\" itemtype=\"https:\/\/schema.org\/CreativeWork\" ><div class='iconlist_content_wrap'><header class=\"entry-content-header\"><h4 class='av_iconlist_title iconlist_title av_inherit_color'  itemprop=\"headline\"   style='color:#ffffff; '>3-5 dni<\/h4><\/header><div class='iconlist_content av_inherit_color'  itemprop=\"text\"   style='color:#ededed; '><p>29 \u20ac\/dzie\u0144<\/p>\n<\/div><\/div><footer class=\"entry-footer\"><\/footer><\/article><div class='iconlist-timeline'><\/div><\/li>\n<li><div  style='background-color:#303030; border:1px solid #303030; color:#ffffff; ' class='iconlist_icon  avia-font-entypo-fontello'><span class='iconlist-char' aria-hidden='true' data-av_icon='\ue809' data-av_iconfont='entypo-fontello'><\/span><\/div><article class=\"article-icon-entry\"  itemscope=\"itemscope\" itemtype=\"https:\/\/schema.org\/CreativeWork\" ><div class='iconlist_content_wrap'><header class=\"entry-content-header\"><h4 class='av_iconlist_title iconlist_title av_inherit_color'  itemprop=\"headline\"   style='color:#ffffff; '>5 dni i wi\u0119cej<\/h4><\/header><div class='iconlist_content av_inherit_color'  itemprop=\"text\"   style='color:#ededed; '><p>28\u20ac\/dzie\u0144<\/p>\n<\/div><\/div><footer class=\"entry-footer\"><\/footer><\/article><div class='iconlist-timeline'><\/div><\/li>\n<li><div  style='background-color:#303030; border:1px solid #303030; color:#ffffff; ' class='iconlist_icon  avia-font-entypo-fontello'><span class='iconlist-char' aria-hidden='true' data-av_icon='\ue809' data-av_iconfont='entypo-fontello'><\/span><\/div><article class=\"article-icon-entry\"  itemscope=\"itemscope\" itemtype=\"https:\/\/schema.org\/CreativeWork\" ><div class='iconlist_content_wrap'><header class=\"entry-content-header\"><h4 class='av_iconlist_title iconlist_title av_inherit_color'  itemprop=\"headline\"   style='color:#ffffff; '>Kaucja<\/h4><\/header><div class='iconlist_content av_inherit_color'  itemprop=\"text\"   style='color:#ededed; '><p>100 \u20ac lub dow\u00f3d to\u017csamo\u015bci<\/p>\n<\/div><\/div><footer class=\"entry-footer\"><\/footer><\/article><div class='iconlist-timeline'><\/div><\/li>\n<\/ul><\/div><\/p><\/div><div class=\"flex_column av_three_fifth  flex_column_div av-zero-column-padding\" style='border-radius:0px; '><section class=\"avia_codeblock_section  avia_code_block_1\"  itemscope=\"itemscope\" itemtype=\"https:\/\/schema.org\/CreativeWork\" ><div class='avia_codeblock'  itemprop=\"text\" > [avia_codeblock_placeholder uid=&quot;1&quot;] <\/div><\/section><\/div>\n<\/div><\/div><\/div><!-- close content main div --><\/div><\/div><\/div><div id='after_section_2' class='main_color av_default_container_wrap container_wrap sidebar_right'   ><div class='container' ><div class='template-page content  av-content-small alpha units'><div class='post-entry post-entry-type-page post-entry-14387'><div class='entry-content-wrapper clearfix'>\n<div style='padding-bottom:10px;' class='av-special-heading av-special-heading-h2  blockquote modern-quote'><h2 class='av-special-heading-tag'  itemprop=\"headline\"  >Zestaw do wypo\u017cyczenia fajki wodnej<\/h2><div class='special-heading-border'><div class='special-heading-inner-border' ><\/div><\/div><\/div>\n<div class=\"tabcontainer   top_tab\">\n\n<section class=\"av_tab_section\"  itemscope=\"itemscope\" itemtype=\"https:\/\/schema.org\/CreativeWork\" >    <div data-fake-id=\"#tab-id-1\" class=\"tab active_tab\"  itemprop=\"headline\" ><span class='tab_icon' aria-hidden='true' data-av_icon='\ue8a5' data-av_iconfont='entypo-fontello'><\/span>Zestaw do wypo\u017cyczenia fajki wodnej<\/div>\n    <div id=\"tab-id-1-container\" class=\"tab_content active_tab_content\">\n        <div class=\"tab_inner_content invers-color\"  itemprop=\"text\" >\n<ul>\n<li class=\"tn-atom\">Szisza (mamy r\u00f3\u017cne wzory);<\/li>\n<li class=\"tn-atom\">Kolba (przezroczysta, aby pokaza\u0107 poziom wody);<\/li>\n<li class=\"tn-atom\">W\u0105\u017c (czarny silikon);<\/li>\n<li class=\"tn-atom\">Puchar (do wyboru r\u00f3\u017cne typy: turecki, zab\u00f3jca lub phunnel);<\/li>\n<li class=\"tn-atom\">P\u0142yta grzewcza lub kuchenka kempingowa (do rozpalania w\u0119gla drzewnego w domu lub na zewn\u0105trz);<\/li>\n<li class=\"tn-atom\">W\u0119giel 8 szt. (naturalny w\u0119giel kokosowy);<\/li>\n<li>komora grzewcza;<\/li>\n<li class=\"tn-atom\">Kleszcze;<\/li>\n<li>Ustniki jednorazowe;<\/li>\n<li class=\"tn-atom\">Pude\u0142ko do transportu.<\/li>\n<\/ul>\n\n        <\/div>\n    <\/div>\n<\/section>\n\n<section class=\"av_tab_section\"  itemscope=\"itemscope\" itemtype=\"https:\/\/schema.org\/CreativeWork\" >    <div data-fake-id=\"#tab-id-2\" class=\"tab\"  itemprop=\"headline\" ><span class='tab_icon' aria-hidden='true' data-av_icon='\ue82b' data-av_iconfont='entypo-fontello'><\/span>Dlaczego wypo\u017cyczenie fajki wodnej jest przydatne?<\/div>\n    <div id=\"tab-id-2-container\" class=\"tab_content\">\n        <div class=\"tab_inner_content invers-color\"  itemprop=\"text\" >\n<div id=\"rec224781176\" class=\"r t-rec\" data-animationappear=\"off\" data-record-type=\"396\">\n<div class=\"t396\">\n<div class=\"t396__artboard rendered\" data-artboard-recid=\"224781176\" data-artboard-height=\"710\" data-artboard-height-res-320=\"670\" data-artboard-height_vh=\"\" data-artboard-valign=\"center\" data-artboard-ovrflw=\"\" data-artboard-proxy-min-offset-top=\"0\" data-artboard-proxy-min-height=\"710\" data-artboard-proxy-max-height=\"710\">\n<div class=\"t396__elem tn-elem tn-elem__2247811761470209944682\" data-elem-id=\"1470209944682\" data-elem-type=\"text\" data-field-top-value=\"60\" data-field-top-res-320-value=\"25\" data-field-left-value=\"20\" data-field-left-res-320-value=\"10\" data-field-width-value=\"1230\" data-field-width-res-320-value=\"320\" data-field-axisy-value=\"top\" data-field-axisx-value=\"left\" data-field-container-value=\"grid\" data-field-topunits-value=\"\" data-field-leftunits-value=\"\" data-field-heightunits-value=\"\" data-field-widthunits-value=\"\" data-fields=\"top,left,width,container,axisx,axisy,widthunits,leftunits,topunits\">\n<div>Wypo\u017cyczenie fajki wodnej to \u015bwietne rozwi\u0105zanie, je\u015bli chcesz spr\u00f3bowa\u0107 fajki wodnej lub po prostu chcesz cieszy\u0107 si\u0119 fajk\u0105 wodn\u0105, korzystaj\u0105c z wypo\u017cyczalni fajki wodnej.<\/div>\n<div class=\"tn-atom\">Wynajem fajki wodnej to \u015bwietne rozwi\u0105zanie na imprez\u0119, romantyczn\u0105 randk\u0119 lub relaks w samotno\u015bci po ca\u0142ym dniu pracy.<\/div>\n<\/div>\n<div class=\"t396__elem tn-elem tn-elem__2247811761470233923389\" data-elem-id=\"1470233923389\" data-elem-type=\"text\" data-field-top-value=\"175\" data-field-top-res-320-value=\"160\" data-field-left-value=\"20\" data-field-left-res-320-value=\"10\" data-field-width-value=\"1130\" data-field-width-res-320-value=\"300\" data-field-axisy-value=\"top\" data-field-axisx-value=\"left\" data-field-container-value=\"grid\" data-field-topunits-value=\"\" data-field-leftunits-value=\"\" data-field-heightunits-value=\"\" data-field-widthunits-value=\"\" data-fields=\"top,left,width,container,axisx,axisy,widthunits,leftunits,topunits\">\n<div class=\"tn-atom\">Produkt wysokiej jako\u015bci jest do\u015b\u0107 drogi. Nie musisz kupowa\u0107 taniego i niskiej jako\u015bci urz\u0105dzenia, je\u015bli mo\u017cesz po prostu wypo\u017cyczy\u0107 ca\u0142y zestaw i cieszy\u0107 si\u0119 sesj\u0105 bez obaw.<br \/>\nPonadto ta us\u0142uga jest wygodna, je\u015bli przestrze\u0144 \u017cyciowa jest ograniczona, poniewa\u017c fajka wodna nie jest stale u\u017cywana, a przez reszt\u0119 czasu zajmuje tylko miejsce w domu.<br \/>\nUs\u0142uga ta pozwala r\u00f3wnie\u017c wypr\u00f3bowa\u0107 r\u00f3\u017cne fajki wodne i pom\u00f3c w podj\u0119ciu decyzji o ewentualnym zakupie urz\u0105dzenia w przysz\u0142o\u015bci.<br \/>\nOtrzymujesz pe\u0142ny zestaw w przyst\u0119pnej cenie i korzystasz z niego, a gdy ju\u017c nie potrzebujesz urz\u0105dzenia, po prostu je do nas zwracasz.<\/div>\n<\/div>\n<\/div>\n<\/div>\n<\/div>\n\n        <\/div>\n    <\/div>\n<\/section>\n\n<section class=\"av_tab_section\"  itemscope=\"itemscope\" itemtype=\"https:\/\/schema.org\/CreativeWork\" >    <div data-fake-id=\"#tab-id-3\" class=\"tab\"  itemprop=\"headline\" ><span class='tab_icon' aria-hidden='true' data-av_icon='\ue842' data-av_iconfont='entypo-fontello'><\/span>Wynajem fajki wodnej w Wilnie - gdzie i jak wypo\u017cyczy\u0107?<\/div>\n    <div id=\"tab-id-3-container\" class=\"tab_content\">\n        <div class=\"tab_inner_content invers-color\"  itemprop=\"text\" >\n<div class=\"t396__elem tn-elem tn-elem__2247811781470209944682\" data-elem-id=\"1470209944682\" data-elem-type=\"text\" data-field-top-value=\"60\" data-field-top-res-320-value=\"19\" data-field-left-value=\"20\" data-field-left-res-320-value=\"10\" data-field-width-value=\"1230\" data-field-width-res-320-value=\"320\" data-field-axisy-value=\"top\" data-field-axisx-value=\"left\" data-field-container-value=\"grid\" data-field-topunits-value=\"\" data-field-leftunits-value=\"\" data-field-heightunits-value=\"\" data-field-widthunits-value=\"\" data-fields=\"top,left,width,container,axisx,axisy,widthunits,leftunits,topunits\">\n<div><strong>Skontaktuj si\u0119 z nami<\/strong> za wypo\u017cyczenie fajki wodnej mo\u017cesz:<\/div>\n<ul>\n<li>Po skorzystaniu ze specjalnego formularza w sekcji - \u201e<a href=\"https:\/\/hookahshop.lt\/pl\/lacznosc\/\">\u0141\u0105czno\u015b\u0107<\/a>&#8222;.<\/li>\n<li>Dzwoni\u0119 - <a href=\"tel:+37069226633\">+37069226633<\/a><\/li>\n<\/ul>\n<div><\/div>\n<div class=\"tn-atom\"><b>Wynajem<\/b> Zestaw fajki wodnej mo\u017cna kupi\u0107 w:<\/div>\n<\/div>\n<div class=\"t396__elem tn-elem tn-elem__2247811781598628080464\" data-elem-id=\"1598628080464\" data-elem-type=\"text\" data-field-top-value=\"220\" data-field-top-res-320-value=\"203\" data-field-left-value=\"20\" data-field-left-res-320-value=\"10\" data-field-width-value=\"1130\" data-field-width-res-320-value=\"300\" data-field-axisy-value=\"top\" data-field-axisx-value=\"left\" data-field-container-value=\"grid\" data-field-topunits-value=\"\" data-field-leftunits-value=\"\" data-field-heightunits-value=\"\" data-field-widthunits-value=\"\" data-fields=\"top,left,width,container,axisx,axisy,widthunits,leftunits,topunits\">\n<div class=\"tn-atom\">Wilno: AJ Povila\u010dio ul. 14.<\/div>\n<div class=\"tn-atom\">Wilno: ul.Kedr\u0173 3<\/div>\n<div><\/div>\n<div><\/div>\n<div class=\"tn-atom\"><strong>Powr\u00f3t<\/strong> zestaw fajki wodnej jest niezb\u0119dny do tego samego miejsca, z kt\u00f3rego go odebra\u0142e\u015b.<\/div>\n<\/div>\n\n        <\/div>\n    <\/div>\n<\/section>\n\n<section class=\"av_tab_section\"  itemscope=\"itemscope\" itemtype=\"https:\/\/schema.org\/CreativeWork\" >    <div data-fake-id=\"#tab-id-4\" class=\"tab\"  itemprop=\"headline\" ><span class='tab_icon' aria-hidden='true' data-av_icon='\ue842' data-av_iconfont='entypo-fontello'><\/span>Szisza do wynaj\u0119cia w Kownie<\/div>\n    <div id=\"tab-id-4-container\" class=\"tab_content\">\n        <div class=\"tab_inner_content invers-color\"  itemprop=\"text\" >\n<div class=\"t396__elem tn-elem tn-elem__2247811781470209944682\" data-elem-id=\"1470209944682\" data-elem-type=\"text\" data-field-top-value=\"60\" data-field-top-res-320-value=\"19\" data-field-left-value=\"20\" data-field-left-res-320-value=\"10\" data-field-width-value=\"1230\" data-field-width-res-320-value=\"320\" data-field-axisy-value=\"top\" data-field-axisx-value=\"left\" data-field-container-value=\"grid\" data-field-topunits-value=\"\" data-field-leftunits-value=\"\" data-field-heightunits-value=\"\" data-field-widthunits-value=\"\" data-fields=\"top,left,width,container,axisx,axisy,widthunits,leftunits,topunits\">\n<div><strong>Skontaktuj si\u0119 z nami<\/strong> za wypo\u017cyczenie fajki wodnej mo\u017cesz:<\/div>\n<ul>\n<li>Po skorzystaniu ze specjalnego formularza w sekcji - \u201e<a href=\"https:\/\/hookahshop.lt\/pl\/lacznosc\/\">\u0141\u0105czno\u015b\u0107<\/a>&#8222;.<\/li>\n<li>Dzwoni\u0119 - <a href=\"tel:+37069226633\">+37069226633<\/a><\/li>\n<\/ul>\n<\/div>\n<div class=\"t396__elem tn-elem tn-elem__2247811781598628080464\" data-elem-id=\"1598628080464\" data-elem-type=\"text\" data-field-top-value=\"220\" data-field-top-res-320-value=\"203\" data-field-left-value=\"20\" data-field-left-res-320-value=\"10\" data-field-width-value=\"1130\" data-field-width-res-320-value=\"300\" data-field-axisy-value=\"top\" data-field-axisx-value=\"left\" data-field-container-value=\"grid\" data-field-topunits-value=\"\" data-field-leftunits-value=\"\" data-field-heightunits-value=\"\" data-field-widthunits-value=\"\" data-fields=\"top,left,width,container,axisx,axisy,widthunits,leftunits,topunits\">\n<div class=\"tn-atom\">W tym mie\u015bcie dostarczamy Wam fajk\u0119 wodn\u0105 w um\u00f3wione miejsce.<\/div>\n<div><\/div>\n<div><\/div>\n<div class=\"tn-atom\"><strong>Powr\u00f3t<\/strong> zestaw fajki wodnej jest niezb\u0119dny do tego samego miejsca, z kt\u00f3rego go odebra\u0142e\u015b.<\/div>\n<\/div>\n\n        <\/div>\n    <\/div>\n<\/section>\n\n<\/div>","protected":false},"excerpt":{"rendered":"","protected":false},"author":1,"featured_media":0,"parent":0,"menu_order":0,"comment_status":"closed","ping_status":"closed","template":"","meta":[],"_links":{"self":[{"href":"https:\/\/hookahshop.lt\/pl\/wp-json\/wp\/v2\/pages\/14387"}],"collection":[{"href":"https:\/\/hookahshop.lt\/pl\/wp-json\/wp\/v2\/pages"}],"about":[{"href":"https:\/\/hookahshop.lt\/pl\/wp-json\/wp\/v2\/types\/page"}],"author":[{"embeddable":true,"href":"https:\/\/hookahshop.lt\/pl\/wp-json\/wp\/v2\/users\/1"}],"replies":[{"embeddable":true,"href":"https:\/\/hookahshop.lt\/pl\/wp-json\/wp\/v2\/comments?post=14387"}],"version-history":[{"count":30,"href":"https:\/\/hookahshop.lt\/pl\/wp-json\/wp\/v2\/pages\/14387\/revisions"}],"predecessor-version":[{"id":42790,"href":"https:\/\/hookahshop.lt\/pl\/wp-json\/wp\/v2\/pages\/14387\/revisions\/42790"}],"wp:attachment":[{"href":"https:\/\/hookahshop.lt\/pl\/wp-json\/wp\/v2\/media?parent=14387"}],"curies":[{"name":"wp","href":"https:\/\/api.w.org\/{rel}","templated":true}]}}