{"id":14467,"date":"2020-11-17T16:49:12","date_gmt":"2020-11-17T14:49:12","guid":{"rendered":"https:\/\/hookahshop.lt\/?page_id=14467"},"modified":"2024-04-17T23:28:36","modified_gmt":"2024-04-17T20:28:36","slug":"kaljanai-sventei-arba-renginiui","status":"publish","type":"page","link":"https:\/\/hookahshop.lt\/pl\/shisha-na-impreze-lub-wydarzenie\/","title":{"rendered":"Fajka wodna na uroczysto\u015b\u0107 lub wydarzenie"},"content":{"rendered":"<\/div><\/div><\/div><!-- close content main div --><\/div><\/div><div id='av_section_1' class='avia-section main_color avia-section-default avia-no-shadow avia-full-stretch av-section-color-overlay-active avia-bg-style-fixed    container_wrap sidebar_right' style = 'background-repeat: no-repeat; background-image: url(https:\/\/hookahshop.lt\/wp-content\/uploads\/2020\/11\/kaljanu-nuoma-vilniuje-scaled.jpg); background-attachment: fixed; background-position: center center; ' data-section-bg-repeat='stretch' ><div class='av-section-color-overlay-wrap'><div class='av-section-color-overlay' style='opacity: 0.6; background-color: #0c0c0c; '><\/div><div class='container' ><div class='template-page content  av-content-small alpha units'><div class='post-entry post-entry-type-page post-entry-14467'><div class='entry-content-wrapper clearfix'>\n<div style='padding-bottom:30px;color:#ffffff;font-size:70px;' class='av-special-heading av-special-heading-h1 custom-color-heading blockquote modern-quote modern-centered   av-inherit-size'><h1 class='av-special-heading-tag'  itemprop=\"headline\"  >HACZYK NA FESTIWAL LUB WYDARZENIE<\/h1><div class='special-heading-border'><div class='special-heading-inner-border' style='border-color:#ffffff'><\/div><\/div><\/div>\n<\/div><\/div><\/div><!-- close content main div --><\/div><\/div><\/div><div id='after_section_1' class='main_color av_default_container_wrap container_wrap sidebar_right'   ><div class='container' ><div class='template-page content  av-content-small alpha units'><div class='post-entry post-entry-type-page post-entry-14467'><div class='entry-content-wrapper clearfix'>\n<section class=\"av_textblock_section\"  itemscope=\"itemscope\" itemtype=\"https:\/\/schema.org\/CreativeWork\" ><div class='avia_textblock'   itemprop=\"text\" ><p>Zbli\u017ca si\u0119 uroczysto\u015b\u0107, przyj\u0119cie przyjaci\u00f3\u0142 lub firma, urodziny, wesele lub inna wyj\u0105tkowa okazja? Oferujemy ekskluzywn\u0105 atrakcj\u0119 Twojej uroczysto\u015bci - wypo\u017cyczenie fajki wodnej. Szisza na uroczysto\u015b\u0107 lub wydarzenie b\u0119dzie \u015bwietnym akcentem na Twoj\u0105 uroczysto\u015b\u0107. Fajka wodna to co\u015b wi\u0119cej ni\u017c dobre palenie czy zwyk\u0142a rozrywka. Nie mamy w\u0105tpliwo\u015bci, \u017ce fajki wodne nadadz\u0105 ekskluzywno\u015bci na ka\u017cd\u0105 okazj\u0119 i stworz\u0105 przytuln\u0105 \u015bwi\u0105teczn\u0105 atmosfer\u0119.<\/p>\n<p><strong>Wynajem fajki wodnej jest dost\u0119pny w nast\u0119puj\u0105cych miastach i regionach:<\/strong> Wilno, Kowno, Troki, Molaty, Uciana, Soleczniki, Wi\u0142komierze, Panev\u0117\u017eys, Kedainiai, Birsztany, Prienai, Anyk\u0161\u010diai, Roki\u0161kis, Alytus, Druskienniki. Nie mo\u017cesz znale\u017a\u0107 swojego miasta? Napisz do nas!<\/p>\n<ul>\n<li>Chcesz zobaczy\u0107 nasze oferty?<\/li>\n<li>Skontaktuj si\u0119 z nami przez e-mail: <a href=\"mailto:info@hookahshop.lt\">info@hookahshop.lt<\/a><\/li>\n<\/ul>\n<p>Mo\u017cesz poprosi\u0107 o wypo\u017cyczenie fajki wodnej na wesela lub inne uroczysto\u015bci <a href=\"https:\/\/hookahshop.lt\/pl\/lacznosc\/\">\u0141\u0105czno\u015b\u0107<\/a>\u00a0kolumna. Wi\u0119cej informacji znajdziesz na naszym koncie na Facebooku\u00a0<a href=\"https:\/\/www.facebook.com\/kaljanunuoma\/\" target=\"_blank\" rel=\"noopener\">Hookahgo.lt<\/a>\u00a0lub telefonicznie <a href=\"tel:+37069226633\">+370 69226633<\/a>.<\/p>\n<\/div><\/section>\n<div style='padding-bottom:10px;' class='av-special-heading av-special-heading-h2  blockquote modern-quote'><h2 class='av-special-heading-tag'  itemprop=\"headline\"  >Fajka wodna na uroczysto\u015b\u0107 lub wydarzenie - bardziej szczeg\u00f3\u0142owo<\/h2><div class='special-heading-border'><div class='special-heading-inner-border' ><\/div><\/div><\/div>\n<div class=\"tabcontainer   top_tab\">\n\n<section class=\"av_tab_section\"  itemscope=\"itemscope\" itemtype=\"https:\/\/schema.org\/CreativeWork\" >    <div data-fake-id=\"#tab-id-1\" class=\"tab active_tab\"  itemprop=\"headline\" ><span class='tab_icon' aria-hidden='true' data-av_icon='\uf101' data-av_iconfont='flaticon-sports'><\/span>Wynajem fajki wodnej z mistrzem fajki wodnej<\/div>\n    <div id=\"tab-id-1-container\" class=\"tab_content active_tab_content\">\n        <div class=\"tab_inner_content invers-color\"  itemprop=\"text\" >\n<ul>\n<li>PRZYJAZD. Przyjedziemy na miejsce Twojej uroczysto\u015bci i profesjonalnie przygotujemy i utrzymamy fajk\u0119 wodn\u0105, aby\u015b m\u00f3g\u0142 w spokoju cieszy\u0107 si\u0119 pyszn\u0105 sesj\u0105 fajki wodnej.<\/li>\n<li>FILI\u017bANKA. Do wyboru klasyczny preparat fajki wodnej \u2013 w glinianym kubku lub egzotyczny \u2013 w kubku z owocami (ananas, grejpfrut itp.).<\/li>\n<li>INTENSYWNO\u015a\u0106. W zale\u017cno\u015bci od potrzeb dobieramy intensywno\u015b\u0107 sesji \u2013 od lekkiej trakcji po mocniejsz\u0105. Dlatego jest idealny zar\u00f3wno dla pocz\u0105tkuj\u0105cych, jak i mi\u0142o\u015bnik\u00f3w fajki wodnej.<\/li>\n<li>SMAK. Oferujemy szerok\u0105 gam\u0119 smak\u00f3w: od \u015bwie\u017cej mi\u0119ty, s\u0142odkich owoc\u00f3w tropikalnych, kwa\u015bnych cytrus\u00f3w po smaki deserowe.<\/li>\n<li>HAKI I AKCESORIA. U\u017cywamy fajki wodnej klasy premium, wysokiej jako\u015bci dodatk\u00f3w oraz naturalnego w\u0119gla kokosowego.<\/li>\n<\/ul>\n\n        <\/div>\n    <\/div>\n<\/section>\n\n<section class=\"av_tab_section\"  itemscope=\"itemscope\" itemtype=\"https:\/\/schema.org\/CreativeWork\" >    <div data-fake-id=\"#tab-id-2\" class=\"tab\"  itemprop=\"headline\" ><span class='tab_icon' aria-hidden='true' data-av_icon='\ue858' data-av_iconfont='entypo-fontello'><\/span>Wynajem sprz\u0119tu do fajki wodnej<\/div>\n    <div id=\"tab-id-2-container\" class=\"tab_content\">\n        <div class=\"tab_inner_content invers-color\"  itemprop=\"text\" >\n<div id=\"rec224781176\" class=\"r t-rec\" data-animationappear=\"off\" data-record-type=\"396\">\n<div class=\"t396\">\n<div class=\"t396__artboard rendered\" data-artboard-recid=\"224781176\" data-artboard-height=\"710\" data-artboard-height-res-320=\"670\" data-artboard-height_vh=\"\" data-artboard-valign=\"center\" data-artboard-ovrflw=\"\" data-artboard-proxy-min-offset-top=\"0\" data-artboard-proxy-min-height=\"710\" data-artboard-proxy-max-height=\"710\">\n<div class=\"t396__elem tn-elem tn-elem__2247811761470209944682\" data-elem-id=\"1470209944682\" data-elem-type=\"text\" data-field-top-value=\"60\" data-field-top-res-320-value=\"25\" data-field-left-value=\"20\" data-field-left-res-320-value=\"10\" data-field-width-value=\"1230\" data-field-width-res-320-value=\"320\" data-field-axisy-value=\"top\" data-field-axisx-value=\"left\" data-field-container-value=\"grid\" data-field-topunits-value=\"\" data-field-leftunits-value=\"\" data-field-heightunits-value=\"\" data-field-widthunits-value=\"\" data-fields=\"top,left,width,container,axisx,axisy,widthunits,leftunits,topunits\">\n<div class=\"tn-atom\">Wypo\u017cyczamy wysokiej jako\u015bci fajki wodne i akcesoria do nich.<\/div>\n<div>Fajka wodna na uroczysto\u015b\u0107 lub wydarzenie zawsze daje wi\u0119ksz\u0105 r\u00f3\u017cnorodno\u015b\u0107 uroczysto\u015bci. Je\u015bli jeste\u015b mi\u0142o\u015bnikiem fajki wodnej i chcesz podzieli\u0107 si\u0119 swoimi umiej\u0119tno\u015bciami z przyjaci\u00f3\u0142mi - \u015bwietny wyb\u00f3r na wypo\u017cyczenie fajki wodnej i jej akcesori\u00f3w.<\/div>\n<div><\/div>\n<\/div>\n<div class=\"t396__elem tn-elem tn-elem__2247811761470233923389\" data-elem-id=\"1470233923389\" data-elem-type=\"text\" data-field-top-value=\"175\" data-field-top-res-320-value=\"160\" data-field-left-value=\"20\" data-field-left-res-320-value=\"10\" data-field-width-value=\"1130\" data-field-width-res-320-value=\"300\" data-field-axisy-value=\"top\" data-field-axisx-value=\"left\" data-field-container-value=\"grid\" data-field-topunits-value=\"\" data-field-leftunits-value=\"\" data-field-heightunits-value=\"\" data-field-widthunits-value=\"\" data-fields=\"top,left,width,container,axisx,axisy,widthunits,leftunits,topunits\"><\/div>\n<\/div>\n<\/div>\n<\/div>\n\n        <\/div>\n    <\/div>\n<\/section>\n\n<section class=\"av_tab_section\"  itemscope=\"itemscope\" itemtype=\"https:\/\/schema.org\/CreativeWork\" >    <div data-fake-id=\"#tab-id-3\" class=\"tab\"  itemprop=\"headline\" ><span class='tab_icon' aria-hidden='true' data-av_icon='\ue80b' data-av_iconfont='entypo-fontello'><\/span>Dlaczego warto wybra\u0107 HookahGO?<\/div>\n    <div id=\"tab-id-3-container\" class=\"tab_content\">\n        <div class=\"tab_inner_content invers-color\"  itemprop=\"text\" >\n<ul>\n<li>Serwis profesjonalnych mistrz\u00f3w fajki wodnej.<\/li>\n<li>\u017byczenia klient\u00f3w omawiane s\u0105 indywidualnie.<\/li>\n<li>Doje\u017cd\u017camy z fajkami wodnymi i ich akcesoriami na terenie ca\u0142ej Litwy.<\/li>\n<li>U\u017cywamy wysokiej jako\u015bci fajki wodnej i akcesori\u00f3w do nich.<\/li>\n<\/ul>\n\n        <\/div>\n    <\/div>\n<\/section>\n\n<\/div>\n\n<\/div><\/div><\/div><!-- close content main div --><\/div><\/div><div id='av_section_2' class='avia-section main_color avia-section-default avia-no-shadow avia-full-stretch av-section-color-overlay-active avia-bg-style-scroll    container_wrap sidebar_right' style = 'background-repeat: no-repeat; background-image: url(https:\/\/hookahshop.lt\/wp-content\/uploads\/2020\/11\/FT108751-2.jpg); background-attachment: scroll; background-position: center center; ' data-section-bg-repeat='stretch' ><div class='av-section-color-overlay-wrap'><div class='av-section-color-overlay' style='opacity: 0.7; background-color: #0c0c0c; '><\/div><div class='container' ><div class='template-page content  av-content-small alpha units'><div class='post-entry post-entry-type-page post-entry-14467'><div class='entry-content-wrapper clearfix'>\n<div class=\"flex_column av_one_half  flex_column_div av-zero-column-padding first\" style='border-radius:0px; '><p><div style='padding-bottom:10px;color:#ffffff;' class='av-special-heading av-special-heading-h2 custom-color-heading blockquote modern-quote'><h2 class='av-special-heading-tag'  itemprop=\"headline\"  >Skontaktuj si\u0119 z nami, aby uzyska\u0107 wi\u0119cej informacji i warunki wsp\u00f3\u0142pracy<\/h2><div class='special-heading-border'><div class='special-heading-inner-border' style='border-color:#ffffff'><\/div><\/div><\/div><br \/>\n<div class='avia-icon-list-container'><ul class='avia-icon-list avia-icon-list-left av-iconlist-big avia_animate_when_almost_visible'>\n<li><div  style='background-color:#303030; border:1px solid #303030; color:#ffffff; ' class='iconlist_icon  avia-font-entypo-fontello'><span class='iconlist-char' aria-hidden='true' data-av_icon='\ue809' data-av_iconfont='entypo-fontello'><\/span><\/div><article class=\"article-icon-entry\"  itemscope=\"itemscope\" itemtype=\"https:\/\/schema.org\/CreativeWork\" ><div class='iconlist_content_wrap'><header class=\"entry-content-header\"><h4 class='av_iconlist_title iconlist_title av_inherit_color'  itemprop=\"headline\"   style='color:#ffffff; '>E-mail<\/h4><\/header><div class='iconlist_content av_inherit_color'  itemprop=\"text\"   style='color:#ededed; '><p><a href=\"mailto:info@hookahshop.lt\">info@hookahshop.lt<\/a><\/p>\n<\/div><\/div><footer class=\"entry-footer\"><\/footer><\/article><div class='iconlist-timeline'><\/div><\/li>\n<li><div  style='background-color:#303030; border:1px solid #303030; color:#ffffff; ' class='iconlist_icon  avia-font-entypo-fontello'><span class='iconlist-char' aria-hidden='true' data-av_icon='\ue809' data-av_iconfont='entypo-fontello'><\/span><\/div><article class=\"article-icon-entry\"  itemscope=\"itemscope\" itemtype=\"https:\/\/schema.org\/CreativeWork\" ><div class='iconlist_content_wrap'><header class=\"entry-content-header\"><h4 class='av_iconlist_title iconlist_title av_inherit_color'  itemprop=\"headline\"   style='color:#ffffff; '>Numer telefonu<\/h4><\/header><div class='iconlist_content av_inherit_color'  itemprop=\"text\"   style='color:#ededed; '><p><a href=\"tel:+37069226633\">+370 69226633<\/a><\/p>\n<\/div><\/div><footer class=\"entry-footer\"><\/footer><\/article><div class='iconlist-timeline'><\/div><\/li>\n<li><div  style='background-color:#303030; border:1px solid #303030; color:#ffffff; ' class='iconlist_icon  avia-font-entypo-fontello'><span class='iconlist-char' aria-hidden='true' data-av_icon='\ue809' data-av_iconfont='entypo-fontello'><\/span><\/div><article class=\"article-icon-entry\"  itemscope=\"itemscope\" itemtype=\"https:\/\/schema.org\/CreativeWork\" ><div class='iconlist_content_wrap'><header class=\"entry-content-header\"><h4 class='av_iconlist_title iconlist_title av_inherit_color'  itemprop=\"headline\"   style='color:#ffffff; '>Adres<\/h4><\/header><div class='iconlist_content av_inherit_color'  itemprop=\"text\"   style='color:#ededed; '><p>Architekci 87 g. Wilno<\/p>\n<\/div><\/div><footer class=\"entry-footer\"><\/footer><\/article><div class='iconlist-timeline'><\/div><\/li>\n<\/ul><\/div><\/p><\/div><div class=\"flex_column av_one_half  flex_column_div av-zero-column-padding\" style='border-radius:0px; '><div class='avia-image-container  av-styling-     avia-align-center'  itemscope=\"itemscope\" itemtype=\"https:\/\/schema.org\/ImageObject\"  ><div class='avia-image-container-inner'><img class='avia_image' src='https:\/\/hookahshop.lt\/wp-content\/uploads\/2021\/01\/Kaljanai-\u0161ventei-arba-renginiui.jpg' alt='Fajka wodna na uroczysto\u015b\u0107 lub wydarzenie' title='Fajka wodna na uroczysto\u015b\u0107 lub wydarzenie'   itemprop=\"thumbnailUrl\"  \/><\/div><\/div><\/div>\n<\/div><\/div><\/div><!-- close content main div --><\/div><\/div><\/div><div id='after_section_2' class='main_color av_default_container_wrap container_wrap sidebar_right'   ><div class='container' ><div class='template-page content  av-content-small alpha units'><div class='post-entry post-entry-type-page post-entry-14467'><div class='entry-content-wrapper clearfix'>","protected":false},"excerpt":{"rendered":"","protected":false},"author":1,"featured_media":17736,"parent":0,"menu_order":0,"comment_status":"closed","ping_status":"closed","template":"","meta":[],"_links":{"self":[{"href":"https:\/\/hookahshop.lt\/pl\/wp-json\/wp\/v2\/pages\/14467"}],"collection":[{"href":"https:\/\/hookahshop.lt\/pl\/wp-json\/wp\/v2\/pages"}],"about":[{"href":"https:\/\/hookahshop.lt\/pl\/wp-json\/wp\/v2\/types\/page"}],"author":[{"embeddable":true,"href":"https:\/\/hookahshop.lt\/pl\/wp-json\/wp\/v2\/users\/1"}],"replies":[{"embeddable":true,"href":"https:\/\/hookahshop.lt\/pl\/wp-json\/wp\/v2\/comments?post=14467"}],"version-history":[{"count":10,"href":"https:\/\/hookahshop.lt\/pl\/wp-json\/wp\/v2\/pages\/14467\/revisions"}],"predecessor-version":[{"id":39222,"href":"https:\/\/hookahshop.lt\/pl\/wp-json\/wp\/v2\/pages\/14467\/revisions\/39222"}],"wp:featuredmedia":[{"embeddable":true,"href":"https:\/\/hookahshop.lt\/pl\/wp-json\/wp\/v2\/media\/17736"}],"wp:attachment":[{"href":"https:\/\/hookahshop.lt\/pl\/wp-json\/wp\/v2\/media?parent=14467"}],"curies":[{"name":"wp","href":"https:\/\/api.w.org\/{rel}","templated":true}]}}