{"id":14473,"date":"2020-11-17T17:00:11","date_gmt":"2020-11-17T15:00:11","guid":{"rendered":"https:\/\/hookahshop.lt\/?page_id=14473"},"modified":"2021-12-14T03:14:17","modified_gmt":"2021-12-14T01:14:17","slug":"kaljanu-paslaugu-tiekejams","status":"publish","type":"page","link":"https:\/\/hookahshop.lt\/pl\/dla-dostawcow-uslug-fajki-wodnej\/","title":{"rendered":"Dostawcy us\u0142ug fajki wodnej"},"content":{"rendered":"<\/div><\/div><\/div><!-- close content main div --><\/div><\/div><div id='av_section_1' class='avia-section main_color avia-section-default avia-no-shadow avia-full-stretch av-section-color-overlay-active avia-bg-style-fixed    container_wrap sidebar_right' style = 'background-repeat: no-repeat; background-image: url(https:\/\/hookahshop.lt\/wp-content\/uploads\/2020\/11\/kaljanu-nuoma-vilniuje-scaled.jpg); background-attachment: fixed; background-position: center center; ' data-section-bg-repeat='stretch' ><div class='av-section-color-overlay-wrap'><div class='av-section-color-overlay' style='opacity: 0.6; background-color: #0c0c0c; '><\/div><div class='container' ><div class='template-page content  av-content-small alpha units'><div class='post-entry post-entry-type-page post-entry-14473'><div class='entry-content-wrapper clearfix'>\n<div style='padding-bottom:30px;color:#ffffff;font-size:70px;' class='av-special-heading av-special-heading-h1 custom-color-heading blockquote modern-quote modern-centered   av-inherit-size'><h1 class='av-special-heading-tag'  itemprop=\"headline\"  >DLA DOSTAWC\u00d3W US\u0141UG HOOKAH<\/h1><div class='special-heading-border'><div class='special-heading-inner-border' style='border-color:#ffffff'><\/div><\/div><\/div>\n<\/div><\/div><\/div><!-- close content main div --><\/div><\/div><\/div><div id='after_section_1' class='main_color av_default_container_wrap container_wrap sidebar_right'   ><div class='container' ><div class='template-page content  av-content-small alpha units'><div class='post-entry post-entry-type-page post-entry-14473'><div class='entry-content-wrapper clearfix'>\n<section class=\"av_textblock_section\"  itemscope=\"itemscope\" itemtype=\"https:\/\/schema.org\/CreativeWork\" ><div class='avia_textblock'   itemprop=\"text\" ><h2>DLA DOSTAWC\u00d3W US\u0141UG HOOKAH<\/h2>\n<p><strong>Planujesz nowy biznes lub masz dzia\u0142aj\u0105cy bar, klub lub taras?<\/strong><\/p>\n<ul>\n<li>Oferujemy specjalistyczne doradztwo biznesowe dla dostawc\u00f3w us\u0142ug fajki wodnej w zakresie fajek wodnych.<\/li>\n<li>Oferujemy konsultacje w zakresie aspekt\u00f3w prawnych w zakresie fajek wodnych.<\/li>\n<li>Pomagamy zorganizowa\u0107 dostaw\u0119 i przygotowanie us\u0142ugi fajki wodnej, a dodatkowy obr\u00f3t i zysk pozostaj\u0105 dla Ciebie.<\/li>\n<li>Przygotowujemy najlepsze oferty na zakup wysokiej jako\u015bci sprz\u0119tu.<\/li>\n<li>Istnieje mo\u017cliwo\u015b\u0107 zam\u00f3wienia indywidualnych fajek wodnych zgodnie z Pa\u0144stwa biznesem, koncepcj\u0105 projektow\u0105.<\/li>\n<li>Zapewniamy mo\u017cliwo\u015b\u0107 zakupu w\u0119gli, ustnik\u00f3w i innych aktualnych akcesori\u00f3w w du\u017cych ilo\u015bciach w ni\u017cszej cenie.<\/li>\n<li>Zapewniamy profesjonalne szkolenie mistrzowskie fajki wodnej dla Twojego pracownika.<\/li>\n<li>Dajemy graczom fajki wodnej priorytetowy dost\u0119p do nowych materia\u0142\u00f3w do nauki.<\/li>\n<li>Wybieraj\u0105c jeden z proponowanych plan\u00f3w, otrzymasz dodatkowe wsparcie i kontrol\u0119 nad jako\u015bci\u0105 pracy artysty fajki wodnej.<\/li>\n<\/ul>\n<p>Mo\u017cesz poprosi\u0107 o wypo\u017cyczenie fajki wodnej\u00a0<a href=\"https:\/\/hookahshop.lt\/pl\/lacznosc\/\">\u0141\u0105czno\u015b\u0107<\/a>\u00a0kolumna. Wi\u0119cej informacji znajdziesz na naszym koncie na Facebooku\u00a0<a href=\"https:\/\/www.facebook.com\/kaljanunuoma\/\" target=\"_blank\" rel=\"noopener\">Hookahgo.lt<\/a>\u00a0lub telefonicznie +370 69226633.<\/p>\n<\/div><\/section>\n<div class=\"tabcontainer   top_tab\">\n\n<section class=\"av_tab_section\"  itemscope=\"itemscope\" itemtype=\"https:\/\/schema.org\/CreativeWork\" >    <div data-fake-id=\"#tab-id-1\" class=\"tab active_tab\"  itemprop=\"headline\" ><span class='tab_icon' aria-hidden='true' data-av_icon='\ue8a5' data-av_iconfont='entypo-fontello'><\/span>Masz klub fajki wodnej i szukasz dostawc\u00f3w?<\/div>\n    <div id=\"tab-id-1-container\" class=\"tab_content active_tab_content\">\n        <div class=\"tab_inner_content invers-color\"  itemprop=\"text\" >\n<ul>\n<li>Oferujemy korzystne warunki i ceny zakupu towaru.<\/li>\n<li>Dostarczamy niezb\u0119dne towary (w\u0119glowodany, ustniki itp. akcesoria) w du\u017cych ilo\u015bciach w specjalnej cenie.<\/li>\n<li>Oferujemy profesjonalne w\u0119glowe urz\u0105dzenia grzewcze o du\u017cej mocy.<\/li>\n<li>Dostarczamy specjalistyczne produkty do czyszczenia i dezynfekcji sprz\u0119tu do fajki wodnej.<\/li>\n<li>Oferujemy szeroki wyb\u00f3r wysokiej jako\u015bci fajek wodnych z modeli dost\u0119pnych na Litwie.<\/li>\n<li>Oferujemy zamawianie towar\u00f3w specjalnych z zagranicznych magazyn\u00f3w.<\/li>\n<\/ul>\n\n        <\/div>\n    <\/div>\n<\/section>\n\n<section class=\"av_tab_section\"  itemscope=\"itemscope\" itemtype=\"https:\/\/schema.org\/CreativeWork\" >    <div data-fake-id=\"#tab-id-2\" class=\"tab\"  itemprop=\"headline\" ><span class='tab_icon' aria-hidden='true' data-av_icon='\ue82b' data-av_iconfont='entypo-fontello'><\/span>Nie chcesz kupowa\u0107 sprz\u0119tu?<\/div>\n    <div id=\"tab-id-2-container\" class=\"tab_content\">\n        <div class=\"tab_inner_content invers-color\"  itemprop=\"text\" >\n<div id=\"rec224781176\" class=\"r t-rec\" data-animationappear=\"off\" data-record-type=\"396\">\n<div class=\"t396\">\n<div class=\"t396__artboard rendered\" data-artboard-recid=\"224781176\" data-artboard-height=\"710\" data-artboard-height-res-320=\"670\" data-artboard-height_vh=\"\" data-artboard-valign=\"center\" data-artboard-ovrflw=\"\" data-artboard-proxy-min-offset-top=\"0\" data-artboard-proxy-min-height=\"710\" data-artboard-proxy-max-height=\"710\">\n<div class=\"t396__elem tn-elem tn-elem__2247811761470209944682\" data-elem-id=\"1470209944682\" data-elem-type=\"text\" data-field-top-value=\"60\" data-field-top-res-320-value=\"25\" data-field-left-value=\"20\" data-field-left-res-320-value=\"10\" data-field-width-value=\"1230\" data-field-width-res-320-value=\"320\" data-field-axisy-value=\"top\" data-field-axisx-value=\"left\" data-field-container-value=\"grid\" data-field-topunits-value=\"\" data-field-leftunits-value=\"\" data-field-heightunits-value=\"\" data-field-widthunits-value=\"\" data-fields=\"top,left,width,container,axisx,axisy,widthunits,leftunits,topunits\">\n<div class=\"tn-atom\">\n<ul>\n<li>Oferujemy Pa\u0144stwu wypo\u017cyczenie fajki wodnej. Istnieje mo\u017cliwo\u015b\u0107 wypo\u017cyczenia ograniczonej liczby fajek wodnych.<\/li>\n<li>Oferujemy zakup sprz\u0119tu do fajki wodnej na raty.<\/li>\n<li>Ka\u017cde zg\u0142oszenie rozpatrywane jest indywidualnie<\/li>\n<\/ul>\n<\/div>\n<\/div>\n<div class=\"t396__elem tn-elem tn-elem__2247811761470233923389\" data-elem-id=\"1470233923389\" data-elem-type=\"text\" data-field-top-value=\"175\" data-field-top-res-320-value=\"160\" data-field-left-value=\"20\" data-field-left-res-320-value=\"10\" data-field-width-value=\"1130\" data-field-width-res-320-value=\"300\" data-field-axisy-value=\"top\" data-field-axisx-value=\"left\" data-field-container-value=\"grid\" data-field-topunits-value=\"\" data-field-leftunits-value=\"\" data-field-heightunits-value=\"\" data-field-widthunits-value=\"\" data-fields=\"top,left,width,container,axisx,axisy,widthunits,leftunits,topunits\"><\/div>\n<\/div>\n<\/div>\n<\/div>\n\n        <\/div>\n    <\/div>\n<\/section>\n\n<section class=\"av_tab_section\"  itemscope=\"itemscope\" itemtype=\"https:\/\/schema.org\/CreativeWork\" >    <div data-fake-id=\"#tab-id-3\" class=\"tab\"  itemprop=\"headline\" ><span class='tab_icon' aria-hidden='true' data-av_icon='\ue842' data-av_iconfont='entypo-fontello'><\/span>Dlaczego warto wybra\u0107 wsp\u00f3\u0142prac\u0119 z HookahShop?<\/div>\n    <div id=\"tab-id-3-container\" class=\"tab_content\">\n        <div class=\"tab_inner_content invers-color\"  itemprop=\"text\" >\n<div class=\"t396__elem tn-elem tn-elem__2247811781470209944682\" data-elem-id=\"1470209944682\" data-elem-type=\"text\" data-field-top-value=\"60\" data-field-top-res-320-value=\"19\" data-field-left-value=\"20\" data-field-left-res-320-value=\"10\" data-field-width-value=\"1230\" data-field-width-res-320-value=\"320\" data-field-axisy-value=\"top\" data-field-axisx-value=\"left\" data-field-container-value=\"grid\" data-field-topunits-value=\"\" data-field-leftunits-value=\"\" data-field-heightunits-value=\"\" data-field-widthunits-value=\"\" data-fields=\"top,left,width,container,axisx,axisy,widthunits,leftunits,topunits\">\n<div class=\"tn-atom\">\n<ul>\n<li>Szeroki wyb\u00f3r towar\u00f3w wysokiej jako\u015bci.<\/li>\n<li>Szybka dostawa i odbi\u00f3r.<\/li>\n<li>Wszystkie towary w litewskich magazynach.<\/li>\n<li>Istnieje mo\u017cliwo\u015b\u0107 zam\u00f3wienia indywidualnych fajek wodnych wed\u0142ug Twojej koncepcji, kt\u00f3re wykonaj\u0105 najlepsi producenci fajek wodnych na \u015bwiecie.<\/li>\n<li>Korzystne ceny i dodatkowe rabaty.<\/li>\n<\/ul>\n<\/div>\n<\/div>\n<div class=\"t396__elem tn-elem tn-elem__2247811781598628080464\" data-elem-id=\"1598628080464\" data-elem-type=\"text\" data-field-top-value=\"220\" data-field-top-res-320-value=\"203\" data-field-left-value=\"20\" data-field-left-res-320-value=\"10\" data-field-width-value=\"1130\" data-field-width-res-320-value=\"300\" data-field-axisy-value=\"top\" data-field-axisx-value=\"left\" data-field-container-value=\"grid\" data-field-topunits-value=\"\" data-field-leftunits-value=\"\" data-field-heightunits-value=\"\" data-field-widthunits-value=\"\" data-fields=\"top,left,width,container,axisx,axisy,widthunits,leftunits,topunits\"><\/div>\n\n        <\/div>\n    <\/div>\n<\/section>\n\n<section class=\"av_tab_section\"  itemscope=\"itemscope\" itemtype=\"https:\/\/schema.org\/CreativeWork\" >    <div data-fake-id=\"#tab-id-4\" class=\"tab\"  itemprop=\"headline\" ><span class='tab_icon' aria-hidden='true' data-av_icon='\ue842' data-av_iconfont='entypo-fontello'><\/span>Dlaczego przyniesie to korzy\u015bci?<\/div>\n    <div id=\"tab-id-4-container\" class=\"tab_content\">\n        <div class=\"tab_inner_content invers-color\"  itemprop=\"text\" >\n<ul>\n<li>Szybko i bez obaw kupisz nowe modele najpopularniejszych fajek wodnych.<\/li>\n<li>Dodatkowo kupisz kubki r\u00f3\u017cnych typ\u00f3w i producent\u00f3w oraz inne niezb\u0119dne akcesoria, takie jak w\u0119gle, ustniki, \u015brodki czysto\u015bci i wiele innych.<\/li>\n<li>Po przeszkoleniu personelu b\u0119dziesz m\u00f3g\u0142 samodzielnie regulowa\u0107 prac\u0119 i wynagrodzenie fajki wodnej.<\/li>\n<li>Otrzymasz wi\u0119cej korzy\u015bci finansowych.<\/li>\n<li>Wsp\u00f3\u0142pracuj\u0105c z nami, b\u0119dziesz m\u00f3g\u0142 obok siebie i \u0142atwo uzupe\u0142ni\u0107 zapasy niezb\u0119dnych produkt\u00f3w.<\/li>\n<li>Wybieraj\u0105c jeden z oferowanych pakiet\u00f3w otrzymasz dodatkow\u0105 kontrol\u0119 jako\u015bci, nadz\u00f3r i szkolenie z pracy fajki wodnej.<\/li>\n<\/ul>\n\n        <\/div>\n    <\/div>\n<\/section>\n\n<\/div>\n\n<div  data-autoplay='1'  data-interval='5'  data-animation='fade'  data-hoverpause='1'  class='avia-testimonial-wrapper avia-slider-testimonials avia-slider-2-testimonials avia_animate_when_almost_visible'>\n<section class ='avia-testimonial-row'><div class='avia-testimonial av_one_half flex_column no_margin avia-testimonial-row-1 avia-first-testimonial'  itemscope=\"itemscope\" itemtype=\"https:\/\/schema.org\/Person\" ><div class='avia-testimonial_inner'><div class='avia-testimonial-content'    itemscope=\"itemscope\" itemtype=\"https:\/\/schema.org\/CreativeWork\" ><p style=\"text-align: center;\"><strong>Wyb\u00f3r planu dla biznesu<\/strong><\/p>\n<div class=\"t-name t-name_lg t859__bottommargin\" style=\"text-align: center;\"><strong>Zakup jednorazowy<\/strong><\/div>\n<div class=\"t-descr t-descr_sm\" style=\"text-align: center;\">Jednorazowa oferta dobierana jest indywidualnie dla ka\u017cdego klienta, zgodnie z jego potrzebami i mo\u017cliwo\u015bciami.<\/div>\n<div style=\"text-align: center;\"><\/div>\n<div style=\"text-align: center;\">\n<div class=\"t-name t-name_lg t859__bottommargin\"><strong>Sta\u0142a wsp\u00f3\u0142praca<\/strong><\/div>\n<div class=\"t-descr t-descr_sm\">Ze specjalnymi ofertami kontraktowymi (dostawa towar\u00f3w, wsparcie jako\u015bciowe i doradztwo).<\/div>\n<\/div>\n<div style=\"text-align: center;\"><\/div>\n<div style=\"text-align: center;\">Ka\u017cde zg\u0142oszenie rozpatrywane jest indywidualnie.<\/div>\n<\/div><div class='avia-testimonial-meta'><div class='avia-testimonial-arrow-wrap'><div class='avia-arrow'><\/div><\/div><div class='avia-testimonial-meta-mini'><\/div><\/div><\/div><\/div>\n<\/section><\/div>\n<\/div><\/div><\/div><!-- close content main div --><\/div><\/div><div id='av_section_2' class='avia-section main_color avia-section-default avia-no-shadow avia-full-stretch av-section-color-overlay-active avia-bg-style-scroll    container_wrap sidebar_right' style = 'background-repeat: no-repeat; background-image: url(https:\/\/hookahshop.lt\/wp-content\/uploads\/2020\/11\/FT108751-2.jpg); background-attachment: scroll; background-position: center center; ' data-section-bg-repeat='stretch' ><div class='av-section-color-overlay-wrap'><div class='av-section-color-overlay' style='opacity: 0.7; background-color: #0c0c0c; '><\/div><div class='container' ><div class='template-page content  av-content-small alpha units'><div class='post-entry post-entry-type-page post-entry-14473'><div class='entry-content-wrapper clearfix'>\n<div class=\"flex_column av_one_half  flex_column_div av-zero-column-padding first\" style='border-radius:0px; '><p><div style='padding-bottom:10px;color:#ffffff;' class='av-special-heading av-special-heading-h2 custom-color-heading blockquote modern-quote'><h2 class='av-special-heading-tag'  itemprop=\"headline\"  >Skontaktuj si\u0119 z nami, aby uzyska\u0107 wi\u0119cej informacji i warunki wsp\u00f3\u0142pracy<\/h2><div class='special-heading-border'><div class='special-heading-inner-border' style='border-color:#ffffff'><\/div><\/div><\/div><br \/>\n<div class='avia-icon-list-container'><ul class='avia-icon-list avia-icon-list-left av-iconlist-big avia_animate_when_almost_visible'>\n<li><div  style='background-color:#303030; border:1px solid #303030; color:#ffffff; ' class='iconlist_icon  avia-font-entypo-fontello'><span class='iconlist-char' aria-hidden='true' data-av_icon='\ue809' data-av_iconfont='entypo-fontello'><\/span><\/div><article class=\"article-icon-entry\"  itemscope=\"itemscope\" itemtype=\"https:\/\/schema.org\/CreativeWork\" ><div class='iconlist_content_wrap'><header class=\"entry-content-header\"><h4 class='av_iconlist_title iconlist_title av_inherit_color'  itemprop=\"headline\"   style='color:#ffffff; '>E-mail<\/h4><\/header><div class='iconlist_content av_inherit_color'  itemprop=\"text\"   style='color:#ededed; '><p><a href=\"mailto:hookahshoplt@gmail.com\">hookahshoplt@gmail.com<\/a><\/p>\n<\/div><\/div><footer class=\"entry-footer\"><\/footer><\/article><div class='iconlist-timeline'><\/div><\/li>\n<li><div  style='background-color:#303030; border:1px solid #303030; color:#ffffff; ' class='iconlist_icon  avia-font-entypo-fontello'><span class='iconlist-char' aria-hidden='true' data-av_icon='\ue809' data-av_iconfont='entypo-fontello'><\/span><\/div><article class=\"article-icon-entry\"  itemscope=\"itemscope\" itemtype=\"https:\/\/schema.org\/CreativeWork\" ><div class='iconlist_content_wrap'><header class=\"entry-content-header\"><h4 class='av_iconlist_title iconlist_title av_inherit_color'  itemprop=\"headline\"   style='color:#ffffff; '>Numer telefonu<\/h4><\/header><div class='iconlist_content av_inherit_color'  itemprop=\"text\"   style='color:#ededed; '><p><a href=\"tel:+37069226633\">+370 69226633<\/a><\/p>\n<\/div><\/div><footer class=\"entry-footer\"><\/footer><\/article><div class='iconlist-timeline'><\/div><\/li>\n<li><div  style='background-color:#303030; border:1px solid #303030; color:#ffffff; ' class='iconlist_icon  avia-font-entypo-fontello'><span class='iconlist-char' aria-hidden='true' data-av_icon='\ue809' data-av_iconfont='entypo-fontello'><\/span><\/div><article class=\"article-icon-entry\"  itemscope=\"itemscope\" itemtype=\"https:\/\/schema.org\/CreativeWork\" ><div class='iconlist_content_wrap'><header class=\"entry-content-header\"><h4 class='av_iconlist_title iconlist_title av_inherit_color'  itemprop=\"headline\"   style='color:#ffffff; '>Adres<\/h4><\/header><div class='iconlist_content av_inherit_color'  itemprop=\"text\"   style='color:#ededed; '><p>Architekci 87 g. Wilno<\/p>\n<\/div><\/div><footer class=\"entry-footer\"><\/footer><\/article><div class='iconlist-timeline'><\/div><\/li>\n<\/ul><\/div><\/p><\/div><div class=\"flex_column av_one_half  flex_column_div av-zero-column-padding\" style='border-radius:0px; '><div class='avia-image-container  av-styling-     avia-align-center'  itemscope=\"itemscope\" itemtype=\"https:\/\/schema.org\/ImageObject\"  ><div class='avia-image-container-inner'><img class='avia_image' src='https:\/\/hookahshop.lt\/wp-content\/uploads\/2021\/01\/Kaljan\u0173-paslaug\u0173-tiek\u0117jams.jpg' alt='Dostawcy us\u0142ug fajki wodnej' title='Dostawcy us\u0142ug fajki wodnej'   itemprop=\"thumbnailUrl\"  \/><\/div><\/div><\/div><\/div><\/div><\/div><!-- close content main div --><\/div><\/div><\/div><div id='after_section_2' class='main_color av_default_container_wrap container_wrap sidebar_right'   ><div class='container' ><div class='template-page content  av-content-small alpha units'><div class='post-entry post-entry-type-page post-entry-14473'><div class='entry-content-wrapper clearfix'>","protected":false},"excerpt":{"rendered":"","protected":false},"author":1,"featured_media":17733,"parent":0,"menu_order":0,"comment_status":"closed","ping_status":"closed","template":"","meta":[],"_links":{"self":[{"href":"https:\/\/hookahshop.lt\/pl\/wp-json\/wp\/v2\/pages\/14473"}],"collection":[{"href":"https:\/\/hookahshop.lt\/pl\/wp-json\/wp\/v2\/pages"}],"about":[{"href":"https:\/\/hookahshop.lt\/pl\/wp-json\/wp\/v2\/types\/page"}],"author":[{"embeddable":true,"href":"https:\/\/hookahshop.lt\/pl\/wp-json\/wp\/v2\/users\/1"}],"replies":[{"embeddable":true,"href":"https:\/\/hookahshop.lt\/pl\/wp-json\/wp\/v2\/comments?post=14473"}],"version-history":[{"count":4,"href":"https:\/\/hookahshop.lt\/pl\/wp-json\/wp\/v2\/pages\/14473\/revisions"}],"predecessor-version":[{"id":31287,"href":"https:\/\/hookahshop.lt\/pl\/wp-json\/wp\/v2\/pages\/14473\/revisions\/31287"}],"wp:featuredmedia":[{"embeddable":true,"href":"https:\/\/hookahshop.lt\/pl\/wp-json\/wp\/v2\/media\/17733"}],"wp:attachment":[{"href":"https:\/\/hookahshop.lt\/pl\/wp-json\/wp\/v2\/media?parent=14473"}],"curies":[{"name":"wp","href":"https:\/\/api.w.org\/{rel}","templated":true}]}}