{"id":28939,"date":"2021-10-30T14:54:39","date_gmt":"2021-10-30T11:54:39","guid":{"rendered":"https:\/\/hookahshop.lt\/?page_id=28939"},"modified":"2021-10-30T15:57:38","modified_gmt":"2021-10-30T12:57:38","slug":"rukymo-zala-zmogaus-organizmui","status":"publish","type":"page","link":"https:\/\/hookahshop.lt\/pl\/palenie-szkody-dla-organizmu-ludzkiego\/","title":{"rendered":"Szkoda palenia dla ludzkiego cia\u0142a"},"content":{"rendered":"<h1 class=\"entry-title\">Szkoda palenia dla ludzkiego cia\u0142a<\/h1>\n<div class=\"entry-content clearfix\">\n<p>Chocia\u017c informacje o szkodliwo\u015bci palenia dla organizmu nie s\u0105 ani tajne, ani trudno dost\u0119pne, ludzie nadal nie rzucaj\u0105 palenia. Palenie pozostaje jedn\u0105 z g\u0142\u00f3wnych przyczyn chor\u00f3b i \u015bmierci. Mo\u017cesz je\u015b\u0107 owoce i warzywa i codziennie \u0107wiczy\u0107, ale nie b\u0119dziesz zdrowy, je\u015bli nie rzucisz palenia. W tym artykule podajemy informacje na temat zapobiegania paleniu - Palenie i kupowanie wyrob\u00f3w tytoniowych jest zabronione, gdy nie masz uko\u0144czonych 18 lat.<\/p>\n<\/div>\n<div id=\"attachment_29001\" style=\"width: 731px\" class=\"wp-caption alignnone\"><img aria-describedby=\"caption-attachment-29001\" decoding=\"async\" loading=\"lazy\" class=\"wp-image-29001\" title=\"Szkoda palenia dla ludzkiego cia\u0142a\" src=\"https:\/\/hookahshop.lt\/wp-content\/uploads\/2021\/10\/img636887.jpg\" alt=\"Szkoda palenia dla ludzkiego cia\u0142a\" width=\"721\" height=\"493\" srcset=\"https:\/\/hookahshop.lt\/wp-content\/uploads\/2021\/10\/img636887.jpg 940w, https:\/\/hookahshop.lt\/wp-content\/uploads\/2021\/10\/img636887-300x205.jpg 300w, https:\/\/hookahshop.lt\/wp-content\/uploads\/2021\/10\/img636887-768x525.jpg 768w, https:\/\/hookahshop.lt\/wp-content\/uploads\/2021\/10\/img636887-18x12.jpg 18w, https:\/\/hookahshop.lt\/wp-content\/uploads\/2021\/10\/img636887-705x482.jpg 705w, https:\/\/hookahshop.lt\/wp-content\/uploads\/2021\/10\/img636887-600x410.jpg 600w, https:\/\/hookahshop.lt\/wp-content\/uploads\/2021\/10\/img636887-64x44.jpg 64w\" sizes=\"(max-width: 721px) 100vw, 721px\" \/><p id=\"caption-attachment-29001\" class=\"wp-caption-text\">Szkoda palenia dla ludzkiego cia\u0142a<\/p><\/div>\n<div class=\"entry-content clearfix\">\n<h2>Dlaczego rzuci\u0107 palenie?<\/h2>\n<p>Wiele os\u00f3b wie, \u017ce palenie powoduje raka p\u0142uc, ale mo\u017ce by\u0107 r\u00f3wnie\u017c przyczyn\u0105 innych chor\u00f3b.<br \/>\nPapierosy i fajki wodne zawieraj\u0105 ponad 4000 chemikali\u00f3w, z kt\u00f3rych co najmniej 400 jest toksycznych.<br \/>\nKiedy palisz fajk\u0119 wodn\u0105, ciep\u0142o rozk\u0142ada tyto\u0144, uwalniaj\u0105c toksyny, kt\u00f3re szkodz\u0105 ludzkiemu cia\u0142u.<\/p>\n<p>Najbardziej szkodliwe:<\/p>\n<ul>\n<li>\u017cywice s\u0105 substancjami rakotw\u00f3rczymi powoduj\u0105cymi raka;<\/li>\n<li>nikotyna \u2013 powoduje przyzwyczajenie i podwy\u017csza poziom cholesterolu we krwi;<\/li>\n<li>tlenek w\u0119gla (mile) - obni\u017ca ilo\u015b\u0107 tlenu we krwi;<\/li>\n<li>sk\u0142adniki gazu - powoduj\u0105 przewlek\u0142\u0105 obturacyjn\u0105 chorob\u0119 p\u0142uc (POChP) na niekt\u00f3rych etapach.<\/li>\n<li>Szkoda palenia dla ludzkiego cia\u0142a zale\u017cy od:<\/li>\n<li>Spos\u00f3b przygotowania tytoniu<\/li>\n<\/ul>\n<p>Dlaczego warto rzuci\u0107 palenie mo\u017cesz r\u00f3wnie\u017c dowiedzie\u0107 si\u0119 na stronie: https:\/\/nerukysiu.lt\/kodel-verta-mesti-rukyti\/<\/p>\n<h2>Najcz\u0119stsze choroby spowodowane paleniem<\/h2>\n<h3>Choroby sercowo-naczyniowe<\/h3>\n<p>Zw\u0119\u017cenie t\u0119tnic to proces, kt\u00f3ry zajmuje wiele lat, zanim cholesterol i inne t\u0142uszcze osadzaj\u0105 si\u0119 na \u015bciankach t\u0119tnic, zw\u0119\u017caj\u0105c je i zatykaj\u0105c. Gdy t\u0119tnice zw\u0119\u017caj\u0105 si\u0119, zaczynaj\u0105 tworzy\u0107 si\u0119 skrzepy krwi.<br \/>\nPalenie przyspiesza zw\u0119\u017cenie naczy\u0144 krwiono\u015bnych: zaczyna si\u0119 wcze\u015bniej, a szanse na zakrzepy wzrastaj\u0105 od dw\u00f3ch do czterech razy.<br \/>\nChoroba mo\u017ce przybiera\u0107 r\u00f3\u017cne formy w zale\u017cno\u015bci od rozwoju naczy\u0144 krwiono\u015bnych, ale wszystkie formy s\u0105 cz\u0119stsze u palaczy.<\/p>\n<ul>\n<li>Zakrzepica t\u0119tnicy wie\u0144cowej: skrzep tworzy si\u0119 w t\u0119tnicach przenosz\u0105cych krew do serca. W konsekwencji mo\u017ce wyst\u0105pi\u0107 zawa\u0142 serca. Zakrzepica t\u0119tnic wie\u0144cowych rozwija si\u0119 u palaczy 10 lat wcze\u015bniej ni\u017c u os\u00f3b niepal\u0105cych.<\/li>\n<li>Zakrzep krwi w naczyniu krwiono\u015bnym w m\u00f3zgu powoduje udar, parali\u017c.<\/li>\n<li>W przypadku zaj\u0119cia t\u0119tnic nerkowych wzrasta ci\u015bnienie krwi lub rozwija si\u0119 niewydolno\u015b\u0107 nerek.<\/li>\n<li>Zakrzepica \u017cy\u0142 n\u00f3g mo\u017ce powodowa\u0107 gangren\u0119 i amputacj\u0119.<\/li>\n<\/ul>\n<h3>Nowotw\u00f3r<\/h3>\n<p>Palacze s\u0105 bardziej nara\u017ceni na rozw\u00f3j raka p\u0142uc, gard\u0142a i jamy ustnej w por\u00f3wnaniu z osobami niepal\u0105cymi.<br \/>\nZwi\u0105zek mi\u0119dzy paleniem a rakiem p\u0142uc jest oczywisty: w dziewi\u0119\u0107dziesi\u0119ciu procentach przypadk\u00f3w przyczyn\u0105 raka p\u0142uc jest palenie.<br \/>\nTylko 0,5 procent os\u00f3b, kt\u00f3re nigdy nie pali\u0142y, mo\u017ce zachorowa\u0107 na raka p\u0142uc.<br \/>\nJeden na dziesi\u0119ciu umiarkowanych palaczy i jeden na pi\u0119ciu na\u0142ogowych palaczy umrze na raka p\u0142uc.<br \/>\nIm wi\u0119cej fajek wodnych palisz dziennie, im wi\u0119cej lat palisz, im m\u0142odszy zaczynasz pali\u0107, a im silniejszy dym wdychasz, tym wi\u0119ksze jest ryzyko zachorowania na raka p\u0142uc.<br \/>\nJe\u015bli palisz, ryzyko zachorowania na raka jamy ustnej jest czterokrotnie wy\u017csze ni\u017c u os\u00f3b niepal\u0105cych. Rak mo\u017ce rozpocz\u0105\u0107 si\u0119 w dowolnym miejscu w jamie ustnej, zwykle pod j\u0119zykiem lub na ustach.<\/p>\n<p>Inne rodzaje raka, kt\u00f3re s\u0105 cz\u0119stsze w\u015br\u00f3d palaczy to:<\/p>\n<ul>\n<li>rak p\u0119cherza<\/li>\n<li>rak prze\u0142yku<\/li>\n<li>rak nerki<\/li>\n<li>rak trzustki<\/li>\n<li>Rak szyjki macicy.<\/li>\n<\/ul>\n<h3>LOPL<\/h3>\n<p>Przewlek\u0142a obturacyjna choroba p\u0142uc (POChP) to powszechna nazwa grupy objaw\u00f3w, kt\u00f3re blokuj\u0105 przedostawanie si\u0119 powietrza do p\u0142uc i utrudniaj\u0105 oddychanie.<br \/>\nNa przyk\u0142ad duszno\u015b\u0107 z powodu uszkodzenia p\u0119cherzyk\u00f3w lub przewlek\u0142ego zapalenia oskrzeli to przed\u0142u\u017caj\u0105cy si\u0119 kaszel z plwocin\u0105.<br \/>\nPalenie jest g\u0142\u00f3wn\u0105 przyczyn\u0105 POChP.<br \/>\n94 procent os\u00f3b, kt\u00f3re pali\u0142y 3-4 fajki wodne dziennie, mia\u0142o po\u015bmiertnie zmiany w p\u0119cherzykach p\u0142ucnych, podczas gdy 90 procent os\u00f3b niepal\u0105cych nie mia\u0142o takich zmian lub prawie ich nie mia\u0142o.<br \/>\nPOChP zwykle zaczyna si\u0119 mi\u0119dzy 35 a 45 rokiem \u017cycia, kiedy czynno\u015b\u0107 p\u0142uc zaczyna si\u0119 pogarsza\u0107.<\/p>\n<p><strong>Inne rodzaje uszkodze\u0144 cia\u0142a spowodowane paleniem<\/strong><\/p>\n<ul>\n<li>Palenie podnosi ci\u015bnienie krwi, prowadz\u0105c do nadci\u015bnienia, czynnika ryzyka zawa\u0142u serca.<\/li>\n<li>Pary, kt\u00f3re pal\u0105, cz\u0119\u015bciej do\u015bwiadczaj\u0105 problem\u00f3w z p\u0142odno\u015bci\u0105 w por\u00f3wnaniu z osobami niepal\u0105cymi.<\/li>\n<li>Palenie pogarsza stan os\u00f3b z astm\u0105 i os\u0142abia dzia\u0142anie lek\u00f3w przeciwastmatycznych.<\/li>\n<li>Naczynia krwiono\u015bne w oku s\u0105 wra\u017cliwe i mog\u0105 zosta\u0107 uszkodzone przez palenie, powoduj\u0105c zaczerwienienie bia\u0142ek oczu i pocz\u0105tek pieczenia.<\/li>\n<li>Wielu palaczy dwukrotnie cz\u0119\u015bciej traci wzrok z powodu zwyrodnienia plamki \u017c\u00f3\u0142tej.<\/li>\n<li>Istnieje zwi\u0119kszone ryzyko za\u0107my.<\/li>\n<li>Palacze sp\u0119dzaj\u0105 o 25 procent wi\u0119cej dni na niezdolno\u015b\u0107 do pracy w por\u00f3wnaniu z osobami niepal\u0105cymi.<\/li>\n<li>Palenie \u017c\u00f3\u0142knie z\u0119b\u00f3w i dzi\u0105se\u0142.<\/li>\n<li>Palenie zwi\u0119ksza ryzyko paradantozy, kt\u00f3ra mo\u017ce powodowa\u0107 obrz\u0119k dzi\u0105se\u0142, nie\u015bwie\u017cy oddech i utrat\u0119 z\u0119b\u00f3w.<\/li>\n<li>Palenie powoduje kwa\u015bny posmak w ustach i mo\u017ce prowadzi\u0107 do wrzod\u00f3w.<\/li>\n<li>Palenie wp\u0142ywa na wygl\u0105d: ja\u015bniejsza sk\u00f3ra, wi\u0119cej zmarszczek. Dzieje si\u0119 tak, poniewa\u017c palenie zaburza kr\u0105\u017cenie krwi w sk\u00f3rze i obni\u017ca poziom witaminy A.<\/li>\n<\/ul>\n<h3>Palenie i impotencja<\/h3>\n<p>W przypadku m\u0119\u017cczyzn w wieku od 30 do 40 lat palenie zwi\u0119ksza ryzyko zaburze\u0144 erekcji o 50 procent.<br \/>\nDo erekcji dochodzi, gdy do pr\u0105cia nap\u0142ywa krew, co oznacza, \u017ce naczynia krwiono\u015bne musz\u0105 by\u0107 w dobrym stanie.<br \/>\nPalenie uszkadza naczynia krwiono\u015bne i wp\u0142ywa na ich zwyrodnienie: nikotyna zw\u0119\u017ca t\u0119tnice, kt\u00f3re wchodz\u0105 do penisa, zmniejszaj\u0105c przep\u0142yw krwi i ci\u015bnienie krwi w pr\u0105ciu.<br \/>\nDzia\u0142anie zw\u0119\u017caj\u0105ce naczynia nasila si\u0119 z czasem, wi\u0119c je\u015bli nie masz teraz problem\u00f3w, mog\u0105 pojawi\u0107 si\u0119 p\u00f3\u017aniej.<br \/>\nZaburzenia erekcji u palaczy powinny by\u0107 wczesnym sygna\u0142em ostrzegawczym, \u017ce fajka wodna ju\u017c uszkodzi\u0142a organizm i wp\u0142yn\u0119\u0142a na naczynia krwiono\u015bne, w tym te, kt\u00f3re zaopatruj\u0105 serce.<\/p>\n<\/div>","protected":false},"excerpt":{"rendered":"<p>Szkodliwo\u015b\u0107 palenia dla organizmu cz\u0142owieka Cho\u0107 informacje na temat szkodliwo\u015bci palenia dla organizmu nie s\u0105 tajne ani trudno dost\u0119pne, ludzie nadal nie rzucaj\u0105 palenia. Palenie pozostaje jedn\u0105 z g\u0142\u00f3wnych przyczyn chor\u00f3b i zgon\u00f3w. Mo\u017cesz je\u015b\u0107 owoce i warzywa oraz \u0107wiczy\u0107 codziennie, ale nie b\u0119dziesz zdrowy, je\u015bli nie rzucisz palenia. W tym artykule przedstawiamy informacje na temat palenia w celach profilaktycznych \u2013 Palenie i kupowanie [...]<\/p>","protected":false},"author":1,"featured_media":0,"parent":0,"menu_order":0,"comment_status":"closed","ping_status":"closed","template":"","meta":[],"_links":{"self":[{"href":"https:\/\/hookahshop.lt\/pl\/wp-json\/wp\/v2\/pages\/28939"}],"collection":[{"href":"https:\/\/hookahshop.lt\/pl\/wp-json\/wp\/v2\/pages"}],"about":[{"href":"https:\/\/hookahshop.lt\/pl\/wp-json\/wp\/v2\/types\/page"}],"author":[{"embeddable":true,"href":"https:\/\/hookahshop.lt\/pl\/wp-json\/wp\/v2\/users\/1"}],"replies":[{"embeddable":true,"href":"https:\/\/hookahshop.lt\/pl\/wp-json\/wp\/v2\/comments?post=28939"}],"version-history":[{"count":8,"href":"https:\/\/hookahshop.lt\/pl\/wp-json\/wp\/v2\/pages\/28939\/revisions"}],"predecessor-version":[{"id":29009,"href":"https:\/\/hookahshop.lt\/pl\/wp-json\/wp\/v2\/pages\/28939\/revisions\/29009"}],"wp:attachment":[{"href":"https:\/\/hookahshop.lt\/pl\/wp-json\/wp\/v2\/media?parent=28939"}],"curies":[{"name":"wp","href":"https:\/\/api.w.org\/{rel}","templated":true}]}}