{"id":32132,"date":"2022-04-12T00:12:16","date_gmt":"2022-04-11T21:12:16","guid":{"rendered":"https:\/\/hookahshop.lt\/?page_id=32132"},"modified":"2024-07-30T18:50:48","modified_gmt":"2024-07-30T15:50:48","slug":"karjera-kaljanu-parduotuveje","status":"publish","type":"page","link":"https:\/\/hookahshop.lt\/pl\/kariera-sklep-z-fajkami-wodnymi\/","title":{"rendered":"Kariera w sklepie z fajkami wodnymi"},"content":{"rendered":"<\/div><\/div><\/div><!-- close content main div --><\/div><\/div><div id='av_section_1' class='avia-section alternate_color avia-section-huge avia-no-border-styling avia-full-stretch av-section-color-overlay-active avia-bg-style-fixed    container_wrap sidebar_right' style = 'background-repeat: no-repeat; background-image: url(https:\/\/hookahshop.lt\/wp-content\/uploads\/2020\/05\/FT101255-bw.jpg); background-attachment: fixed; background-position: center center; ' data-section-bg-repeat='stretch' ><div class='av-section-color-overlay-wrap'><div class='av-section-color-overlay' style='opacity: 0.8; background-color: #000000; '><\/div><div class='container' ><div class='template-page content  av-content-small alpha units'><div class='post-entry post-entry-type-page post-entry-32132'><div class='entry-content-wrapper clearfix'>\n<div style='padding-bottom:30px;font-size:70px;' class='av-special-heading av-special-heading-h1  blockquote modern-quote modern-centered   av-thin-font av-inherit-size'><h1 class='av-special-heading-tag'  itemprop=\"headline\"  >Kariera w sklepie z fajkami wodnymi<strong>.<\/strong><\/h1><div class='special-heading-border'><div class='special-heading-inner-border' ><\/div><\/div><\/div>\n<div style='height:30px' class='hr hr-invisible'><span class='hr-inner' ><span class='hr-inner-style'><\/span><\/span><\/div>\n<div class=\"flex_column av_one_half  flex_column_div first\" style='border-width:1px; border-color:#ffffff; border-style:solid; padding:10px; border-radius:10px; '><section class=\"av_textblock_section\"  itemscope=\"itemscope\" itemtype=\"https:\/\/schema.org\/CreativeWork\" ><div class='avia_textblock  av_inherit_color'  style='color:#ffffff; '  itemprop=\"text\" ><h3 class=\"av-special-heading-tag\">Najwa\u017cniejsza jest dba\u0142o\u015b\u0107 o szczeg\u00f3\u0142y<\/h3>\n<p>Niezale\u017cnie od tego, czy jeste\u015b techniczny, kreatywny, czy niezr\u00f3wnany w swojej dziedzinie, zawsze ch\u0119tnie us\u0142yszymy od tych, kt\u00f3rzy czuj\u0105, \u017ce nale\u017c\u0105 do naszego zespo\u0142u!<\/p>\n<p>Znalezienie odpowiednich ludzi wymaga czasu. Jednak dzi\u0119ki ciekawo\u015bci i zadawaniu w\u0142a\u015bciwych pyta\u0144 odkrywamy w naszym zespole to, co najwa\u017cniejsze \u2013 wyj\u0105tkowo\u015b\u0107 ka\u017cdej osobowo\u015bci.<\/p>\n<\/div><\/section><\/div><div class=\"flex_column av_one_half  flex_column_div av-zero-column-padding\" style='border-radius:0px; '><p><div style='padding-bottom:20px;font-size:33px;' class='av-special-heading av-special-heading-h2  blockquote modern-quote modern-centered   av-inherit-size'><h2 class='av-special-heading-tag'  itemprop=\"headline\"  >Aktualne oferty pracy\u2026<\/h2><div class='special-heading-border'><div class='special-heading-inner-border' ><\/div><\/div><\/div><br \/>\n<div class=\"togglecontainer  toggle_close_all\">\n<section class=\"av_toggle_section\"  itemscope=\"itemscope\" itemtype=\"https:\/\/schema.org\/CreativeWork\" >    <div class=\"single_toggle\" data-tags=\"{All} \" >        <p data-fake-id=\"#toggle-id-1\" class=\"toggler activeTitle\"  itemprop=\"headline\" >Sprzedawca-konsultant fajek wodnych i akcesori\u00f3w do fajek wodnych<span class=\"toggle_icon\">        <span class=\"vert_icon\"><\/span><span class=\"hor_icon\"><\/span><\/span><\/p>        <div id=\"toggle-id-1-container\" class=\"toggle_wrap active_tc\" >            <div class=\"toggle_content invers-color\"  itemprop=\"text\" ><p>Poszukujemy cz\u0142onka zespo\u0142u, kt\u00f3ry do\u0142\u0105czy do zespo\u0142u sklepu z akcesoriami do fajek wodnych i fajek wodnych Hookahshop.lt! W sklepie stacjonarnym przy ulicy Kedr\u0173 3 w Wilnie potrzebny jest sprzedawca-konsultant, kt\u00f3ry potrafi odpowiednio komunikowa\u0107 si\u0119 z klientami i doradza\u0107 im w zakresie produkt\u00f3w, a tak\u017ce realizowa\u0107 cele sprzeda\u017cowe.<\/p>\n<p><strong>Podstawowe wymagania:<\/strong><br \/>\n\u2013 Masz do\u015bwiadczenie lub interesujesz si\u0119 rynkiem fajki wodnej (bez do\u015bwiadczenia Ci\u0119 przeszkolimy)<br \/>\n- Umiej\u0119tno\u015b\u0107 komunikowania si\u0119 z klientami<br \/>\n- Komunikatywno\u015b\u0107<br \/>\n- Ch\u0119\u0107 do pracy i doskonalenia si\u0119<br \/>\n- Poprawny j\u0119zyk litewski<br \/>\n\u2013 zna\u0107 j\u0119zyk obcy (angielski i\/lub rosyjski)<br \/>\n- Znajomo\u015b\u0107 obs\u0142ugi komputera.<\/p>\n<p><strong>Specyfika pracy:<\/strong><br \/>\n- Konsultacje z klientami w sklepie stacjonarnym i internetowym<br \/>\n- Komunikacja z klientami<br \/>\n- Znajomo\u015b\u0107 gam produkt\u00f3w i \u015bledzenia salda<br \/>\n- Praca z kas\u0105 fiskaln\u0105<br \/>\n- Pakowanie i nadawanie paczek<br \/>\n- Organizowanie i utrzymywanie stanowiska pracy w czysto\u015bci<br \/>\n- Przyjmowanie nowych towar\u00f3w i uk\u0142adanie ich na p\u00f3\u0142kach (maksymalna waga 1 kartonu to 20 kg).<\/p>\n<p><strong>Wynagrodzenie od 5-7Eur\/h po opodatkowaniu i premiach w zale\u017cno\u015bci od wynik\u00f3w sprzeda\u017cy i do\u015bwiadczenia. Wynagrodzenie jest progresywne! <\/strong><\/p>\n<p><strong>Praca na pe\u0142en lub p\u00f3\u0142 etatu (od 12:00 do 20:00).<\/strong><\/p>\n            <\/div>        <\/div>    <\/div><\/section>\n<\/div><br \/>\n<div  class='hr hr-default'><span class='hr-inner' ><span class='hr-inner-style'><\/span><\/span><\/div><br \/>\n<section class=\"av_textblock_section\"  itemscope=\"itemscope\" itemtype=\"https:\/\/schema.org\/CreativeWork\" ><div class='avia_textblock'   itemprop=\"text\" ><p>Je\u015bli chcesz zosta\u0107 cz\u0142onkiem naszego zespo\u0142u, wy\u015blij swoje CV na adres info@hookahshop.lt z za\u0142\u0105cznikiem \u201eCV sprzedawca-konsultant Hookahshop\u201d! Je\u015bli masz jakie\u015b pytania, zadaj je telefonicznie - <a href=\"tel: 869226633\">869226633<\/a> lub Facebooka - <a href=\"https:\/\/www.facebook.com\/HookahShop.lt\" target=\"_blank\" rel=\"noopener\">https:\/\/www.facebook.com\/HookahShop.lt<\/a><br \/>\nZapraszamy do do\u0142\u0105czenia do zespo\u0142u HookahShop.lt!<\/p>\n<\/div><\/section><\/p><\/div><div class=\"flex_column av_one_full  flex_column_div av-zero-column-padding first\" style='border-radius:0px; '><\/div><\/div><\/div><\/div><!-- close content main div --><\/div><\/div><\/div><div id='after_section_1' class='main_color av_default_container_wrap container_wrap sidebar_right'   ><div class='container' ><div class='template-page content  av-content-small alpha units'><div class='post-entry post-entry-type-page post-entry-32132'><div class='entry-content-wrapper clearfix'>","protected":false},"excerpt":{"rendered":"","protected":false},"author":1,"featured_media":32169,"parent":0,"menu_order":0,"comment_status":"closed","ping_status":"closed","template":"","meta":[],"_links":{"self":[{"href":"https:\/\/hookahshop.lt\/pl\/wp-json\/wp\/v2\/pages\/32132"}],"collection":[{"href":"https:\/\/hookahshop.lt\/pl\/wp-json\/wp\/v2\/pages"}],"about":[{"href":"https:\/\/hookahshop.lt\/pl\/wp-json\/wp\/v2\/types\/page"}],"author":[{"embeddable":true,"href":"https:\/\/hookahshop.lt\/pl\/wp-json\/wp\/v2\/users\/1"}],"replies":[{"embeddable":true,"href":"https:\/\/hookahshop.lt\/pl\/wp-json\/wp\/v2\/comments?post=32132"}],"version-history":[{"count":31,"href":"https:\/\/hookahshop.lt\/pl\/wp-json\/wp\/v2\/pages\/32132\/revisions"}],"predecessor-version":[{"id":39654,"href":"https:\/\/hookahshop.lt\/pl\/wp-json\/wp\/v2\/pages\/32132\/revisions\/39654"}],"wp:featuredmedia":[{"embeddable":true,"href":"https:\/\/hookahshop.lt\/pl\/wp-json\/wp\/v2\/media\/32169"}],"wp:attachment":[{"href":"https:\/\/hookahshop.lt\/pl\/wp-json\/wp\/v2\/media?parent=32132"}],"curies":[{"name":"wp","href":"https:\/\/api.w.org\/{rel}","templated":true}]}}