{"id":856,"date":"2016-05-11T13:48:44","date_gmt":"2016-05-11T13:48:44","guid":{"rendered":"http:\/\/wpoffice\/enfold-fitness\/?page_id=513"},"modified":"2025-05-16T17:10:57","modified_gmt":"2025-05-16T14:10:57","slug":"kontaktai","status":"publish","type":"page","link":"https:\/\/hookahshop.lt\/pl\/lacznosc\/","title":{"rendered":"\u0141\u0105czno\u015b\u0107"},"content":{"rendered":"<\/div><\/div><\/div><!-- close content main div --><\/div><\/div><div id='av_section_1' class='avia-section alternate_color avia-section-huge avia-no-border-styling avia-full-stretch av-section-color-overlay-active avia-bg-style-fixed    container_wrap sidebar_right' style = 'background-repeat: no-repeat; background-image: url(https:\/\/hookahshop.lt\/wp-content\/uploads\/2020\/05\/FT101255-bw.jpg); background-attachment: fixed; background-position: center center; ' data-section-bg-repeat='stretch' ><div class='av-section-color-overlay-wrap'><div class='av-section-color-overlay' style='opacity: 0.8; background-color: #000000; '><\/div><div class='container' ><div class='template-page content  av-content-small alpha units'><div class='post-entry post-entry-type-page post-entry-856'><div class='entry-content-wrapper clearfix'>\n<div style='padding-bottom:30px;font-size:70px;' class='av-special-heading av-special-heading-h1  blockquote modern-quote   av-thin-font av-inherit-size'><h1 class='av-special-heading-tag'  itemprop=\"headline\"  >Nasze kontakty<strong>.<\/strong><\/h1><div class='special-heading-border'><div class='special-heading-inner-border' ><\/div><\/div><\/div>\n<div class=\"flex_column av_two_fifth  flex_column_div av-zero-column-padding first\" style='border-radius:0px; '><section class=\"av_textblock_section\"  itemscope=\"itemscope\" itemtype=\"https:\/\/schema.org\/CreativeWork\" ><div class='avia_textblock'   itemprop=\"text\" ><p><strong>Informacje kontaktowe:\u00a0 \u00a0<\/strong><br \/>\nSklep fizyczny: <a href=\"tel:+37062664488\">+370 62664488<\/a><br \/>\nOg\u00f3lny: <a href=\"tel:+37069226633\">+370 69226633<\/a><br \/>\nWhatsApp \/ Viber \/ Telegram<br \/>\nEl. Poczta: <a style=\"color: #fff;\" href=\"mailto:info@hookahshop.lt\">info@hookahshop.lt<\/a><br \/>\n<a href=\"https:\/\/hookahshop.lt\/pl\/kariera-sklep-z-fajkami-wodnymi\/\">Oferty pracy - Kariera<\/a><\/p>\n<\/div><\/section><\/div><div class=\"flex_column av_one_third  flex_column_div av-zero-column-padding\" style='border-radius:0px; '><section class=\"av_textblock_section\"  itemscope=\"itemscope\" itemtype=\"https:\/\/schema.org\/CreativeWork\" ><div class='avia_textblock'   itemprop=\"text\" ><p><strong>Informacje o aktywno\u015bci:\u00a0 \u00a0 \u00a0<\/strong><\/p>\n<p>Nazwa firmy: MB LBA PROJEKTAI<br \/>\nFirmowe konto bankowe: LT927300010164455789<br \/>\nKod firmy: 305611977<br \/>\nAdresas: Kedr\u0173 g. 3-102, LT-03116 Vilnius<br \/>\nKod p\u0142atnika VAT: LT100013365018<br \/>\nKierownik: Anton Prokopov<\/p>\n<\/div><\/section><\/div><div class=\"flex_column av_one_half  flex_column_div av-zero-column-padding first\" style='border-radius:0px; '><p><section class=\"av_textblock_section\"  itemscope=\"itemscope\" itemtype=\"https:\/\/schema.org\/CreativeWork\" ><div class='avia_textblock'   itemprop=\"text\" ><p><strong>Hookahshop Fizyczny sklep w Wilnie z fajkami wodnymi, tytoniem i akcesoriami do fajki wodnej:\u00a0 \u00a0 \u00a0<\/strong><\/p>\n<p>Vilnius \u2013 Kedr\u0173 g. 7, Lietuva<br \/>\nNumer telefonu: <a href=\"tel:862664488\">+370 62664488<\/a><\/p>\n<p>pon.-pt.: 12:00-20:00<br \/>\nSobota: 12:00-20:00<br \/>\nNiedziela: e-commerce<\/p>\n<\/div><\/section><br \/>\n<div class='avia-image-container  av-styling- av-hover-grow    avia-align-center'  itemscope=\"itemscope\" itemtype=\"https:\/\/schema.org\/ImageObject\"  ><div class='avia-image-container-inner'><a href=\"https:\/\/goo.gl\/maps\/Pxwa56JiKtpWrmaq7\" class=\"avia_image\" target=\"_blank\" rel=\"noopener\"><img class='avia_image' src='https:\/\/hookahshop.lt\/wp-content\/uploads\/2021\/08\/zemelapis2.jpg' alt='fizyczny sklep z fajkami wodnymi w wilnie' title='fizyczny sklep z fajkami wodnymi w wilnie'  itemprop=\"thumbnailUrl\"  \/><\/a><\/div><\/div><br \/>\n<div class='avia-button-wrap avia-button-center'><a href=\"https:\/\/goo.gl\/maps\/Pxwa56JiKtpWrmaq7\" class=\"avia-button   avia-icon_select-yes-left-icon avia-color-theme-color avia-size-small avia-position-center\" target=\"_blank\" rel=\"noopener\"><span class='avia_button_icon avia_button_icon_left' aria-hidden='true' data-av_icon='\ue842' data-av_iconfont='entypo-fontello'><\/span><span class='avia_iconbox_title' >Otw\u00f3rz map\u0119<\/span><\/a><\/div><\/p><\/div><div class=\"flex_column av_one_half  flex_column_div av-zero-column-padding\" style='border-radius:0px; '><p><section class=\"av_textblock_section\"  itemscope=\"itemscope\" itemtype=\"https:\/\/schema.org\/CreativeWork\" ><div class='avia_textblock'   itemprop=\"text\" ><p><strong>Sklep z fajkami wodnymi i akcesoriami do fajek wodnych<\/strong><b>\u00a0punkt zbiorczy:<\/b><\/p>\n<p>Vilnius \u2013 A. J. Povilai\u010dio g. 18, Lietuva<br \/>\nNumer telefonu: <a href=\"tel:869226633\">+370 69226633<\/a><\/p>\n<p>Pon-Pt: 10:00-22:00<br \/>\nSobota: e-commerce<br \/>\nNiedziela: e-commerce<\/p>\n<\/div><\/section><br \/>\n<div class='avia-image-container  av-styling- av-hover-grow    avia-align-center'  itemscope=\"itemscope\" itemtype=\"https:\/\/schema.org\/ImageObject\"  ><div class='avia-image-container-inner'><a href=\"https:\/\/g.page\/hookahshop-kaljanai?share\" class=\"avia_image\" target=\"_blank\"><img class='avia_image' src='https:\/\/hookahshop.lt\/wp-content\/uploads\/2021\/08\/zemelapis3.jpg' alt='sklep z fajkami wodnymi w Wilnie architekt' title='sklep z fajkami wodnymi w Wilnie architekt'  itemprop=\"thumbnailUrl\"  \/><\/a><\/div><\/div><br \/>\n<div class='avia-button-wrap avia-button-center'><a href=\"https:\/\/g.page\/hookahshop-kaljanai?share\" class=\"avia-button   avia-icon_select-yes-left-icon avia-color-theme-color avia-size-small avia-position-center\" target=\"_blank\"><span class='avia_button_icon avia_button_icon_left' aria-hidden='true' data-av_icon='\ue842' data-av_iconfont='entypo-fontello'><\/span><span class='avia_iconbox_title' >Otw\u00f3rz map\u0119<\/span><\/a><\/div><\/p><\/div><div class=\"flex_column av_three_fifth  flex_column_div av-zero-column-padding first\" style='border-radius:0px; '><p><div style='padding-bottom:20px;font-size:50px;' class='av-special-heading av-special-heading-h2  blockquote modern-quote modern-centered   av-thin-font av-inherit-size'><h2 class='av-special-heading-tag'  itemprop=\"headline\"  >Kontakt mailowy<strong>.<\/strong><\/h2><div class='special-heading-border'><div class='special-heading-inner-border' ><\/div><\/div><\/div><br \/>\n<section class=\"av_textblock_section\"  itemscope=\"itemscope\" itemtype=\"https:\/\/schema.org\/CreativeWork\" ><div class='avia_textblock'   itemprop=\"text\" ><div role=\"form\" class=\"wpcf7\" id=\"wpcf7-f20786-o1\" lang=\"lt-LT\" dir=\"ltr\">\n<div class=\"screen-reader-response\"><p role=\"status\" aria-live=\"polite\" aria-atomic=\"true\"><\/p> <ul><\/ul><\/div>\n<form action=\"\/pl\/wp-json\/wp\/v2\/pages\/856#wpcf7-f20786-o1\" method=\"post\" class=\"wpcf7-form init\" novalidate=\"novalidate\" data-status=\"init\" data-trp-original-action=\"\/pl\/wp-json\/wp\/v2\/pages\/856#wpcf7-f20786-o1\">\n<div style=\"display: none;\">\n<input type=\"hidden\" name=\"_wpcf7\" value=\"20786\" \/>\n<input type=\"hidden\" name=\"_wpcf7_version\" value=\"5.5.4\" \/>\n<input type=\"hidden\" name=\"_wpcf7_locale\" value=\"lt_LT\" \/>\n<input type=\"hidden\" name=\"_wpcf7_unit_tag\" value=\"wpcf7-f20786-o1\" \/>\n<input type=\"hidden\" name=\"_wpcf7_container_post\" value=\"0\" \/>\n<input type=\"hidden\" name=\"_wpcf7_posted_data_hash\" value=\"\" \/>\n<input type=\"hidden\" name=\"_wpcf7_recaptcha_response\" value=\"\" \/>\n<\/div>\n<div class=\"rowa\">\n<div class=\"columna\">\n<label> Nazwa<br \/>\n    <span class=\"wpcf7-form-control-wrap your-name\"><input type=\"text\" name=\"your-name\" value=\"\" size=\"40\" class=\"wpcf7-form-control wpcf7-text wpcf7-validates-as-required\" aria-required=\"true\" aria-invalid=\"false\" \/><\/span> <\/label><\/div>\n<div class=\"columna\">\n<label> E-mail<br \/>\n    <span class=\"wpcf7-form-control-wrap your-email\"><input type=\"email\" name=\"your-email\" value=\"\" size=\"40\" class=\"wpcf7-form-control wpcf7-text wpcf7-email wpcf7-validates-as-required wpcf7-validates-as-email\" aria-required=\"true\" aria-invalid=\"false\" \/><\/span> <\/label><\/div>\n<div class=\"columna\">\n<label> Motyw<br \/>\n    <span class=\"wpcf7-form-control-wrap your-subject\"><input type=\"text\" name=\"your-subject\" value=\"\" size=\"40\" class=\"wpcf7-form-control wpcf7-text\" aria-invalid=\"false\" \/><\/span> <\/label><\/div>\n<div class=\"columna\">\n<label> Numer telefonu<br \/>\n    <span class=\"wpcf7-form-control-wrap telefonas\"><input type=\"text\" name=\"telefonas\" value=\"\" size=\"40\" class=\"wpcf7-form-control wpcf7-text\" aria-invalid=\"false\" \/><\/span> <\/label><\/div>\n<div class=\"columnaf\">\n<label> Wiadomo\u015b\u0107<br \/>\n    <span class=\"wpcf7-form-control-wrap your-message\"><textarea name=\"your-message\" cols=\"40\" rows=\"10\" class=\"wpcf7-form-control wpcf7-textarea\" aria-invalid=\"false\"><\/textarea><\/span> <\/label>\n<\/div>\n<\/div>\n<p><input type=\"submit\" value=\"Wys\u0142a\u0107 wiadomo\u015b\u0107\" class=\"wpcf7-form-control has-spinner wpcf7-submit\" \/><\/p>\n<p style=\"display: none !important;\" class=\"akismet-fields-container\" data-prefix=\"_wpcf7_ak_\"><label>&#916;<textarea name=\"_wpcf7_ak_hp_textarea\" cols=\"45\" rows=\"8\" maxlength=\"100\"><\/textarea><\/label><input type=\"hidden\" id=\"ak_js_1\" name=\"_wpcf7_ak_js\" value=\"247\"\/><script>document.getElementById( \"ak_js_1\" ).setAttribute( \"value\", ( new Date() ).getTime() );<\/script><\/p><div class=\"wpcf7-response-output\" aria-hidden=\"true\"><\/div><input type=\"hidden\" name=\"trp-form-language\" value=\"pl\"\/><\/form><\/div>\n<\/div><\/section><\/p><\/div><div class=\"flex_column av_two_fifth  flex_column_div av-zero-column-padding\" style='border-radius:0px; '><p><div style='padding-bottom:20px;font-size:50px;' class='av-special-heading av-special-heading-h2  blockquote modern-quote modern-centered   av-thin-font av-inherit-size'><h2 class='av-special-heading-tag'  itemprop=\"headline\"  >O sklepie<strong>&#8230;<\/strong><\/h2><div class='special-heading-border'><div class='special-heading-inner-border' ><\/div><\/div><\/div><br \/>\n<section class=\"av_textblock_section\"  itemscope=\"itemscope\" itemtype=\"https:\/\/schema.org\/CreativeWork\" ><div class='avia_textblock'   itemprop=\"text\" ><p>Dzi\u0119kujemy za zainteresowanie naszym sklepem, kupuj\u0105c nasze towary, wspierasz nasz rozw\u00f3j i przyczyniasz si\u0119 do rozwoju naszej du\u017cej spo\u0142eczno\u015bci mi\u0142o\u015bnik\u00f3w fajki wodnej.<\/p>\n<\/div><\/section><br \/>\n<section class=\"av_textblock_section\"  itemscope=\"itemscope\" itemtype=\"https:\/\/schema.org\/CreativeWork\" ><div class='avia_textblock  av_inherit_color'  style='color:#ffffff; '  itemprop=\"text\" ><p>W sklepie HookahShop.lt mo\u017cna kupi\u0107 fajki wodne i akcesoria do nich, w\u0119giel i kubki do fajki wodnej, a tak\u017ce akcesoria. W HookahShop znajdziesz produkty najbardziej znanych marek ju\u017c obecnych na rynku fajki wodnej, kt\u00f3re s\u0105 nowo rozwijaj\u0105ce si\u0119 i szybko si\u0119 rozwijaj\u0105. Zawsze s\u0142u\u017cymy rad\u0105 na ka\u017cde pytanie, a otrzymasz odpowied\u017a od naszych konsultant\u00f3w, kt\u00f3rzy jak nikt inny znaj\u0105 towar na sklepowych p\u00f3\u0142kach i pomog\u0105 Ci zdecydowa\u0107.<\/p>\n<\/div><\/section><br \/>\n<div style='padding-bottom:20px;font-size:33px;' class='av-special-heading av-special-heading-h2  blockquote modern-quote modern-centered   av-inherit-size'><h2 class='av-special-heading-tag'  itemprop=\"headline\"  >Cz\u0119sto Zadawane Pytania<\/h2><div class ='av-subheading av-subheading_below' style='font-size:15px;'><p>O fajkach wodnych, kubkach, akcesoriach i wszystkim innym.<\/p>\n<\/div><div class='special-heading-border'><div class='special-heading-inner-border' ><\/div><\/div><\/div><br \/>\n<div class=\"togglecontainer  toggle_close_all\">\n<section class=\"av_toggle_section\"  itemscope=\"itemscope\" itemtype=\"https:\/\/schema.org\/CreativeWork\" >    <div class=\"single_toggle\" data-tags=\"{All} \" >        <p data-fake-id=\"#toggle-id-1\" class=\"toggler\"  itemprop=\"headline\" >Jaki haczyk wybra\u0107 za tak\u0105 a tak\u0105 kwot\u0119?<span class=\"toggle_icon\">        <span class=\"vert_icon\"><\/span><span class=\"hor_icon\"><\/span><\/span><\/p>        <div id=\"toggle-id-1-container\" class=\"toggle_wrap\" >            <div class=\"toggle_content invers-color\"  itemprop=\"text\" ><p><span class=\"tojvnm2t a6sixzi8 abs2jz4q a8s20v7p t1p8iaqh k5wvi7nf q3lfd5jv pk4s997a bipmatt0 cebpdrjk qowsmv63 owwhemhu dp1hu0rb dhp61c6y iyyx5f41\">Mamy fajki wodne i zestawy fajki wodnej od 55eur, wszystko zale\u017cy od dost\u0119pnego bud\u017cetu. Polecamy przede wszystkim wyb\u00f3r zestawu do fajki wodnej, poniewa\u017c zawiera wszystkie niezb\u0119dne akcesoria do fajki wodnej, nie trzeba zastanawia\u0107 si\u0119, z kim zastawi\u0107, wi\u0119c b\u0119dzie \u0142atwiej. Zestaw fajki wodnej mo\u017cna r\u00f3wnie\u017c wybra\u0107 zgodnie z mo\u017cliwym bud\u017cetem. Jednocze\u015bnie mo\u017cemy zaoferowa\u0107 szerok\u0105 gam\u0119 niekompletnych fajek wodnych, kt\u00f3re mo\u017cna skompletowa\u0107 indywidualnie wed\u0142ug w\u0142asnych potrzeb.<\/span><\/p>\n            <\/div>        <\/div>    <\/div><\/section>\n<section class=\"av_toggle_section\"  itemscope=\"itemscope\" itemtype=\"https:\/\/schema.org\/CreativeWork\" >    <div class=\"single_toggle\" data-tags=\"{All} \" >        <p data-fake-id=\"#toggle-id-2\" class=\"toggler\"  itemprop=\"headline\" >Czy mamy p\u0142yty w\u0119glowe?<span class=\"toggle_icon\">        <span class=\"vert_icon\"><\/span><span class=\"hor_icon\"><\/span><\/span><\/p>        <div id=\"toggle-id-2-container\" class=\"toggle_wrap\" >            <div class=\"toggle_content invers-color\"  itemprop=\"text\" ><p><span class=\"tojvnm2t a6sixzi8 abs2jz4q a8s20v7p t1p8iaqh k5wvi7nf q3lfd5jv pk4s997a bipmatt0 cebpdrjk qowsmv63 owwhemhu dp1hu0rb dhp61c6y iyyx5f41\">Mamy rozpalacz na w\u0119giel drzewny i nazywa si\u0119 to p\u0142yt\u0105 grzejn\u0105 lub tosterem, kt\u00f3ry jest zasilany napi\u0119ciem 220V. P\u0142yta jest ta\u0144sza o 10eur, ale szybciej si\u0119 psuje, poniewa\u017c u\u017cywany przedmiot nie jest zgodny z przeznaczeniem. Tostery bardziej nadaj\u0105 si\u0119 do wykorzystania motywu fajki wodnej, ale s\u0105 dro\u017csze. Jest to r\u00f3wnie\u017c kuchenka turystyczna z butlami gazowymi, jest to bardzo praktyczna rzecz podczas podr\u00f3\u017cy bez \u017ar\u00f3d\u0142a pr\u0105du.<\/span><\/p>\n            <\/div>        <\/div>    <\/div><\/section>\n<section class=\"av_toggle_section\"  itemscope=\"itemscope\" itemtype=\"https:\/\/schema.org\/CreativeWork\" >    <div class=\"single_toggle\" data-tags=\"{All} \" >        <p data-fake-id=\"#toggle-id-3\" class=\"toggler\"  itemprop=\"headline\" >Sprzedajemy tyto\u0144?<span class=\"toggle_icon\">        <span class=\"vert_icon\"><\/span><span class=\"hor_icon\"><\/span><\/span><\/p>        <div id=\"toggle-id-3-container\" class=\"toggle_wrap\" >            <div class=\"toggle_content invers-color\"  itemprop=\"text\" ><p><span class=\"tojvnm2t a6sixzi8 abs2jz4q a8s20v7p t1p8iaqh k5wvi7nf q3lfd5jv pk4s997a bipmatt0 cebpdrjk qowsmv63 owwhemhu dp1hu0rb dhp61c6y iyyx5f41\">Wyroby tytoniowe mo\u017cemy sprzedawa\u0107 wy\u0142\u0105cznie w sklepach stacjonarnych Hookahshop Fizyczny sklep Kedr\u0173 ul. 3, Wilno\u00a0<\/span><\/p>\n            <\/div>        <\/div>    <\/div><\/section>\n<section class=\"av_toggle_section\"  itemscope=\"itemscope\" itemtype=\"https:\/\/schema.org\/CreativeWork\" >    <div class=\"single_toggle\" data-tags=\"{All} \" >        <p data-fake-id=\"#toggle-id-4\" class=\"toggler\"  itemprop=\"headline\" >Szukasz prezentu, jaki wybra\u0107?<span class=\"toggle_icon\">        <span class=\"vert_icon\"><\/span><span class=\"hor_icon\"><\/span><\/span><\/p>        <div id=\"toggle-id-4-container\" class=\"toggle_wrap\" >            <div class=\"toggle_content invers-color\"  itemprop=\"text\" ><p>\u015awietny prezent dla m\u0119\u017cczyzny lub innego palacza - zestaw fajki wodnej lub fajki wodnej. A je\u015bli ju\u017c posiadasz fajk\u0119 wodn\u0105, ale chcesz j\u0105 podarowa\u0107 w prezencie - mo\u017cesz dokupi\u0107 r\u00f3\u017cne akcesoria do fajki wodnej, kt\u00f3re nie tylko b\u0119d\u0105 wysokiej jako\u015bci i trwa\u0142e, ale r\u00f3wnie\u017c b\u0119d\u0105 \u015bwietnym prezentem dla m\u0119\u017ca lub palacza.<\/p>\n            <\/div>        <\/div>    <\/div><\/section>\n<section class=\"av_toggle_section\"  itemscope=\"itemscope\" itemtype=\"https:\/\/schema.org\/CreativeWork\" >    <div class=\"single_toggle\" data-tags=\"{All} \" >        <p data-fake-id=\"#toggle-id-5\" class=\"toggler\"  itemprop=\"headline\" >Jaki kubek wybra\u0107 na fajk\u0119 wodn\u0105?<span class=\"toggle_icon\">        <span class=\"vert_icon\"><\/span><span class=\"hor_icon\"><\/span><\/span><\/p>        <div id=\"toggle-id-5-container\" class=\"toggle_wrap\" >            <div class=\"toggle_content invers-color\"  itemprop=\"text\" ><p>Aby dowiedzie\u0107 si\u0119 wi\u0119cej o tym, kt\u00f3ry kubek do fajki wodnej wybra\u0107 - sugerujemy najpierw przeczyta\u0107 nasz artyku\u0142 <a href=\"https:\/\/hookahshop.lt\/pl\/shisha-cup-rosjanie-i-wlasciwosci\/\" data-schema-attribute=\"\">o w\u0142a\u015bciwo\u015bciach kubk\u00f3w<\/a>. Zalecamy r\u00f3wnie\u017c rozpocz\u0119cie od \u201e<a href=\"https:\/\/hookahshop.lt\/pl\/kategoria-produktu\/priedai-kaljanui\/taureles-kaljanui\/\">turecki<\/a>&quot;Lub&quot;<a href=\"https:\/\/hookahshop.lt\/pl\/kategoria-produktu\/priedai-kaljanui\/taureles-kaljanui\/\">Zab\u00f3jca<\/a>\u201eFili\u017canki kszta\u0142towe, aby lepiej pozna\u0107 w\u0142a\u015bciwo\u015bci kubk\u00f3w i znale\u017a\u0107 odpowiedni\u0105 dla siebie.<\/p>\n            <\/div>        <\/div>    <\/div><\/section>\n<\/div><\/p><\/div><div class=\"flex_column av_three_fifth  flex_column_div av-zero-column-padding first\" style='border-radius:0px; '><\/div><div class=\"flex_column av_one_full  flex_column_div av-zero-column-padding first\" style='border-radius:0px; '><\/div><\/div><\/div><\/div><!-- close content main div --><\/div><\/div><\/div><div id='after_section_1' class='main_color av_default_container_wrap container_wrap sidebar_right'   ><div class='container' ><div class='template-page content  av-content-small alpha units'><div class='post-entry post-entry-type-page post-entry-856'><div class='entry-content-wrapper clearfix'>","protected":false},"excerpt":{"rendered":"","protected":false},"author":1,"featured_media":12491,"parent":0,"menu_order":0,"comment_status":"closed","ping_status":"closed","template":"","meta":[],"_links":{"self":[{"href":"https:\/\/hookahshop.lt\/pl\/wp-json\/wp\/v2\/pages\/856"}],"collection":[{"href":"https:\/\/hookahshop.lt\/pl\/wp-json\/wp\/v2\/pages"}],"about":[{"href":"https:\/\/hookahshop.lt\/pl\/wp-json\/wp\/v2\/types\/page"}],"author":[{"embeddable":true,"href":"https:\/\/hookahshop.lt\/pl\/wp-json\/wp\/v2\/users\/1"}],"replies":[{"embeddable":true,"href":"https:\/\/hookahshop.lt\/pl\/wp-json\/wp\/v2\/comments?post=856"}],"version-history":[{"count":102,"href":"https:\/\/hookahshop.lt\/pl\/wp-json\/wp\/v2\/pages\/856\/revisions"}],"predecessor-version":[{"id":41900,"href":"https:\/\/hookahshop.lt\/pl\/wp-json\/wp\/v2\/pages\/856\/revisions\/41900"}],"wp:featuredmedia":[{"embeddable":true,"href":"https:\/\/hookahshop.lt\/pl\/wp-json\/wp\/v2\/media\/12491"}],"wp:attachment":[{"href":"https:\/\/hookahshop.lt\/pl\/wp-json\/wp\/v2\/media?parent=856"}],"curies":[{"name":"wp","href":"https:\/\/api.w.org\/{rel}","templated":true}]}}