{"id":10470,"date":"2020-07-18T11:16:58","date_gmt":"2020-07-18T08:16:58","guid":{"rendered":"https:\/\/hookahshop.lt\/?post_type=product&#038;p=10470"},"modified":"2026-04-19T23:29:21","modified_gmt":"2026-04-19T20:29:21","slug":"taurele-kaljanui-njn-hookah-kill-japana-style","status":"publish","type":"product","link":"https:\/\/hookahshop.lt\/pl\/produkt\/puchar-szisza-njn-szisza-zabij-w-stylu-japonskim\/","title":{"rendered":"Szisza Kubek NJN HOOKAH Zabij Japan Style"},"content":{"rendered":"<h2>Szisza Kubek NJN HOOKAH Zabij Japan Style<\/h2>\n<p>Zab\u00f3jczy kszta\u0142t miseczki, w pe\u0142ni przeszklony z r\u00f3\u017cnymi wzorami w stylu japo\u0144skim. Kwiatowe wzory pi\u0119knie zdobi\u0105 wygl\u0105d kubka.<\/p>\n<p>NJN Hookah Kill Japana Style wykonana jest z bia\u0142ej glinki i pokryta szkliwem. Przekazuj\u0105 wspania\u0142y smak i \u015bwietnie wygl\u0105daj\u0105. Kraw\u0119d\u017a kubka jest nieszkliwiona, co zapobiega przesuwaniu si\u0119 komory grzewczej.<\/p>\n<p>Idealny do tytoni mocnych i bardzo mocnych, ale tytonie lekkie r\u00f3wnie\u017c b\u0119d\u0105 dobrze pali\u0107. Konsumpcja tytoniu wynosi oko\u0142o 16-20 gram\u00f3w.<\/p>\n<p>Czy masz jakie\u015b pytania? Skontaktuj si\u0119 z nami\u00a0<a href=\"https:\/\/hookahshop.lt\/pl\/lacznosc\/\">strona z kontaktami<\/a>\u00a0lub napisz do nas na adres\u00a0<a href=\"https:\/\/facebook.com\/HookahShop.lt\/\" target=\"_blank\" rel=\"noopener noreferrer\">konto na Facebooku<\/a>\u00a0a my odpowiemy na Twoj\u0105 pro\u015bb\u0119 tego samego dnia.<\/p>","protected":false},"excerpt":{"rendered":"<p>Miska na fajk\u0119 wodn\u0105 NJN HOOKAH Kill Japana Style Kszta\u0142t misy \u201ekiller\u201d, w ca\u0142o\u015bci pokryta szkliwem z r\u00f3\u017cnymi wzorami w stylu japo\u0144skim. Kwiatowe wzory pi\u0119knie zdobi\u0105 wygl\u0105d kubka. NJN Hookah Kill Japana Style wykonana jest z bia\u0142ej glinki i pokryta szkliwem. Przekazuj\u0105 wspania\u0142y smak i \u015bwietnie wygl\u0105daj\u0105. Kraw\u0119d\u017a kubka jest nieszkliwiona, co zapobiega przesuwaniu si\u0119 komory grzewczej. [\u2026]<\/p>","protected":false},"featured_media":10471,"comment_status":"open","ping_status":"closed","template":"","meta":[],"_links":{"self":[{"href":"https:\/\/hookahshop.lt\/pl\/wp-json\/wp\/v2\/product\/10470"}],"collection":[{"href":"https:\/\/hookahshop.lt\/pl\/wp-json\/wp\/v2\/product"}],"about":[{"href":"https:\/\/hookahshop.lt\/pl\/wp-json\/wp\/v2\/types\/product"}],"replies":[{"embeddable":true,"href":"https:\/\/hookahshop.lt\/pl\/wp-json\/wp\/v2\/comments?post=10470"}],"version-history":[{"count":3,"href":"https:\/\/hookahshop.lt\/pl\/wp-json\/wp\/v2\/product\/10470\/revisions"}],"predecessor-version":[{"id":23124,"href":"https:\/\/hookahshop.lt\/pl\/wp-json\/wp\/v2\/product\/10470\/revisions\/23124"}],"wp:featuredmedia":[{"embeddable":true,"href":"https:\/\/hookahshop.lt\/pl\/wp-json\/wp\/v2\/media\/10471"}],"wp:attachment":[{"href":"https:\/\/hookahshop.lt\/pl\/wp-json\/wp\/v2\/media?parent=10470"}],"curies":[{"name":"wp","href":"https:\/\/api.w.org\/{rel}","templated":true}]}}