{"id":10489,"date":"2020-07-18T11:34:06","date_gmt":"2020-07-18T08:34:06","guid":{"rendered":"https:\/\/hookahshop.lt\/?post_type=product&#038;p=10489"},"modified":"2024-08-22T12:53:59","modified_gmt":"2024-08-22T09:53:59","slug":"taurele-kaljanui-telamon-classic-bowl-glaze","status":"publish","type":"product","link":"https:\/\/hookahshop.lt\/pl\/produkt\/miska-szisza-telamon-klasyczna-miska-glazura\/","title":{"rendered":"Haczyk do TELAMON Classic Bowl Glaze"},"content":{"rendered":"<h2>Haczyk do TELAMON Classic Bowl Glaze<\/h2>\n<p>Telamon prezentuje klasyczn\u0105 misk\u0119 z glazur\u0105. Szklana miska jeszcze bardziej wydobywa smak!<\/p>\n<p>Ka\u017cda miska jest wykonana r\u0119cznie przez rzemie\u015blnika. Wykonane z wysokiej jako\u015bci gliny przy u\u017cyciu podw\u00f3jnego wypalania w wysokiej temperaturze (ponad 1220 stopni Celsjusza). Dzi\u0119ki du\u017cej g\u0119sto\u015bci i temperaturze syrop tytoniowy nie wsi\u0105ka w \u015bcianki kubka i nie wyp\u0142ywa nawet z up\u0142ywem czasu<\/p>\n<p>Ta miska doskonale wypala ka\u017cdy tyto\u0144 do fajki wodnej, mocny lub lekki. Pojemno\u015b\u0107 kubka to 10-15 gram\u00f3w tytoniu.<\/p>\n<p>Czy masz jakie\u015b pytania? Skontaktuj si\u0119 z nami\u00a0<a href=\"https:\/\/hookahshop.lt\/pl\/lacznosc\/\">strona z kontaktami<\/a>\u00a0lub napisz do nas na adres\u00a0<a href=\"https:\/\/facebook.com\/HookahShop.lt\/\" target=\"_blank\" rel=\"noopener noreferrer\">konto na Facebooku<\/a>\u00a0a my odpowiemy na Twoj\u0105 pro\u015bb\u0119 tego samego dnia.<\/p>","protected":false},"excerpt":{"rendered":"<p>Miska na fajki wodne TELAMON Classic Bowl Glaze Telamon prezentuje klasyczn\u0105 misk\u0119 z glazur\u0105. Przeszklona miska jeszcze bardziej podkre\u015bla smak! Ka\u017cda miska jest wykonana r\u0119cznie przez rzemie\u015blnika. Wykonane z wysokiej jako\u015bci gliny metod\u0105 podw\u00f3jnego wypalania w wysokiej temperaturze (ponad 1220 stopni Celsjusza). Ze wzgl\u0119du na du\u017c\u0105 g\u0119sto\u015b\u0107 i temperatur\u0119 syrop tytoniowy nawet z up\u0142ywem czasu nie wch\u0142ania si\u0119 w \u015bcianki kubka i nie sp\u0142ywa. [\u2026]<\/p>","protected":false},"featured_media":10490,"comment_status":"open","ping_status":"closed","template":"","meta":[],"_links":{"self":[{"href":"https:\/\/hookahshop.lt\/pl\/wp-json\/wp\/v2\/product\/10489"}],"collection":[{"href":"https:\/\/hookahshop.lt\/pl\/wp-json\/wp\/v2\/product"}],"about":[{"href":"https:\/\/hookahshop.lt\/pl\/wp-json\/wp\/v2\/types\/product"}],"replies":[{"embeddable":true,"href":"https:\/\/hookahshop.lt\/pl\/wp-json\/wp\/v2\/comments?post=10489"}],"version-history":[{"count":3,"href":"https:\/\/hookahshop.lt\/pl\/wp-json\/wp\/v2\/product\/10489\/revisions"}],"predecessor-version":[{"id":41764,"href":"https:\/\/hookahshop.lt\/pl\/wp-json\/wp\/v2\/product\/10489\/revisions\/41764"}],"wp:featuredmedia":[{"embeddable":true,"href":"https:\/\/hookahshop.lt\/pl\/wp-json\/wp\/v2\/media\/10490"}],"wp:attachment":[{"href":"https:\/\/hookahshop.lt\/pl\/wp-json\/wp\/v2\/media?parent=10489"}],"curies":[{"name":"wp","href":"https:\/\/api.w.org\/{rel}","templated":true}]}}