{"id":10535,"date":"2020-07-18T12:20:45","date_gmt":"2020-07-18T09:20:45","guid":{"rendered":"https:\/\/hookahshop.lt\/?post_type=product&#038;p=10535"},"modified":"2026-04-16T23:29:47","modified_gmt":"2026-04-16T20:29:47","slug":"znyples-kaljano-anglims-blade-hookah-saphire","status":"publish","type":"product","link":"https:\/\/hookahshop.lt\/pl\/produkt\/sutki-szisza-wegiel-ostrze-szisza-szafirowa\/","title":{"rendered":"Szczypce do fajki wodnej BLADE HOOKAH Saphire"},"content":{"rendered":"<h2>Szczypce do fajki wodnej Ostrze szisza SAPHIRE<\/h2>\n<p>Ostrza szczypce do fajki wodnej wykonane s\u0105 wy\u0142\u0105cznie ze stali nierdzewnej, bardzo wygodny rozmiar.<\/p>\n<p>Czy masz jakie\u015b pytania? Skontaktuj si\u0119 z nami\u00a0<a href=\"https:\/\/hookahshop.lt\/pl\/lacznosc\/\">strona z kontaktami<\/a>\u00a0lub napisz do nas na adres\u00a0<a href=\"https:\/\/facebook.com\/HookahShop.lt\/\" target=\"_blank\" rel=\"noopener noreferrer\">konto na Facebooku<\/a>\u00a0a my odpowiemy na Twoj\u0105 pro\u015bb\u0119 tego samego dnia.<\/p>","protected":false},"excerpt":{"rendered":"<p>Szczypce do w\u0119gla drzewnego do fajki wodnej Ostrze do fajki wodnej SAPHIRE Szczypce \u201eBlade Hookah\u201d wykonane s\u0105 wy\u0142\u0105cznie ze stali nierdzewnej, bardzo wygodny rozmiar. Czy masz jakie\u015b pytania? Skontaktuj si\u0119 z nami na stronie kontaktowej lub napisz do nas na naszym koncie na Facebooku, a my odpowiemy na Twoj\u0105 pro\u015bb\u0119 jeszcze tego samego dnia.<\/p>","protected":false},"featured_media":10542,"comment_status":"open","ping_status":"closed","template":"","meta":[],"_links":{"self":[{"href":"https:\/\/hookahshop.lt\/pl\/wp-json\/wp\/v2\/product\/10535"}],"collection":[{"href":"https:\/\/hookahshop.lt\/pl\/wp-json\/wp\/v2\/product"}],"about":[{"href":"https:\/\/hookahshop.lt\/pl\/wp-json\/wp\/v2\/types\/product"}],"replies":[{"embeddable":true,"href":"https:\/\/hookahshop.lt\/pl\/wp-json\/wp\/v2\/comments?post=10535"}],"version-history":[{"count":2,"href":"https:\/\/hookahshop.lt\/pl\/wp-json\/wp\/v2\/product\/10535\/revisions"}],"predecessor-version":[{"id":20566,"href":"https:\/\/hookahshop.lt\/pl\/wp-json\/wp\/v2\/product\/10535\/revisions\/20566"}],"wp:featuredmedia":[{"embeddable":true,"href":"https:\/\/hookahshop.lt\/pl\/wp-json\/wp\/v2\/media\/10542"}],"wp:attachment":[{"href":"https:\/\/hookahshop.lt\/pl\/wp-json\/wp\/v2\/media?parent=10535"}],"curies":[{"name":"wp","href":"https:\/\/api.w.org\/{rel}","templated":true}]}}