{"id":10552,"date":"2020-07-18T13:42:33","date_gmt":"2020-07-18T10:42:33","guid":{"rendered":"https:\/\/hookahshop.lt\/?post_type=product&#038;p=10552"},"modified":"2026-04-16T23:29:10","modified_gmt":"2026-04-16T20:29:10","slug":"kaljano-komplektas-alpha-hookah-x-orange-fluor","status":"publish","type":"product","link":"https:\/\/hookahshop.lt\/pl\/produkt\/zestaw-do-fajki-wodnej-alfa-szisza-x-orange-fluor\/","title":{"rendered":"ZESTAW DO FAJKI ALPHA FILIA X POMARA\u0143CZOWY FLUOR"},"content":{"rendered":"<h2>ZESTAW DO FAJKI ALPHA FILIA X POMARA\u0143CZOWY FLUOR<\/h2>\n<p>Alpha Hookah Model X, prostytutka roku na John Calliano Awards 2018 i Hookah Club Show 2020.<br \/>\nJest kompaktowy, \u0142atwy w u\u017cyciu. Wystarczaj\u0105co lekkie jak na fajk\u0119 wodn\u0105, wszystkie jej elementy wykonane s\u0105 z wysokiej jako\u015bci nowoczesnych materia\u0142\u00f3w, zapewniaj\u0105cych doskona\u0142y smak i trwa\u0142o\u015b\u0107 nawet przy regularnym u\u017cytkowaniu.<\/p>\n<p>Wysoko\u015b\u0107 fajki wodnej = 420 mm<\/p>\n<p>Ekwipunek:<br \/>\nWa\u0142 -1 szt.<br \/>\nTalerz do fajki wodnej z grawerem marki - 1 szt.<br \/>\nUstnik - 1 szt.<br \/>\nW\u0105\u017c silikonowy - 1 szt.<br \/>\nUszczelki - 2 szt.<br \/>\nKolba (pomara\u0144czowa) - 1 szt.<br \/>\nSzczypce - 1 szt.<br \/>\nKomora grzewcza - 1 szt.<br \/>\nKubek (Oblako) - 1 szt.<br \/>\nCarbon Zocomo 1kg - 1szt.<br \/>\nP\u0142yta - 1szt.<\/p>\n<p>Czy masz jakie\u015b pytania? Skontaktuj si\u0119 z nami\u00a0<a href=\"https:\/\/hookahshop.lt\/pl\/lacznosc\/\">strona z kontaktami<\/a>\u00a0lub napisz do nas na adres\u00a0<a href=\"https:\/\/facebook.com\/HookahShop.lt\/\" target=\"_blank\" rel=\"noopener noreferrer\">konto na Facebooku<\/a>\u00a0a my odpowiemy na Twoj\u0105 pro\u015bb\u0119 tego samego dnia.<\/p>","protected":false},"excerpt":{"rendered":"<p>ZESTAW SZIJEK ALPHA SZISZ X ORANGE FLUOR Alpha Hookah Model X, szisza roku wed\u0142ug John Calliano Awards 2018 i Hookah Club Show 2020. Jest kompaktowy i \u0142atwy w u\u017cyciu. Do\u015b\u0107 lekka fajka wodna, wszystkie jej elementy wykonane s\u0105 z wysokiej jako\u015bci nowoczesnych materia\u0142\u00f3w, kt\u00f3re zapewniaj\u0105 doskona\u0142y smak i trwa\u0142o\u015b\u0107 nawet przy regularnym u\u017cytkowaniu. Wysoko\u015b\u0107 fajki wodnej = 420 mm Kompletny zestaw: [\u2026]<\/p>","protected":false},"featured_media":10558,"comment_status":"open","ping_status":"closed","template":"","meta":[],"_links":{"self":[{"href":"https:\/\/hookahshop.lt\/pl\/wp-json\/wp\/v2\/product\/10552"}],"collection":[{"href":"https:\/\/hookahshop.lt\/pl\/wp-json\/wp\/v2\/product"}],"about":[{"href":"https:\/\/hookahshop.lt\/pl\/wp-json\/wp\/v2\/types\/product"}],"replies":[{"embeddable":true,"href":"https:\/\/hookahshop.lt\/pl\/wp-json\/wp\/v2\/comments?post=10552"}],"version-history":[{"count":2,"href":"https:\/\/hookahshop.lt\/pl\/wp-json\/wp\/v2\/product\/10552\/revisions"}],"predecessor-version":[{"id":20154,"href":"https:\/\/hookahshop.lt\/pl\/wp-json\/wp\/v2\/product\/10552\/revisions\/20154"}],"wp:featuredmedia":[{"embeddable":true,"href":"https:\/\/hookahshop.lt\/pl\/wp-json\/wp\/v2\/media\/10558"}],"wp:attachment":[{"href":"https:\/\/hookahshop.lt\/pl\/wp-json\/wp\/v2\/media?parent=10552"}],"curies":[{"name":"wp","href":"https:\/\/api.w.org\/{rel}","templated":true}]}}