{"id":10567,"date":"2020-07-18T14:01:41","date_gmt":"2020-07-18T11:01:41","guid":{"rendered":"https:\/\/hookahshop.lt\/?post_type=product&#038;p=10567"},"modified":"2026-04-20T23:29:02","modified_gmt":"2026-04-20T20:29:02","slug":"kaljano-komplektas-bigmaks-major-hookah","status":"publish","type":"product","link":"https:\/\/hookahshop.lt\/pl\/produkt\/hookah-set-bigma-major-hookah\/","title":{"rendered":"ZESTAW SZISZY BIGMAKS MAJOR"},"content":{"rendered":"<h2>ZESTAW DO HOOKAH BIGMAKS MAJOR HOOKAH<\/h2>\n<p>Ta fajka wodna wykonana jest z europejskiej stali nierdzewnej AISI 304. Monta\u017c odbywa si\u0119 za pomoc\u0105 po\u0142\u0105cze\u0144 gwintowych. Fajka ma \u015bredni, klasyczny rysunek. System nadmuchu sk\u0142ada si\u0119 z pi\u0119ciu zawor\u00f3w, kt\u00f3re umo\u017cliwiaj\u0105 natychmiastowe oczyszczenie kolby z dymu, a tak\u017ce sch\u0142odzenie misy. Z\u0142\u0105cze typu O-ring, oryginalna konstrukcja.<\/p>\n<p>Wysoko\u015b\u0107 fajki wodnej: 510 mm<\/p>\n<p>Ekwipunek:<br \/>\nWa\u0142 -1 szt.<br \/>\nTalerz do fajki wodnej z grawerem marki - 1 szt.<br \/>\nUstnik - 1 szt.<br \/>\nW\u0105\u017c silikonowy - 1 szt.<br \/>\nUszczelki - 2 szt.<br \/>\nKolba (przezroczysta) - 1 szt.<br \/>\nSzczypce - 1 szt.<br \/>\nKomora grzewcza - 1 szt.<br \/>\nKubek (Bigmaks) - 1szt.<br \/>\nCarbon Zocomo 1kg - 1szt.<br \/>\nP\u0142yta - 1szt.<\/p>\n<p>Czy masz jakie\u015b pytania? Skontaktuj si\u0119 z nami\u00a0<a href=\"https:\/\/hookahshop.lt\/pl\/lacznosc\/\">strona z kontaktami<\/a>\u00a0lub napisz do nas na adres\u00a0<a href=\"https:\/\/facebook.com\/HookahShop.lt\/\" target=\"_blank\" rel=\"noopener noreferrer\">konto na Facebooku<\/a>\u00a0a my odpowiemy na Twoj\u0105 pro\u015bb\u0119 tego samego dnia.<\/p>","protected":false},"excerpt":{"rendered":"<p>ZESTAW SZISZY BIGMAKS MAJOR SZIJKA Ta szisza wykonana jest ze stali nierdzewnej AISI 304 produkowanej w Europie. Monta\u017c odbywa si\u0119 za pomoc\u0105 po\u0142\u0105cze\u0144 gwintowych. Fajka ma \u015bredni, klasyczny rysunek. System nadmuchu sk\u0142ada si\u0119 z pi\u0119ciu zawor\u00f3w, kt\u00f3re umo\u017cliwiaj\u0105 natychmiastowe oczyszczenie kolby z dymu, a tak\u017ce sch\u0142odzenie misy. Z\u0142\u0105cze typu O-ring, oryginalna konstrukcja. Wysoko\u015b\u0107 fajki wodnej: 510 mm Kompletny zestaw: Trzon - 1 szt. [\u2026]<\/p>","protected":false},"featured_media":10579,"comment_status":"open","ping_status":"closed","template":"","meta":[],"_links":{"self":[{"href":"https:\/\/hookahshop.lt\/pl\/wp-json\/wp\/v2\/product\/10567"}],"collection":[{"href":"https:\/\/hookahshop.lt\/pl\/wp-json\/wp\/v2\/product"}],"about":[{"href":"https:\/\/hookahshop.lt\/pl\/wp-json\/wp\/v2\/types\/product"}],"replies":[{"embeddable":true,"href":"https:\/\/hookahshop.lt\/pl\/wp-json\/wp\/v2\/comments?post=10567"}],"version-history":[{"count":1,"href":"https:\/\/hookahshop.lt\/pl\/wp-json\/wp\/v2\/product\/10567\/revisions"}],"predecessor-version":[{"id":20155,"href":"https:\/\/hookahshop.lt\/pl\/wp-json\/wp\/v2\/product\/10567\/revisions\/20155"}],"wp:featuredmedia":[{"embeddable":true,"href":"https:\/\/hookahshop.lt\/pl\/wp-json\/wp\/v2\/media\/10579"}],"wp:attachment":[{"href":"https:\/\/hookahshop.lt\/pl\/wp-json\/wp\/v2\/media?parent=10567"}],"curies":[{"name":"wp","href":"https:\/\/api.w.org\/{rel}","templated":true}]}}