{"id":10578,"date":"2020-07-18T14:25:18","date_gmt":"2020-07-18T11:25:18","guid":{"rendered":"https:\/\/hookahshop.lt\/?post_type=product&#038;p=10578"},"modified":"2026-04-24T23:29:06","modified_gmt":"2026-04-24T20:29:06","slug":"kaljano-komplektas-like-smoke-steel-wood-juodas","status":"publish","type":"product","link":"https:\/\/hookahshop.lt\/pl\/produkt\/zestaw-fajek-wodnych-dym-stal-drewno-czarny\/","title":{"rendered":"ZESTAW HAK\u00d3W JAK DYM STALOWE DREWNO CZARNE"},"content":{"rendered":"<h2>ZESTAW HAK\u00d3W JAK DYM STALOWE DREWNO CZARNE<\/h2>\n<p>Ta szisza wykonana jest ze stali nierdzewnej z bardzo precyzyjn\u0105 obr\u00f3bk\u0105 jej cz\u0119\u015bci. Dekoracja wykonana jest z drewna, a czarny kolor podkre\u015bla majestat tej fajki wodnej!<\/p>\n<p>Na p\u0142ytce i podstawie wygrawerowana jest nazwa marki. Z\u0142\u0105cze w\u0119\u017ca jest magnetyczne. Posiada regulowany dyfuzor.<\/p>\n<p>Wysoko\u015b\u0107 fajki wodnej: 510 mm<\/p>\n<p>Ekwipunek:<br \/>\nWa\u0142 -1 szt.<br \/>\nTalerz do fajki wodnej z grawerem marki - 1 szt.<br \/>\nUstnik - 1 szt.<br \/>\nW\u0105\u017c silikonowy - 1 szt.<br \/>\nUszczelki - 2 szt.<br \/>\nKolba (inna ni\u017c na zdj\u0119ciu) - 1 szt.<br \/>\nSzczypce - 1 szt.<br \/>\nKomora grzewcza - 1 szt.<br \/>\nKubek (Bigmaks) - 1szt.<br \/>\nCarbon Zocomo 1kg - 1szt.<br \/>\nP\u0142yta - 1szt.<\/p>\n<p>Czy masz jakie\u015b pytania? Skontaktuj si\u0119 z nami\u00a0<a href=\"https:\/\/hookahshop.lt\/pl\/lacznosc\/\">strona z kontaktami<\/a>\u00a0lub napisz do nas na adres\u00a0<a href=\"https:\/\/facebook.com\/HookahShop.lt\/\" target=\"_blank\" rel=\"noopener noreferrer\">konto na Facebooku<\/a>\u00a0a my odpowiemy na Twoj\u0105 pro\u015bb\u0119 tego samego dnia.<\/p>","protected":false},"excerpt":{"rendered":"<p>ZESTAW HACZYK JAK SMOKE STEEL WOOD CZARNA Ta fajka wodna wykonana jest ze stali nierdzewnej, z bardzo precyzyjn\u0105 obr\u00f3bk\u0105 jej cz\u0119\u015bci. Dekoracja wykonana jest z drewna, a czarny kolor podkre\u015bla majestat tej fajki wodnej! Na p\u0142ytce i podstawie wygrawerowana jest nazwa marki. Z\u0142\u0105cze w\u0119\u017ca jest magnetyczne. Posiada regulowany dyfuzor. Wysoko\u015b\u0107 fajki wodnej: 510 mm Kompletny zestaw: Trzonek - 1 szt. Talerz do fajki wodnej z grawerem marki [\u2026]<\/p>","protected":false},"featured_media":10582,"comment_status":"open","ping_status":"closed","template":"","meta":[],"_links":{"self":[{"href":"https:\/\/hookahshop.lt\/pl\/wp-json\/wp\/v2\/product\/10578"}],"collection":[{"href":"https:\/\/hookahshop.lt\/pl\/wp-json\/wp\/v2\/product"}],"about":[{"href":"https:\/\/hookahshop.lt\/pl\/wp-json\/wp\/v2\/types\/product"}],"replies":[{"embeddable":true,"href":"https:\/\/hookahshop.lt\/pl\/wp-json\/wp\/v2\/comments?post=10578"}],"version-history":[{"count":2,"href":"https:\/\/hookahshop.lt\/pl\/wp-json\/wp\/v2\/product\/10578\/revisions"}],"predecessor-version":[{"id":20158,"href":"https:\/\/hookahshop.lt\/pl\/wp-json\/wp\/v2\/product\/10578\/revisions\/20158"}],"wp:featuredmedia":[{"embeddable":true,"href":"https:\/\/hookahshop.lt\/pl\/wp-json\/wp\/v2\/media\/10582"}],"wp:attachment":[{"href":"https:\/\/hookahshop.lt\/pl\/wp-json\/wp\/v2\/media?parent=10578"}],"curies":[{"name":"wp","href":"https:\/\/api.w.org\/{rel}","templated":true}]}}