{"id":10623,"date":"2020-07-20T12:12:38","date_gmt":"2020-07-20T09:12:38","guid":{"rendered":"https:\/\/hookahshop.lt\/?post_type=product&#038;p=10623"},"modified":"2026-04-19T23:29:23","modified_gmt":"2026-04-19T20:29:23","slug":"taurele-kaljanui-smokelab-rocks","status":"publish","type":"product","link":"https:\/\/hookahshop.lt\/pl\/produkt\/szklane-szisza-dymne-skaly-laba\/","title":{"rendered":"Kubek do fajki wodnej SMOKELAB Rocks"},"content":{"rendered":"<h2>Kubek do fajki wodnej SMOKELAB Rocks<\/h2>\n<p>Kubki podgrzewane w piekarniku moczy si\u0119 w kefirze lub mleku i ma\u015ble. W ten spos\u00f3b uzyskano wodoodporno\u015b\u0107 kubka przy zachowaniu w\u0142a\u015bciwo\u015bci ceramicznych.<\/p>\n<p>Smokelab Rocks s\u0105 naprawd\u0119 wszechstronne, gdy\u017c grube \u015bcianki pozwalaj\u0105 na r\u00f3wnomierne podgrzanie \u017caroodpornego tytoniu bez przegrzewania, natomiast kubek jest wystarczaj\u0105co du\u017cy, aby pali\u0107 mi\u0119kki, mocny tyto\u0144.<\/p>\n<p>Czy masz jakie\u015b pytania? Skontaktuj si\u0119 z nami\u00a0<a href=\"https:\/\/hookahshop.lt\/pl\/lacznosc\/\">strona z kontaktami<\/a>\u00a0lub napisz do nas na adres\u00a0<a href=\"https:\/\/facebook.com\/HookahShop.lt\/\" target=\"_blank\" rel=\"noopener noreferrer\">konto na Facebooku<\/a>\u00a0a my odpowiemy na Twoj\u0105 pro\u015bb\u0119 tego samego dnia.<\/p>","protected":false},"excerpt":{"rendered":"<p>Kubek do fajki wodnej SMOKELAB Rocks Kubki podgrzewane w piekarniku nas\u0105czane s\u0105 kefirem lub mlekiem i mas\u0142em. W ten spos\u00f3b uzyskano wodoodporno\u015b\u0107 kubka przy zachowaniu w\u0142a\u015bciwo\u015bci ceramicznych. Smokelab Rocks s\u0105 naprawd\u0119 wszechstronne, gdy\u017c grube \u015bcianki pozwalaj\u0105 na r\u00f3wnomierne podgrzanie \u017caroodpornego tytoniu bez przegrzewania, natomiast kubek jest wystarczaj\u0105co du\u017cy, aby pali\u0107 mi\u0119kki, mocny tyto\u0144. Czy masz jakie\u015b pytania? Skontaktuj si\u0119 z nami na stronie kontaktowej lub napisz [...]<\/p>","protected":false},"featured_media":10624,"comment_status":"open","ping_status":"closed","template":"","meta":[],"_links":{"self":[{"href":"https:\/\/hookahshop.lt\/pl\/wp-json\/wp\/v2\/product\/10623"}],"collection":[{"href":"https:\/\/hookahshop.lt\/pl\/wp-json\/wp\/v2\/product"}],"about":[{"href":"https:\/\/hookahshop.lt\/pl\/wp-json\/wp\/v2\/types\/product"}],"replies":[{"embeddable":true,"href":"https:\/\/hookahshop.lt\/pl\/wp-json\/wp\/v2\/comments?post=10623"}],"version-history":[{"count":4,"href":"https:\/\/hookahshop.lt\/pl\/wp-json\/wp\/v2\/product\/10623\/revisions"}],"predecessor-version":[{"id":37695,"href":"https:\/\/hookahshop.lt\/pl\/wp-json\/wp\/v2\/product\/10623\/revisions\/37695"}],"wp:featuredmedia":[{"embeddable":true,"href":"https:\/\/hookahshop.lt\/pl\/wp-json\/wp\/v2\/media\/10624"}],"wp:attachment":[{"href":"https:\/\/hookahshop.lt\/pl\/wp-json\/wp\/v2\/media?parent=10623"}],"curies":[{"name":"wp","href":"https:\/\/api.w.org\/{rel}","templated":true}]}}