{"id":10686,"date":"2020-07-21T18:34:17","date_gmt":"2020-07-21T15:34:17","guid":{"rendered":"https:\/\/hookahshop.lt\/?post_type=product&#038;p=10686"},"modified":"2026-04-21T23:29:54","modified_gmt":"2026-04-21T20:29:54","slug":"turistine-dujine-virykle-su-keramikos-danga","status":"publish","type":"product","link":"https:\/\/hookahshop.lt\/pl\/produkt\/turystyczna-kuchenka-gazowa-z-powloka-ceramiczna\/","title":{"rendered":"Podr\u00f3\u017cna kuchenka gazowa z pow\u0142ok\u0105 ceramiczn\u0105"},"content":{"rendered":"<h2>Podr\u00f3\u017cna kuchenka gazowa z pow\u0142ok\u0105 ceramiczn\u0105<\/h2>\n<p>Bezpieczna i \u0142atwa w obs\u0142udze przeno\u015bna kuchenka gazowa, kt\u00f3r\u0105 mo\u017cesz zabra\u0107 ze sob\u0105 na wycieczki, obozy. Podr\u00f3\u017cuj wygodnie turystycznym samochodem na gaz, a nawet w naturze.<\/p>\n<p>Kuchenka turystyczna gazowa z pow\u0142ok\u0105 ceramiczn\u0105 z jednorazow\u0105 butl\u0105 butanow\u0105 (210 g, do nabycia w wyspecjalizowanych sklepach) - w\u0142\u00f3\u017c butl\u0119 gazow\u0105 na swoje miejsce, zablokuj wciskaj\u0105c przycisk \u201eLOCK\u201d. Przekr\u0119caj\u0105c pokr\u0119t\u0142o pieca do oporu rozpalisz piec, zapa\u0142ki czy inne \u017ar\u00f3d\u0142a ognia nie s\u0105 potrzebne.<br \/>\nTurystyczna kuchenka gazowa z pow\u0142ok\u0105 ceramiczn\u0105 z butl\u0105 gazow\u0105 (zar\u00f3wno butl\u0119, jak i jej akcesoria kupisz w wyspecjalizowanych sklepach) \u2013 dodatkowo potrzebne b\u0119d\u0105 takie akcesoria jak w\u0105\u017c gazowy, dwie obejmy, reduktor i sama butla. Przekr\u0119caj\u0105c pokr\u0119t\u0142o pieca do oporu rozpalisz piec, zapa\u0142ki czy inne \u017ar\u00f3d\u0142a ognia nie s\u0105 potrzebne.<\/p>\n<p>Przednia szyba chroni p\u0142omie\u0144 i zmniejsza zu\u017cycie gazu<br \/>\nPow\u0142oka ceramiczna<br \/>\nWykorzystuje skroplony butan<br \/>\nRozmiar wymiaru: 34 x 25 x 6<\/p>\n<p>Czy masz jakie\u015b pytania? Skontaktuj si\u0119 z nami\u00a0<a href=\"https:\/\/hookahshop.lt\/pl\/lacznosc\/\">strona z kontaktami<\/a>\u00a0lub napisz do nas na adres\u00a0<a href=\"https:\/\/facebook.com\/HookahShop.lt\/\" target=\"_blank\" rel=\"noopener noreferrer\">konto na Facebooku<\/a>\u00a0a my odpowiemy na Twoj\u0105 pro\u015bb\u0119 tego samego dnia.<\/p>","protected":false},"excerpt":{"rendered":"<p>Kuchenka gazowa turystyczna z pow\u0142ok\u0105 ceramiczn\u0105 Bezpieczna i \u0142atwa w obs\u0142udze przeno\u015bna kuchenka gazowa, kt\u00f3r\u0105 mo\u017cesz zabra\u0107 w podr\u00f3\u017c, na kemping. Podr\u00f3\u017cuj wygodnie z kuchenk\u0105 gazow\u0105 turystyczn\u0105, a nawet w plenerze. Kuchenka gazowa turystyczna z pow\u0142ok\u0105 ceramiczn\u0105 z jednorazow\u0105 butl\u0105 z gazem butanowym (210 g, dost\u0119pna w sklepach specjalistycznych) - w\u0142\u00f3\u017c butl\u0119 z gazem w wyznaczone miejsce, zablokuj j\u0105 naciskaj\u0105c przycisk \u201eLOCK\u201d. Kuchenka [\u2026]<\/p>","protected":false},"featured_media":10687,"comment_status":"open","ping_status":"closed","template":"","meta":[],"_links":{"self":[{"href":"https:\/\/hookahshop.lt\/pl\/wp-json\/wp\/v2\/product\/10686"}],"collection":[{"href":"https:\/\/hookahshop.lt\/pl\/wp-json\/wp\/v2\/product"}],"about":[{"href":"https:\/\/hookahshop.lt\/pl\/wp-json\/wp\/v2\/types\/product"}],"replies":[{"embeddable":true,"href":"https:\/\/hookahshop.lt\/pl\/wp-json\/wp\/v2\/comments?post=10686"}],"version-history":[{"count":7,"href":"https:\/\/hookahshop.lt\/pl\/wp-json\/wp\/v2\/product\/10686\/revisions"}],"predecessor-version":[{"id":45709,"href":"https:\/\/hookahshop.lt\/pl\/wp-json\/wp\/v2\/product\/10686\/revisions\/45709"}],"wp:featuredmedia":[{"embeddable":true,"href":"https:\/\/hookahshop.lt\/pl\/wp-json\/wp\/v2\/media\/10687"}],"wp:attachment":[{"href":"https:\/\/hookahshop.lt\/pl\/wp-json\/wp\/v2\/media?parent=10686"}],"curies":[{"name":"wp","href":"https:\/\/api.w.org\/{rel}","templated":true}]}}