{"id":10700,"date":"2020-07-21T21:36:04","date_gmt":"2020-07-21T18:36:04","guid":{"rendered":"https:\/\/hookahshop.lt\/?post_type=product&#038;p=10700"},"modified":"2026-04-21T23:29:14","modified_gmt":"2026-04-21T20:29:14","slug":"kaljanas-aladin-mvp-rocket-clear","status":"publish","type":"product","link":"https:\/\/hookahshop.lt\/pl\/produkt\/kaljanas-aladin-rakieta-blyszczaca-mvp-przezroczysta-55cm\/","title":{"rendered":"Fajka wodna ALADIN MVP Rocket Clear"},"content":{"rendered":"<h2>Fajka wodna ALADIN MVP Rocket Clear<\/h2>\n<p>Aladin MVP jest bardzo wytrzyma\u0142y i wykonany ze stali nierdzewnej V2A.<\/p>\n<p>Manierka do fajki wodnej MVP wykonana jest z litego szk\u0142a kryszta\u0142owego, a trzon ma zintegrowany dyfuzor, kt\u00f3ry mo\u017cna dowolnie regulowa\u0107. Dyfuzor umo\u017cliwia ciche czerpanie dymu z fajki wodnej. Adapter do fajki wodnej Aladin MVP, adaptery do rur i z\u0142\u0105cza rurowe maj\u0105 wysokiej jako\u015bci ci\u0119cie 18,8 mm, aby usun\u0105\u0107 irytuj\u0105ce uszczelki rur, kt\u00f3re si\u0119 zu\u017cywaj\u0105.<\/p>\n<p>Gwint MVP Aladin ma 360 \u00b0, co ca\u0142kowicie \u0142\u0105czy kolb\u0119 i podstaw\u0119 za pomoc\u0105 prostego obrotu o 360 \u00b0. Wysoko\u015b\u0107 fajki wodnej 53cm.<\/p>\n<p><strong>Ekwipunek:<\/strong><br \/>\nW zestawie standardowym znajduj\u0105 si\u0119 szczypce, \u201emi\u0119kki\u201d w\u0105\u017c silikonowy z ko\u0144c\u00f3wkami, kubek oraz \u201epalnik do kubka\u201d.<\/p>\n<p>Czy masz jakie\u015b pytania? Skontaktuj si\u0119 z nami\u00a0<a href=\"https:\/\/hookahshop.lt\/pl\/lacznosc\/\">strona z kontaktami<\/a>\u00a0lub napisz do nas na adres\u00a0<a href=\"https:\/\/facebook.com\/HookahShop.lt\/\" target=\"_blank\" rel=\"noopener noreferrer\">konto na Facebooku<\/a>\u00a0a my odpowiemy na Twoj\u0105 pro\u015bb\u0119 tego samego dnia.<\/p>","protected":false},"excerpt":{"rendered":"<p>Fajka wodna ALADIN MVP Rocket Clear Aladin MVP jest bardzo trwa\u0142a i wykonana ze stali nierdzewnej V2A. Piersi\u00f3wka do fajki wodnej MVP wykonana jest z mocnego szk\u0142a kryszta\u0142owego, a trzonek posiada zintegrowany dyfuzor, kt\u00f3ry mo\u017cna dowolnie regulowa\u0107. Dyfuzor pozwala fajce wodnej pali\u0107 cicho. Adapter g\u0142\u00f3wki fajki wodnej Aladin MVP, adaptery rur i \u0142\u0105czniki rur s\u0105 wyposa\u017cone w wysokiej jako\u015bci 18,8 mm [\u2026]<\/p>","protected":false},"featured_media":10701,"comment_status":"open","ping_status":"closed","template":"","meta":[],"_links":{"self":[{"href":"https:\/\/hookahshop.lt\/pl\/wp-json\/wp\/v2\/product\/10700"}],"collection":[{"href":"https:\/\/hookahshop.lt\/pl\/wp-json\/wp\/v2\/product"}],"about":[{"href":"https:\/\/hookahshop.lt\/pl\/wp-json\/wp\/v2\/types\/product"}],"replies":[{"embeddable":true,"href":"https:\/\/hookahshop.lt\/pl\/wp-json\/wp\/v2\/comments?post=10700"}],"version-history":[{"count":5,"href":"https:\/\/hookahshop.lt\/pl\/wp-json\/wp\/v2\/product\/10700\/revisions"}],"predecessor-version":[{"id":45513,"href":"https:\/\/hookahshop.lt\/pl\/wp-json\/wp\/v2\/product\/10700\/revisions\/45513"}],"wp:featuredmedia":[{"embeddable":true,"href":"https:\/\/hookahshop.lt\/pl\/wp-json\/wp\/v2\/media\/10701"}],"wp:attachment":[{"href":"https:\/\/hookahshop.lt\/pl\/wp-json\/wp\/v2\/media?parent=10700"}],"curies":[{"name":"wp","href":"https:\/\/api.w.org\/{rel}","templated":true}]}}