{"id":10725,"date":"2020-07-22T00:29:22","date_gmt":"2020-07-21T21:29:22","guid":{"rendered":"https:\/\/hookahshop.lt\/?post_type=product&#038;p=10725"},"modified":"2026-04-18T23:28:56","modified_gmt":"2026-04-18T20:28:56","slug":"kolba-kaljanui-bigmaks-rainbow-purple","status":"publish","type":"product","link":"https:\/\/hookahshop.lt\/pl\/produkt\/kolba-na-szisze-bigmaks-teczowo-fioletowa\/","title":{"rendered":"Kolba do fajki wodnej BIGMAKS Rainbow Purple"},"content":{"rendered":"<h2>Kolba do fajki wodnej BIGMAKS Rainbow Purple<\/h2>\n<p>Ta kolba wykonana jest z kolorowego szk\u0142a przeznaczonego do kontaktu z \u017cywno\u015bci\u0105 i wyr\u00f3\u017cnia si\u0119 trwa\u0142o\u015bci\u0105. Kolba nie jest malowana, co oznacza, \u017ce b\u0119dzie Ci s\u0142u\u017cy\u0107 przez wiele lat.<\/p>\n<p><strong><span title=\"\">Specyfikacje:<\/span><\/strong><br \/>\nWysoko\u015b\u0107: 248 mm<br \/>\nWaga: ~ 1390 g<br \/>\nZewn\u0119trzna \u015brednica gardzieli: 71 mm<br \/>\nWewn\u0119trzna \u015brednica gardzieli: 45 mm<br \/>\nMateria\u0142 produktu: szk\u0142o<\/p>\n<p>Czy masz jakie\u015b pytania? Skontaktuj si\u0119 z nami\u00a0<a href=\"https:\/\/hookahshop.lt\/pl\/lacznosc\/\">strona z kontaktami<\/a>\u00a0lub napisz do nas na adres\u00a0<a href=\"https:\/\/facebook.com\/HookahShop.lt\/\" target=\"_blank\" rel=\"noopener noreferrer\">konto na Facebooku<\/a>\u00a0a my odpowiemy na Twoj\u0105 pro\u015bb\u0119 tego samego dnia.<\/p>","protected":false},"excerpt":{"rendered":"<p>Kolba kaljanui BIGMAKS Rainbow Purple \u0160i kolba pagaminta i\u0161 maistinio, spalvoto, stiklo ir i\u0161siskiria patvarumu. Kolba n\u0117ra da\u017eyta, vadinasi, ji tarnaus jums daugel\u012f met\u0173. Specifikacijos: Auk\u0161tis: 248 mm Svoris: ~ 1390 g I\u0161orinis gerkl\u0117s skersmuo: 71 mm Vidinis gerkl\u0117s skersmuo: 45 mm Gaminio med\u017eiaga: stiklas Turite klausim\u0173? Susisiekite su mumis\u00a0kontakt\u0173 puslapyje\u00a0arba para\u0161ykite mums \u012f\u00a0Facebook paskyr\u0105\u00a0ir [&hellip;]<\/p>","protected":false},"featured_media":10726,"comment_status":"open","ping_status":"closed","template":"","meta":[],"_links":{"self":[{"href":"https:\/\/hookahshop.lt\/pl\/wp-json\/wp\/v2\/product\/10725"}],"collection":[{"href":"https:\/\/hookahshop.lt\/pl\/wp-json\/wp\/v2\/product"}],"about":[{"href":"https:\/\/hookahshop.lt\/pl\/wp-json\/wp\/v2\/types\/product"}],"replies":[{"embeddable":true,"href":"https:\/\/hookahshop.lt\/pl\/wp-json\/wp\/v2\/comments?post=10725"}],"version-history":[{"count":6,"href":"https:\/\/hookahshop.lt\/pl\/wp-json\/wp\/v2\/product\/10725\/revisions"}],"predecessor-version":[{"id":45084,"href":"https:\/\/hookahshop.lt\/pl\/wp-json\/wp\/v2\/product\/10725\/revisions\/45084"}],"wp:featuredmedia":[{"embeddable":true,"href":"https:\/\/hookahshop.lt\/pl\/wp-json\/wp\/v2\/media\/10726"}],"wp:attachment":[{"href":"https:\/\/hookahshop.lt\/pl\/wp-json\/wp\/v2\/media?parent=10725"}],"curies":[{"name":"wp","href":"https:\/\/api.w.org\/{rel}","templated":true}]}}