{"id":10733,"date":"2020-07-22T00:33:42","date_gmt":"2020-07-21T21:33:42","guid":{"rendered":"https:\/\/hookahshop.lt\/?post_type=product&#038;p=10733"},"modified":"2026-04-20T23:29:08","modified_gmt":"2026-04-20T20:29:08","slug":"kolba-kaljanui-hookahtree-creat-pearl","status":"publish","type":"product","link":"https:\/\/hookahshop.lt\/pl\/produkt\/kolba-szisza-szisza-kreat-perla\/","title":{"rendered":"Termos na \u0142ysienie HOOKAHTREE Creat Pearl"},"content":{"rendered":"<h2>Termos na \u0142ysienie HOOKAHTREE Creat Pearl<\/h2>\n<p>To flaszka dla mi\u0142o\u015bnik\u00f3w klasyki. Sam kszta\u0142t zosta\u0142 nieco zmodyfikowany i w tym modelu uwzgl\u0119dniono wszystkie wymiary.<\/p>\n<p>Flakonik \u201eHookahTree Creat\u201d (Pearl) zachwyca niezwyk\u0142ymi i zapadaj\u0105cymi w pami\u0119\u0107 odcieniami. Mi\u0142o\u015bnicy z pewno\u015bci\u0105 doceni\u0105 jej wyj\u0105tkowy kszta\u0142t.<\/p>\n<p><strong><span title=\"\">Specyfikacje:<\/span><\/strong><br \/>\nWysoko\u015b\u0107: 271 mm<br \/>\nWaga: ~ 1780 g<br \/>\nZewn\u0119trzna \u015brednica gardzieli: 69 mm<br \/>\nWewn\u0119trzna \u015brednica gardzieli: 47 mm<br \/>\nMateria\u0142 produktu: szk\u0142o<\/p>\n<p>Czy masz jakie\u015b pytania? Skontaktuj si\u0119 z nami\u00a0<a href=\"https:\/\/hookahshop.lt\/pl\/lacznosc\/\">strona z kontaktami<\/a>\u00a0lub napisz do nas na adres\u00a0<a href=\"https:\/\/facebook.com\/HookahShop.lt\/\" target=\"_blank\" rel=\"noopener noreferrer\">konto na Facebooku<\/a>\u00a0a my odpowiemy na Twoj\u0105 pro\u015bb\u0119 tego samego dnia.<\/p>","protected":false},"excerpt":{"rendered":"<p>Kolba kaljanui HOOKAHTREE Creat Pearl Tai yra kolba, skirta klasikos m\u0117g\u0117jams. Pati forma buvo \u0161iek tiek pakeista ir \u0161iame modelyje buvo atsi\u017evelgta \u012f visus matmenis. Kolba \u201eHookahTree Creat\u201c (\u201ePerlamutras\u201c) daro \u012fsp\u016bd\u012f savo ne\u012fprastais ir \u012fsimenan\u010diais atspalviais. M\u0117g\u0117jai tikrai \u012fvertins jos unikali\u0105 form\u0105. Specifikacijos: Auk\u0161tis: 271 mm Svoris: ~ 1780 g I\u0161orinis gerkl\u0117s skersmuo: 69 mm [&hellip;]<\/p>","protected":false},"featured_media":10734,"comment_status":"open","ping_status":"closed","template":"","meta":[],"_links":{"self":[{"href":"https:\/\/hookahshop.lt\/pl\/wp-json\/wp\/v2\/product\/10733"}],"collection":[{"href":"https:\/\/hookahshop.lt\/pl\/wp-json\/wp\/v2\/product"}],"about":[{"href":"https:\/\/hookahshop.lt\/pl\/wp-json\/wp\/v2\/types\/product"}],"replies":[{"embeddable":true,"href":"https:\/\/hookahshop.lt\/pl\/wp-json\/wp\/v2\/comments?post=10733"}],"version-history":[{"count":5,"href":"https:\/\/hookahshop.lt\/pl\/wp-json\/wp\/v2\/product\/10733\/revisions"}],"predecessor-version":[{"id":45142,"href":"https:\/\/hookahshop.lt\/pl\/wp-json\/wp\/v2\/product\/10733\/revisions\/45142"}],"wp:featuredmedia":[{"embeddable":true,"href":"https:\/\/hookahshop.lt\/pl\/wp-json\/wp\/v2\/media\/10734"}],"wp:attachment":[{"href":"https:\/\/hookahshop.lt\/pl\/wp-json\/wp\/v2\/media?parent=10733"}],"curies":[{"name":"wp","href":"https:\/\/api.w.org\/{rel}","templated":true}]}}