{"id":10751,"date":"2020-07-24T12:39:54","date_gmt":"2020-07-24T09:39:54","guid":{"rendered":"https:\/\/hookahshop.lt\/?post_type=product&#038;p=10751"},"modified":"2026-04-18T23:29:06","modified_gmt":"2026-04-18T20:29:06","slug":"taurele-kaljanui-oblako-phunnel-m-black","status":"publish","type":"product","link":"https:\/\/hookahshop.lt\/pl\/produkt\/kubek-szisza-obalako-phunnel-m-czarny-kosmos\/","title":{"rendered":"Kubek do shishy OBLAKO Phunnel M Black Cosmos"},"content":{"rendered":"<h2>Kubek do shishy OBLAKO Phunnel M Black Cosmos<\/h2>\n<p>Szkliwione do codziennego palenia, idealne do tytoni lekkich i ci\u0119\u017ckich!<br \/>\nKubek pokryty jest szkliwem, dzi\u0119ki czemu zachowuje swoje pierwotne w\u0142a\u015bciwo\u015bci i wygl\u0105d przez d\u0142ugi czas. OBLAKO u\u017cywa wy\u0142\u0105cznie przyjaznej dla cz\u0142owieka glazury spo\u017cywczej opracowanej przez partner\u00f3w w wyspecjalizowanych laboratoriach zlokalizowanych w Gzhelskoye, jednym z tradycyjnych o\u015brodk\u00f3w produkcji ceramiki w Rosji.<br \/>\nKubek tytoniu mie\u015bci 20\u201323 g.<\/p>\n<p>Specyfikacje:<br \/>\nWysoko\u015b\u0107: 118mm<br \/>\n\u015arednica (zewn\u0119trzna): 74 mm<br \/>\n\u015arednica (wewn\u0119trzna): 68mm<br \/>\nG\u0142\u0119boko\u015b\u0107: 12mm<br \/>\n\u015arednica otworu: 12mm<br \/>\nLiczba otwor\u00f3w: 1<br \/>\nWaga: oko\u0142o 182g.<\/p>\n<p>Czy masz jakie\u015b pytania? Skontaktuj si\u0119 z nami\u00a0<a href=\"https:\/\/hookahshop.lt\/pl\/lacznosc\/\">strona z kontaktami<\/a>\u00a0lub napisz do nas na adres\u00a0<a href=\"https:\/\/facebook.com\/HookahShop.lt\/\" target=\"_blank\" rel=\"noopener noreferrer\">konto na Facebooku<\/a> a my odpowiemy na Twoj\u0105 pro\u015bb\u0119 tego samego dnia.<\/p>","protected":false},"excerpt":{"rendered":"<p>Taurel\u0117 kaljanui OBLAKO Phunnel M Black Cosmos Glaz\u016bruota, skirta kasdieniam r\u016bkymui, puikiai tinkantis &#8211; lengviems ir sunkiems tabakams! Taurel\u0117 padengta glaz\u016bra, kurios d\u0117ka ilg\u0105 laik\u0105 gali i\u0161laikyti savo pirmines savybes ir i\u0161vaizd\u0105. OBLAKO\u00a0 naudoja tik \u017emon\u0117ms nekenksming\u0105 maistin\u0119 glaz\u016br\u0105, kuri\u0105 suk\u016br\u0117 partneriai specializuotose laboratorijose, esan\u010diose vieno i\u0161 tradicini\u0173 Rusijos keramikos gamybos centr\u0173 Gzhelskoye. Taurel\u0117 tabako [&hellip;]<\/p>","protected":false},"featured_media":21285,"comment_status":"open","ping_status":"closed","template":"","meta":[],"_links":{"self":[{"href":"https:\/\/hookahshop.lt\/pl\/wp-json\/wp\/v2\/product\/10751"}],"collection":[{"href":"https:\/\/hookahshop.lt\/pl\/wp-json\/wp\/v2\/product"}],"about":[{"href":"https:\/\/hookahshop.lt\/pl\/wp-json\/wp\/v2\/types\/product"}],"replies":[{"embeddable":true,"href":"https:\/\/hookahshop.lt\/pl\/wp-json\/wp\/v2\/comments?post=10751"}],"version-history":[{"count":5,"href":"https:\/\/hookahshop.lt\/pl\/wp-json\/wp\/v2\/product\/10751\/revisions"}],"predecessor-version":[{"id":43068,"href":"https:\/\/hookahshop.lt\/pl\/wp-json\/wp\/v2\/product\/10751\/revisions\/43068"}],"wp:featuredmedia":[{"embeddable":true,"href":"https:\/\/hookahshop.lt\/pl\/wp-json\/wp\/v2\/media\/21285"}],"wp:attachment":[{"href":"https:\/\/hookahshop.lt\/pl\/wp-json\/wp\/v2\/media?parent=10751"}],"curies":[{"name":"wp","href":"https:\/\/api.w.org\/{rel}","templated":true}]}}