{"id":10775,"date":"2020-07-24T12:59:57","date_gmt":"2020-07-24T09:59:57","guid":{"rendered":"https:\/\/hookahshop.lt\/?post_type=product&#038;p=10775"},"modified":"2026-04-18T23:29:07","modified_gmt":"2026-04-18T20:29:07","slug":"taurele-kaljanui-oblako-phunnel-l-glazed-black-matte","status":"publish","type":"product","link":"https:\/\/hookahshop.lt\/pl\/produkt\/kubek-szisza-oblako-lejek-l-glazurowany-czarno-matowy\/","title":{"rendered":"Kubek do fajki wodnej OBLAKO Phunnel L Glazed Black Matte"},"content":{"rendered":"<h2>Kubek do fajki wodnej OBLAKO Phunnel L Glazed Black Matte<\/h2>\n<p>Kubek ten, odpowiedni do palenia w towarzystwie dw\u00f3ch lub wi\u0119kszej liczby os\u00f3b, dzi\u0119ki swojej pojemno\u015bci wyd\u0142u\u017ca czas palenia!<\/p>\n<p>Kubek pokryty jest szkliwem, dzi\u0119ki czemu zachowuje swoje pierwotne w\u0142a\u015bciwo\u015bci i wygl\u0105d przez d\u0142ugi czas. OBLAKO u\u017cywa wy\u0142\u0105cznie przyjaznej dla cz\u0142owieka glazury spo\u017cywczej opracowanej przez partner\u00f3w w wyspecjalizowanych laboratoriach zlokalizowanych w Gzhelskoye, jednym z tradycyjnych o\u015brodk\u00f3w produkcji ceramiki w Rosji.<\/p>\n<p>Fili\u017canka tytoniu mie\u015bci 25-30 gram\u00f3w.<\/p>\n<p>Specyfikacje:<br \/>\nWysoko\u015b\u0107: 117 mm<br \/>\n\u015arednica (zewn\u0119trzna): 77 mm<br \/>\n\u015arednica (wewn\u0119trzna): 70mm<br \/>\nG\u0142\u0119boko\u015b\u0107: 13mm<br \/>\n\u015arednica otworu: 18mm<br \/>\nLiczba otwor\u00f3w: 1<br \/>\nWaga: oko\u0142o 180 gram\u00f3w<\/p>\n<p>Czy masz jakie\u015b pytania? Skontaktuj si\u0119 z nami\u00a0<a href=\"https:\/\/hookahshop.lt\/pl\/lacznosc\/\">strona z kontaktami<\/a>\u00a0lub napisz do nas na adres\u00a0<a href=\"https:\/\/facebook.com\/HookahShop.lt\/\" target=\"_blank\" rel=\"noopener noreferrer\">konto na Facebooku<\/a>\u00a0a my odpowiemy na Twoj\u0105 pro\u015bb\u0119 tego samego dnia.<\/p>","protected":false},"excerpt":{"rendered":"<p>Kubek do fajki wodnej OBLAKO Phunnel L Glazed Black Matte Ten kubek, odpowiedni do palenia w towarzystwie dw\u00f3ch lub wi\u0119cej os\u00f3b, wyd\u0142u\u017ca czas palenia dzi\u0119ki swojej pojemno\u015bci! Kubek pokryty jest szkliwem, dzi\u0119ki czemu mo\u017ce zachowa\u0107 swoje oryginalne w\u0142a\u015bciwo\u015bci i wygl\u0105d przez d\u0142ugi czas. OBLAKO u\u017cywa wy\u0142\u0105cznie szkliwa spo\u017cywczego, kt\u00f3re jest nieszkodliwe dla ludzi, kt\u00f3re zosta\u0142o opracowane przez partner\u00f3w w specjalistycznych laboratoriach zlokalizowanych w jednym z tradycyjnych rosyjskich zak\u0142ad\u00f3w ceramicznych [\u2026]<\/p>","protected":false},"featured_media":21282,"comment_status":"open","ping_status":"closed","template":"","meta":[],"_links":{"self":[{"href":"https:\/\/hookahshop.lt\/pl\/wp-json\/wp\/v2\/product\/10775"}],"collection":[{"href":"https:\/\/hookahshop.lt\/pl\/wp-json\/wp\/v2\/product"}],"about":[{"href":"https:\/\/hookahshop.lt\/pl\/wp-json\/wp\/v2\/types\/product"}],"replies":[{"embeddable":true,"href":"https:\/\/hookahshop.lt\/pl\/wp-json\/wp\/v2\/comments?post=10775"}],"version-history":[{"count":5,"href":"https:\/\/hookahshop.lt\/pl\/wp-json\/wp\/v2\/product\/10775\/revisions"}],"predecessor-version":[{"id":37118,"href":"https:\/\/hookahshop.lt\/pl\/wp-json\/wp\/v2\/product\/10775\/revisions\/37118"}],"wp:featuredmedia":[{"embeddable":true,"href":"https:\/\/hookahshop.lt\/pl\/wp-json\/wp\/v2\/media\/21282"}],"wp:attachment":[{"href":"https:\/\/hookahshop.lt\/pl\/wp-json\/wp\/v2\/media?parent=10775"}],"curies":[{"name":"wp","href":"https:\/\/api.w.org\/{rel}","templated":true}]}}