{"id":10811,"date":"2020-07-24T20:55:38","date_gmt":"2020-07-24T17:55:38","guid":{"rendered":"https:\/\/hookahshop.lt\/?post_type=product&#038;p=10811"},"modified":"2026-05-13T13:51:46","modified_gmt":"2026-05-13T10:51:46","slug":"karscio-kamera-50-clouds-heat-keeper-evolution","status":"publish","type":"product","link":"https:\/\/hookahshop.lt\/pl\/produkt\/heat-camera-50-clouds-heat-keeper-ewolucja\/","title":{"rendered":"Komora grzewcza 50 CLOUDS Heat Keeper Evolution"},"content":{"rendered":"<h2>Komora grzewcza 50 CLOUDS Heat Keeper Evolution<\/h2>\n<p>Jest to stylowa nowa aluminiowa obudowa pokryta specjaln\u0105 warstw\u0105 ochronn\u0105 oraz wygodny silikonowy uchwyt.<\/p>\n<p>To wyj\u0105tkowe urz\u0105dzenie, kt\u00f3re sprawia, \u017ce proces przygotowania fajki wodnej jest wygodniejszy i prostszy. Jest to odpowiednik popularnego urz\u0105dzenia Kaloud Lotus, kt\u00f3re wed\u0142ug wielu mistrz\u00f3w nawet go przewy\u017csza.<\/p>\n<p>Ta komora cieplna wykonana jest z wysokiej jako\u015bci aluminium, a wszystkie cz\u0119\u015bci s\u0105 dok\u0142adnie szlifowane przed na\u0142o\u017ceniem pow\u0142oki \u017caroodpornej. Po podgrzaniu nie wydziela \u017cadnych szkodliwych substancji, jest ca\u0142kowicie bezpieczny.<\/p>\n<p>Ciep\u0142o z w\u0119gla jest rozprowadzane r\u00f3wnomiernie, a obr\u00f3t ostrza u\u0142atwia kontrolowanie temperatury tytoniu i kubka. Urz\u0105dzenie znacznie upraszcza proces robienia fajki wodnej: teraz nie jest ju\u017c potrzebna folia, a w\u0119dzenie staje si\u0119 bardziej stabilne dzi\u0119ki bardziej r\u00f3wnomiernemu rozprowadzaniu ciep\u0142a.<\/p>\n<p>Czy masz jakie\u015b pytania? Skontaktuj si\u0119 z nami <a href=\"https:\/\/hookahshop.lt\/pl\/lacznosc\/\">strona z kontaktami<\/a> lub napisz do nas na adres <a href=\"https:\/\/facebook.com\/HookahShop.lt\/\" target=\"_blank\" rel=\"noopener noreferrer\">konto na Facebooku<\/a> a my odpowiemy na Twoj\u0105 pro\u015bb\u0119 tego samego dnia.<\/p>\n<p>&nbsp;<\/p>","protected":false},"excerpt":{"rendered":"<p>Komora grzewcza 50 CLOUDS Heat Keeper Evolution Jest to nowy, stylowy aluminiowy korpus pokryty specjaln\u0105 warstw\u0105 ochronn\u0105 i wygodnym silikonowym uchwytem. To wyj\u0105tkowe urz\u0105dzenie, kt\u00f3re sprawia, \u017ce proces przygotowania fajki wodnej staje si\u0119 wygodniejszy i \u0142atwiejszy. Jest to odpowiednik popularnego urz\u0105dzenia Kaloud Lotus, kt\u00f3re wed\u0142ug wielu mistrz\u00f3w nawet je przewy\u017csza. Wysoka jako\u015b\u0107 [\u2026]<\/p>","protected":false},"featured_media":10812,"comment_status":"open","ping_status":"closed","template":"","meta":[],"_links":{"self":[{"href":"https:\/\/hookahshop.lt\/pl\/wp-json\/wp\/v2\/product\/10811"}],"collection":[{"href":"https:\/\/hookahshop.lt\/pl\/wp-json\/wp\/v2\/product"}],"about":[{"href":"https:\/\/hookahshop.lt\/pl\/wp-json\/wp\/v2\/types\/product"}],"replies":[{"embeddable":true,"href":"https:\/\/hookahshop.lt\/pl\/wp-json\/wp\/v2\/comments?post=10811"}],"version-history":[{"count":2,"href":"https:\/\/hookahshop.lt\/pl\/wp-json\/wp\/v2\/product\/10811\/revisions"}],"predecessor-version":[{"id":23290,"href":"https:\/\/hookahshop.lt\/pl\/wp-json\/wp\/v2\/product\/10811\/revisions\/23290"}],"wp:featuredmedia":[{"embeddable":true,"href":"https:\/\/hookahshop.lt\/pl\/wp-json\/wp\/v2\/media\/10812"}],"wp:attachment":[{"href":"https:\/\/hookahshop.lt\/pl\/wp-json\/wp\/v2\/media?parent=10811"}],"curies":[{"name":"wp","href":"https:\/\/api.w.org\/{rel}","templated":true}]}}