{"id":10821,"date":"2020-07-24T21:07:24","date_gmt":"2020-07-24T18:07:24","guid":{"rendered":"https:\/\/hookahshop.lt\/?post_type=product&#038;p=10821"},"modified":"2026-05-14T23:29:01","modified_gmt":"2026-05-14T20:29:01","slug":"kaljanas-voodoo-smoke-down-black","status":"publish","type":"product","link":"https:\/\/hookahshop.lt\/pl\/produkt\/fajka-voodoo-dym-puch-czarna-be-flask\/","title":{"rendered":"Fajka wodna VOODOO Smoke Down Czarna"},"content":{"rendered":"<h2>Fajka wodna VOODOO Smoke Down Czarna<\/h2>\n<p>VooDoo Smoke to moskiewski producent fajki wodnej i akcesori\u00f3w, kt\u00f3ry zdoby\u0142 zaufanie na rynku fajki wodnej.<\/p>\n<p>Voodoo Smoke wypu\u015bci\u0142o nowy model z ekskluzywnym systemem nadmuchu spod talerza - Smoke Down (Black). Wykonane z wysokiej jako\u015bci niemieckiego poliacetalu i ca\u0142kowicie czarne.<\/p>\n<p>Voodoo Smoke to wysokiej jako\u015bci obr\u00f3bka cz\u0119\u015bci ze stali nierdzewnej. Voodoo Smoke uwzgl\u0119dnia \u017cyczenia mi\u0142o\u015bnik\u00f3w fajki wodnej i uosabia je w swoich modelach.<\/p>\n<p>Ekwipunek:<br \/>\nTrzonek, p\u0142ytka, ustnik, w\u0105\u017c mi\u0119kki, przy\u0142\u0105cze w\u0119\u017ca, uszczelki.<\/p>\n<p>Charakterystyka:<br \/>\nWaga fajki wodnej: ~ 1560 gr<br \/>\nWysoko\u015b\u0107 fajki wodnej: 440 mm<br \/>\nWewn\u0119trzna cz\u0119\u015b\u0107 wa\u0142u: stal nierdzewna, D13 mm<br \/>\nPlastik: niemiecki poliacetal<br \/>\nZanurzona cz\u0119\u015b\u0107 wa\u0142u: stal nierdzewna, D13 mm<br \/>\nG\u0142\u00f3wny materia\u0142: niemiecki poliacetal<br \/>\nZ\u0142\u0105cze w\u0119\u017ca: O-ring<br \/>\nMateria\u0142 po\u0142\u0105czenia: stal nierdzewna<br \/>\nPod\u0142\u0105czenie zaworu: absolutnie unikalny system do przedmuchiwania haka spod p\u0142yty, wewn\u0119trzny<br \/>\nKlosz: zdejmowany na pier\u015bcieniu<br \/>\nUstnik: stal nierdzewna<br \/>\nD\u0142ugo\u015b\u0107 ustnika: 300 mm, D10 mm<br \/>\nW\u0105\u017c: silikon<br \/>\nD\u0142ugo\u015b\u0107 w\u0119\u017ca: 1500 mm<\/p>\n<p>Czy masz jakie\u015b pytania? Skontaktuj si\u0119 z nami <a href=\"https:\/\/hookahshop.lt\/pl\/lacznosc\/\">strona z kontaktami<\/a> lub napisz do nas na adres <a href=\"https:\/\/facebook.com\/HookahShop.lt\/\" target=\"_blank\" rel=\"noopener noreferrer\">konto na Facebooku<\/a> a my odpowiemy na Twoj\u0105 pro\u015bb\u0119 tego samego dnia.<\/p>","protected":false},"excerpt":{"rendered":"<p>Fajka wodna VOODOO Smoke Down Black \u201eVooDoo Smoke\u201d to moskiewski producent fajek wodnych i akcesori\u00f3w, kt\u00f3ry zdoby\u0142 zaufanie na rynku fajek wodnych. Voodoo Smoke wypu\u015bci\u0142o na rynek nowy model z unikalnym systemem nadmuchu spod spodka \u2013 \u201eSmoke Down (Black)\u201d. Wykonane z wysokiej jako\u015bci niemieckiego poliacetalu i ca\u0142kowicie czarne. Voodoo Smoke to wysokiej jako\u015bci obr\u00f3bka cz\u0119\u015bci ze stali nierdzewnej. Dym voodoo [\u2026]<\/p>","protected":false},"featured_media":10822,"comment_status":"open","ping_status":"closed","template":"","meta":[],"_links":{"self":[{"href":"https:\/\/hookahshop.lt\/pl\/wp-json\/wp\/v2\/product\/10821"}],"collection":[{"href":"https:\/\/hookahshop.lt\/pl\/wp-json\/wp\/v2\/product"}],"about":[{"href":"https:\/\/hookahshop.lt\/pl\/wp-json\/wp\/v2\/types\/product"}],"replies":[{"embeddable":true,"href":"https:\/\/hookahshop.lt\/pl\/wp-json\/wp\/v2\/comments?post=10821"}],"version-history":[{"count":6,"href":"https:\/\/hookahshop.lt\/pl\/wp-json\/wp\/v2\/product\/10821\/revisions"}],"predecessor-version":[{"id":29394,"href":"https:\/\/hookahshop.lt\/pl\/wp-json\/wp\/v2\/product\/10821\/revisions\/29394"}],"wp:featuredmedia":[{"embeddable":true,"href":"https:\/\/hookahshop.lt\/pl\/wp-json\/wp\/v2\/media\/10822"}],"wp:attachment":[{"href":"https:\/\/hookahshop.lt\/pl\/wp-json\/wp\/v2\/media?parent=10821"}],"curies":[{"name":"wp","href":"https:\/\/api.w.org\/{rel}","templated":true}]}}