{"id":10881,"date":"2020-07-25T22:13:39","date_gmt":"2020-07-25T19:13:39","guid":{"rendered":"https:\/\/hookahshop.lt\/?post_type=product&#038;p=10881"},"modified":"2026-04-13T23:28:47","modified_gmt":"2026-04-13T20:28:47","slug":"kaitlente-kaljanui-daly","status":"publish","type":"product","link":"https:\/\/hookahshop.lt\/pl\/produkt\/plyta-grzejna-do-czesci-do-fajki-wodnej\/","title":{"rendered":"P\u0142yta do fajki wodnej DALY 1,6KW"},"content":{"rendered":"<h2>P\u0142yta do fajki wodnej DALY 1,6KW<\/h2>\n<p>Jest to szybki i wygodny spos\u00f3b na rozpalenie du\u017cej ilo\u015bci w\u0119gla. Doskonale przejawia si\u0119 w pracach instytucji i wycieczkach. Kupuj\u0105c p\u0142ytki Daly, zapomnisz o k\u0142opotach z w\u0119glem!<\/p>\n<p>Profesjonalna p\u0142ytka Daly pozwala przyspieszy\u0107 proces serwowania fajki wodnej.<\/p>\n<p>\u2013 Moc elektryczna \u2013 1,6 kW<br \/>\n\u2013 Napi\u0119cie \u2013 220V<br \/>\n- Waga oko\u0142o 2 kg<\/p>\n<p>1. Mie\u015bci 30-35 w\u0119gli na raz<br \/>\n2. Posiada 4 autonomiczne elementy grzejne<br \/>\n3. Wytrzymuje temperatur\u0119 500 stopni Celsjusza<br \/>\n4. Panel sterowania znajduje si\u0119 za korpusem p\u0142ytki, co zapobiega uszkodzeniu lub spaleniu przycisk\u00f3w<br \/>\n5. Obecno\u015b\u0107 dw\u00f3ch element\u00f3w steruj\u0105cych pozwala w razie potrzeby u\u017cy\u0107 tylko dw\u00f3ch element\u00f3w grzejnych<\/p>\n<p>Czy masz jakie\u015b pytania? Skontaktuj si\u0119 z nami <a href=\"https:\/\/hookahshop.lt\/pl\/lacznosc\/\">strona z kontaktami<\/a> lub napisz do nas na adres <a href=\"https:\/\/facebook.com\/HookahShop.lt\/\" target=\"_blank\" rel=\"noopener noreferrer\">konto na Facebooku<\/a> a my odpowiemy na Twoj\u0105 pro\u015bb\u0119 tego samego dnia.<\/p>","protected":false},"excerpt":{"rendered":"<p>P\u0142yta grzewcza do fajki wodnej DALY 1,6KW Jest to szybkie i wygodne rozpalenie du\u017cej ilo\u015bci w\u0119gla drzewnego. Doskonale przejawia si\u0119 w pracach instytucji i wycieczkach. Kupuj\u0105c p\u0142ytki Daly zapomnisz o k\u0142opotach z w\u0119glem! Profesjonalna p\u0142ytka Daly pozwala przyspieszy\u0107 proces serwowania fajki wodnej. \u2013 Moc elektryczna \u2013 1,6 kW \u2013 Napi\u0119cie \u2013 220V \u2013 Waga oko\u0142o 2kg 1. Mie\u015bci jednorazowo 30-35 w\u0119gli [\u2026]<\/p>","protected":false},"featured_media":10882,"comment_status":"open","ping_status":"closed","template":"","meta":[],"_links":{"self":[{"href":"https:\/\/hookahshop.lt\/pl\/wp-json\/wp\/v2\/product\/10881"}],"collection":[{"href":"https:\/\/hookahshop.lt\/pl\/wp-json\/wp\/v2\/product"}],"about":[{"href":"https:\/\/hookahshop.lt\/pl\/wp-json\/wp\/v2\/types\/product"}],"replies":[{"embeddable":true,"href":"https:\/\/hookahshop.lt\/pl\/wp-json\/wp\/v2\/comments?post=10881"}],"version-history":[{"count":5,"href":"https:\/\/hookahshop.lt\/pl\/wp-json\/wp\/v2\/product\/10881\/revisions"}],"predecessor-version":[{"id":32022,"href":"https:\/\/hookahshop.lt\/pl\/wp-json\/wp\/v2\/product\/10881\/revisions\/32022"}],"wp:featuredmedia":[{"embeddable":true,"href":"https:\/\/hookahshop.lt\/pl\/wp-json\/wp\/v2\/media\/10882"}],"wp:attachment":[{"href":"https:\/\/hookahshop.lt\/pl\/wp-json\/wp\/v2\/media?parent=10881"}],"curies":[{"name":"wp","href":"https:\/\/api.w.org\/{rel}","templated":true}]}}