{"id":10893,"date":"2020-07-25T22:31:38","date_gmt":"2020-07-25T19:31:38","guid":{"rendered":"https:\/\/hookahshop.lt\/?post_type=product&#038;p=10893"},"modified":"2026-04-20T23:28:49","modified_gmt":"2026-04-20T20:28:49","slug":"kaitlente-kaljanui-hootec-burner-x2","status":"publish","type":"product","link":"https:\/\/hookahshop.lt\/pl\/produkt\/plyta-szisza-hootec-palnik-x2\/","title":{"rendered":"P\u0142yta do fajki wodnej HOOTEC Burner X2"},"content":{"rendered":"<h2>P\u0142yta do fajki wodnej HOOTEC Burner X2<\/h2>\n<p>To podw\u00f3jna profesjonalna dach\u00f3wka dla firm, przeznaczona do bar\u00f3w z fajkami wodnymi do bardzo szybkiego rozpalania w\u0119gla drzewnego w du\u017cych ilo\u015bciach.<\/p>\n<p>P\u0142yta Hootec Burner X2 posiada wszystkie zalety modelu V2.<br \/>\nHootec rozumie wszystkie g\u0142\u00f3wne problemy zwi\u0105zane z prac\u0105 z w\u0119glem, dlatego g\u0142\u00f3wne cechy p\u0142ytek to:<\/p>\n<p>1. Praktyczno\u015b\u0107.<br \/>\nUk\u0142ad ch\u0142odzenia, kt\u00f3ry zapobiega przegrzaniu urz\u0105dzenia powy\u017cej 50 stopni, chroni r\u00f3wnie\u017c element grzejny przed przegrzaniem.<br \/>\n2. U\u017cyteczno\u015b\u0107.<br \/>\nCa\u0142a instalacja elektryczna p\u0142ytek wykonana jest z drut\u00f3w i ko\u0144c\u00f3wek odpornych na ciep\u0142o, aby zapewni\u0107 bezpiecze\u0144stwo i wyd\u0142u\u017cy\u0107 \u017cywotno\u015b\u0107 p\u0142ytki.<br \/>\n3. Szybko\u015b\u0107 zap\u0142onu w\u0119gla.<br \/>\nWdmuchiwanie w\u0119gla to wyj\u0105tkowa innowacja firmy Hootec, kt\u00f3ra przyspiesza nagrzewanie w\u0119gla. Ponadto, dzi\u0119ki dodatkowej siatce, utrzymuje w\u0119gle w stanie roboczym.<br \/>\n4. \u0141atwo\u015b\u0107 obs\u0142ugi i obs\u0142ugi.<br \/>\nPrzemy\u015blany system wymiennych element\u00f3w grzejnych.<br \/>\nW razie potrzeby element grzejny mo\u017cna \u0142atwo wyj\u0105\u0107 i wymieni\u0107 na nowy.<\/p>\n<p>G\u0141\u00d3WNA R\u00d3\u017bNICA Model X2 od V2:<br \/>\n\u2013 Piec jest systemem niezale\u017cnego pod\u0142\u0105czenia 2 palnik\u00f3w.<br \/>\nPozwala to nie tylko na podwojenie obj\u0119to\u015bci rozpalanego w\u0119gla, ale tak\u017ce na zapewnienie nieprzerwanej pracy.<br \/>\n\u2013 W przypadku awarii jednego z element\u00f3w grzejnych mo\u017cna kontynuowa\u0107 prac\u0119 z piecem z drugim palnikiem. Podczas niego mo\u017cesz bezpiecznie wymieni\u0107 uszkodzony element grzejny.<br \/>\n\u2013 Prawy palnik ma mocniejszy element grzejny do rozpalania niewielkiej ilo\u015bci \u017caru w trybie przyspieszonym (w razie potrzeby).<\/p>\n<p>CHARAKTERYSTYKA OG\u00d3LNA:<br \/>\n1. Pr\u0119dko\u015b\u0107 ogrzewania w\u0119gla:<br \/>\n3-5 minut (w zale\u017cno\u015bci od wielko\u015bci w\u0119gla i pocz\u0105tkowego trybu kafelk\u00f3w) na ka\u017cdym elemencie grzejnym.<br \/>\n2. Optymalne jednorazowe uk\u0142adanie - do 30 jednostek (w\u0119gla \u201e25 mm\u201d) w jednej warstwie na ka\u017cdym elemencie grzejnym.<br \/>\n3. Zu\u017cycie energii:<br \/>\nPrawy palnik<br \/>\n\u2013 W trybie \u201eOgrzewanie\u201d: 700 wat\u00f3w<br \/>\n\u2013 W trybie \u201eBurning\u201d: 1300 wat\u00f3w<br \/>\nLewy palnik<br \/>\n\u2013 W trybie \u201eOgrzewanie\u201d: 500 wat\u00f3w<br \/>\n\u2013 W trybie \u201eBurning\u201d: 1100 wat\u00f3w<br \/>\nCa\u0142kowite zu\u017cycie p\u0142ytek podczas pracy: 2400 W<br \/>\n3. Waga: 6,9kg<br \/>\n4. \u017bywotno\u015b\u0107: 10 ton w\u0119gla<br \/>\n5. MTBF: 10 000 godzin<\/p>\n<p>Czy masz jakie\u015b pytania? Skontaktuj si\u0119 z nami <a href=\"https:\/\/hookahshop.lt\/pl\/lacznosc\/\">strona z kontaktami<\/a> lub napisz do nas na adres <a href=\"https:\/\/facebook.com\/HookahShop.lt\/\" target=\"_blank\" rel=\"noopener noreferrer\">konto na Facebooku<\/a> a my odpowiemy na Twoj\u0105 pro\u015bb\u0119 tego samego dnia.<\/p>","protected":false},"excerpt":{"rendered":"<p>P\u0142yta grzewcza do fajki wodnej HOOTEC Burner X2 Jest to podw\u00f3jna profesjonalna p\u0142ytka dla firm, przeznaczona do baton\u00f3w szisza do bardzo szybkiego i du\u017cych ilo\u015bci rozpalania w\u0119gla. P\u0142yta Hootec Burner X2 posiada wszystkie zalety modelu V2. Hootec rozumie wszystkie g\u0142\u00f3wne problemy zwi\u0105zane z prac\u0105 z w\u0119glem, dlatego g\u0142\u00f3wnymi cechami p\u0142ytek s\u0105: 1. Praktyczno\u015b\u0107. System ch\u0142odzenia, kt\u00f3ry nie pozwala na nagrzanie si\u0119 urz\u0105dzenia powy\u017cej 50 stopni, dzi\u0119ki czemu [...]<\/p>","protected":false},"featured_media":10894,"comment_status":"open","ping_status":"closed","template":"","meta":[],"_links":{"self":[{"href":"https:\/\/hookahshop.lt\/pl\/wp-json\/wp\/v2\/product\/10893"}],"collection":[{"href":"https:\/\/hookahshop.lt\/pl\/wp-json\/wp\/v2\/product"}],"about":[{"href":"https:\/\/hookahshop.lt\/pl\/wp-json\/wp\/v2\/types\/product"}],"replies":[{"embeddable":true,"href":"https:\/\/hookahshop.lt\/pl\/wp-json\/wp\/v2\/comments?post=10893"}],"version-history":[{"count":2,"href":"https:\/\/hookahshop.lt\/pl\/wp-json\/wp\/v2\/product\/10893\/revisions"}],"predecessor-version":[{"id":30602,"href":"https:\/\/hookahshop.lt\/pl\/wp-json\/wp\/v2\/product\/10893\/revisions\/30602"}],"wp:featuredmedia":[{"embeddable":true,"href":"https:\/\/hookahshop.lt\/pl\/wp-json\/wp\/v2\/media\/10894"}],"wp:attachment":[{"href":"https:\/\/hookahshop.lt\/pl\/wp-json\/wp\/v2\/media?parent=10893"}],"curies":[{"name":"wp","href":"https:\/\/api.w.org\/{rel}","templated":true}]}}