{"id":10899,"date":"2020-07-25T22:39:42","date_gmt":"2020-07-25T19:39:42","guid":{"rendered":"https:\/\/hookahshop.lt\/?post_type=product&#038;p=10899"},"modified":"2026-04-14T23:29:10","modified_gmt":"2026-04-14T20:29:10","slug":"naturaliu-angliuku-uzkuriklis-smoke2u-800w","status":"publish","type":"product","link":"https:\/\/hookahshop.lt\/pl\/produkt\/palnik-palnik-wegiel-naturalny-dym2u-800w\/","title":{"rendered":"Zapalnik w\u0119glowy SMOKE2U 800W"},"content":{"rendered":"<h2>Zapalnik w\u0119glowy SMOKE2U 800W<\/h2>\n<p>Pomo\u017ce Ci komfortowo podgrza\u0107 w\u0119giel do fajki wodnej, bezpieczniej ni\u017c inne urz\u0105dzenia grzewcze i oszcz\u0119dnie dzi\u0119ki mocy 800W.<\/p>\n<p>Mie\u015bci do 5-6 w\u0119glowodan\u00f3w. Praca jest wykonywana \u015brednio w 10-12 minut.<\/p>\n<p>Czy masz jakie\u015b pytania? Skontaktuj si\u0119 z nami <a href=\"https:\/\/hookahshop.lt\/pl\/lacznosc\/\">strona z kontaktami<\/a> lub napisz do nas na adres <a href=\"https:\/\/facebook.com\/HookahShop.lt\/\" target=\"_blank\" rel=\"noopener noreferrer\">konto na Facebooku<\/a> a my odpowiemy na Twoj\u0105 pro\u015bb\u0119 tego samego dnia.<\/p>","protected":false},"excerpt":{"rendered":"<p>Zapalniczka na w\u0119giel naturalny SMOKE2U 800W Pomo\u017ce Ci wygodnie podgrza\u0107 w\u0119giel do fajki wodnej, bezpieczniej ni\u017c inne urz\u0105dzenia grzewcze i oszcz\u0119dnie dzi\u0119ki mocy 800W. Mie\u015bci do 5-6 w\u0119glowodan\u00f3w. Praca jest wykonywana \u015brednio w 10-12 minut. Czy masz jakie\u015b pytania? Skontaktuj si\u0119 z nami na stronie kontaktowej lub napisz do nas na naszym koncie na Facebooku, a my odpowiemy na Twoj\u0105 pro\u015bb\u0119 jeszcze tego samego dnia.<\/p>","protected":false},"featured_media":40925,"comment_status":"open","ping_status":"closed","template":"","meta":[],"_links":{"self":[{"href":"https:\/\/hookahshop.lt\/pl\/wp-json\/wp\/v2\/product\/10899"}],"collection":[{"href":"https:\/\/hookahshop.lt\/pl\/wp-json\/wp\/v2\/product"}],"about":[{"href":"https:\/\/hookahshop.lt\/pl\/wp-json\/wp\/v2\/types\/product"}],"replies":[{"embeddable":true,"href":"https:\/\/hookahshop.lt\/pl\/wp-json\/wp\/v2\/comments?post=10899"}],"version-history":[{"count":7,"href":"https:\/\/hookahshop.lt\/pl\/wp-json\/wp\/v2\/product\/10899\/revisions"}],"predecessor-version":[{"id":45568,"href":"https:\/\/hookahshop.lt\/pl\/wp-json\/wp\/v2\/product\/10899\/revisions\/45568"}],"wp:featuredmedia":[{"embeddable":true,"href":"https:\/\/hookahshop.lt\/pl\/wp-json\/wp\/v2\/media\/40925"}],"wp:attachment":[{"href":"https:\/\/hookahshop.lt\/pl\/wp-json\/wp\/v2\/media?parent=10899"}],"curies":[{"name":"wp","href":"https:\/\/api.w.org\/{rel}","templated":true}]}}