{"id":10906,"date":"2020-07-25T23:36:34","date_gmt":"2020-07-25T20:36:34","guid":{"rendered":"https:\/\/hookahshop.lt\/?post_type=product&#038;p=10906"},"modified":"2026-04-20T23:28:53","modified_gmt":"2026-04-20T20:28:53","slug":"kaljanas-cwp-razor-2-bronze-gold","status":"publish","type":"product","link":"https:\/\/hookahshop.lt\/pl\/produkt\/szisza-cwp-brzytwa-2-braz-zloto\/","title":{"rendered":"Szisza CWP Razor 2 Br\u0105zowo-z\u0142ota"},"content":{"rendered":"<h2>Fajka wodna CWP RAZOR 2 Br\u0105zowo-z\u0142ota<\/h2>\n<p>Fajka wodna CWP RAZOR 2 to produkt prawdziwie premium, na kt\u00f3ry sk\u0142ada si\u0119 wieloletnie do\u015bwiadczenie w produkcji fajek wodnych. Klasyczny design, rze\u017abione g\u0142adkie linie i wspania\u0142e po\u0142\u0105czenie kolor\u00f3w - to tradycyjna fajka wodna o nowoczesnym designie.<\/p>\n<p>Szisza wykonana jest ze stali nierdzewnej i anodyzowanego aluminium w po\u0142\u0105czeniu z br\u0105zem i z\u0142otem. Ten kolor nadaje Razor 2 bogactwo i urzekaj\u0105ce pi\u0119kno. Na cholewce z\u0142ota wstawka z logo firmy podkre\u015bla jej luksus.<\/p>\n<p>P\u0142ytka do fajki wodnej jest wyjmowana, dzi\u0119ki specjalnej technologii mocno si\u0119 trzyma.<\/p>\n<p>Br\u0105zowy ustnik ze z\u0142otymi wstawkami doskonale uzupe\u0142nia zestaw do fajki wodnej. R\u0105czka ustnika pokryta jest mi\u0119kkim silikonem.<\/p>\n<p>Charakterystyczne wybrzuszenie i po\u0142\u0105czenie magnetyczne wykonano ze stali nierdzewnej.<\/p>\n<p><strong>Ekwipunek:<br \/>\n<\/strong>Trzonek, p\u0142ytka, w\u0105\u017c, ustnik.<\/p>\n<p>Czy masz jakie\u015b pytania? Skontaktuj si\u0119 z nami <a href=\"https:\/\/hookahshop.lt\/pl\/lacznosc\/\">strona z kontaktami<\/a> lub napisz do nas na adres <a href=\"https:\/\/facebook.com\/HookahShop.lt\/\" target=\"_blank\" rel=\"noopener noreferrer\">konto na Facebooku<\/a> a my odpowiemy na Twoj\u0105 pro\u015bb\u0119 tego samego dnia.<\/p>","protected":false},"excerpt":{"rendered":"<p>Szisza wodna CWP RAZOR 2 Br\u0105zowo-Z\u0142ota Szisza wodna CWP RAZOR 2 to produkt o naprawd\u0119 najwy\u017cszej jako\u015bci, na kt\u00f3ry sk\u0142ada si\u0119 wieloletnie do\u015bwiadczenie w produkcji fajek wodnych. Klasyczny design, rze\u017abione g\u0142adkie linie i wspania\u0142e po\u0142\u0105czenie kolor\u00f3w - to tradycyjna fajka wodna w nowoczesnym designie. Szisza wykonana jest ze stali nierdzewnej i anodyzowanego aluminium w po\u0142\u0105czeniu z br\u0105zem i z\u0142otem. Ten kolor nadaje Razor 2 bogactwo i [\u2026]<\/p>","protected":false},"featured_media":10907,"comment_status":"open","ping_status":"closed","template":"","meta":[],"_links":{"self":[{"href":"https:\/\/hookahshop.lt\/pl\/wp-json\/wp\/v2\/product\/10906"}],"collection":[{"href":"https:\/\/hookahshop.lt\/pl\/wp-json\/wp\/v2\/product"}],"about":[{"href":"https:\/\/hookahshop.lt\/pl\/wp-json\/wp\/v2\/types\/product"}],"replies":[{"embeddable":true,"href":"https:\/\/hookahshop.lt\/pl\/wp-json\/wp\/v2\/comments?post=10906"}],"version-history":[{"count":5,"href":"https:\/\/hookahshop.lt\/pl\/wp-json\/wp\/v2\/product\/10906\/revisions"}],"predecessor-version":[{"id":31105,"href":"https:\/\/hookahshop.lt\/pl\/wp-json\/wp\/v2\/product\/10906\/revisions\/31105"}],"wp:featuredmedia":[{"embeddable":true,"href":"https:\/\/hookahshop.lt\/pl\/wp-json\/wp\/v2\/media\/10907"}],"wp:attachment":[{"href":"https:\/\/hookahshop.lt\/pl\/wp-json\/wp\/v2\/media?parent=10906"}],"curies":[{"name":"wp","href":"https:\/\/api.w.org\/{rel}","templated":true}]}}