{"id":10926,"date":"2020-07-26T16:48:35","date_gmt":"2020-07-26T13:48:35","guid":{"rendered":"https:\/\/hookahshop.lt\/?post_type=product&#038;p=10926"},"modified":"2026-04-18T23:28:40","modified_gmt":"2026-04-18T20:28:40","slug":"kaljanas-alpha-hookah-s-white-cosmo","status":"publish","type":"product","link":"https:\/\/hookahshop.lt\/pl\/produkt\/szisza-alfa-szisza-s-bialy-cosmo\/","title":{"rendered":"Fajka wodna ALPHA HOOKAH S White Cosmo"},"content":{"rendered":"<h2>Fajka wodna ALPHA Fajka wodna S White Cosmo<\/h2>\n<p>Alpha Hookah Model S, Hookah of the Year w konkursie John Calliano Awards 2018 i Hookah Club Show 2020.<\/p>\n<p>Zwracaj\u0105c szczeg\u00f3ln\u0105 uwag\u0119 na jako\u015b\u0107 wszystkich element\u00f3w fajki wodnej, Alpha Hookah tworzy modele o minimalistycznym designie, ale bardzo charyzmatycznym, do u\u017cytku w domu i w instytucjach.<br \/>\nJe\u015bli wolisz nie tylko funkcjonalno\u015b\u0107, ale tak\u017ce zewn\u0119trzne zalety akcesori\u00f3w do palenia, warto kupi\u0107 Alpha Hookah S. Ka\u017cdy model z tej serii mo\u017ce sta\u0107 si\u0119 prawdziw\u0105 ozdob\u0105 sali klubowej lub restauracyjnej i harmonijnie b\u0119dzie wsp\u00f3\u0142gra\u0142 z wystrojem wn\u0119trza w\u0119dzarni w wiejskim domu lub mieszkaniu miejskim.<\/p>\n<p>Charakterystyka:<br \/>\n\u2013 Wysoko\u015b\u0107 500 mm<br \/>\n\u2013 Dekoracja z anodyzowanego aluminium, pomalowana odporn\u0105 farb\u0105.<br \/>\n\u2013 Podstawa wykonana z niemieckiego poliacetalu z oryginalnym systemem oczyszczania<br \/>\n\u2013 Wyjmowany dyfuzor<br \/>\n\u2013 Po\u0142\u0105czenie magnetyczne<\/p>\n<p><strong>Ekwipunek:<\/strong><br \/>\nWa\u0142, p\u0142yta, w\u0105\u017c, ustnik, uszczelki.<\/p>\n<p>Czy masz jakie\u015b pytania? Skontaktuj si\u0119 z nami <a href=\"https:\/\/hookahshop.lt\/pl\/lacznosc\/\">strona z kontaktami<\/a> lub napisz do nas na adres <a href=\"https:\/\/facebook.com\/HookahShop.lt\/\" target=\"_blank\" rel=\"noopener noreferrer\">konto na Facebooku<\/a> a my odpowiemy na Twoj\u0105 pro\u015bb\u0119 tego samego dnia.<\/p>","protected":false},"excerpt":{"rendered":"<p>Fajka wodna ALPHA Hookah S White Cosmo \u201eAlpha Hookah Model S\u201d, \u201eSzisza Roku\u201d wed\u0142ug John Calliano Awards 2018 i Hookah Club Show 2020. Zwracaj\u0105c szczeg\u00f3ln\u0105 uwag\u0119 na jako\u015b\u0107 wszystkich element\u00f3w fajki wodnej, Alpha Hookah tworzy modele o minimalistycznym designie, ale bardzo charyzmatycznym, do u\u017cytku w domu i w instytucjach. Je\u015bli wolisz nie tylko funkcjonalno\u015b\u0107, ale tak\u017ce wygl\u0105d zewn\u0119trzny akcesori\u00f3w do palenia [\u2026]<\/p>","protected":false},"featured_media":10929,"comment_status":"open","ping_status":"closed","template":"","meta":[],"_links":{"self":[{"href":"https:\/\/hookahshop.lt\/pl\/wp-json\/wp\/v2\/product\/10926"}],"collection":[{"href":"https:\/\/hookahshop.lt\/pl\/wp-json\/wp\/v2\/product"}],"about":[{"href":"https:\/\/hookahshop.lt\/pl\/wp-json\/wp\/v2\/types\/product"}],"replies":[{"embeddable":true,"href":"https:\/\/hookahshop.lt\/pl\/wp-json\/wp\/v2\/comments?post=10926"}],"version-history":[{"count":4,"href":"https:\/\/hookahshop.lt\/pl\/wp-json\/wp\/v2\/product\/10926\/revisions"}],"predecessor-version":[{"id":22878,"href":"https:\/\/hookahshop.lt\/pl\/wp-json\/wp\/v2\/product\/10926\/revisions\/22878"}],"wp:featuredmedia":[{"embeddable":true,"href":"https:\/\/hookahshop.lt\/pl\/wp-json\/wp\/v2\/media\/10929"}],"wp:attachment":[{"href":"https:\/\/hookahshop.lt\/pl\/wp-json\/wp\/v2\/media?parent=10926"}],"curies":[{"name":"wp","href":"https:\/\/api.w.org\/{rel}","templated":true}]}}