{"id":10954,"date":"2020-07-26T17:06:38","date_gmt":"2020-07-26T14:06:38","guid":{"rendered":"https:\/\/hookahshop.lt\/?post_type=product&#038;p=10954"},"modified":"2026-04-18T23:28:45","modified_gmt":"2026-04-18T20:28:45","slug":"kaljanas-japona-hookah-shuriken-standart-brown","status":"publish","type":"product","link":"https:\/\/hookahshop.lt\/pl\/produkt\/fajka-wodna-japonia-szisza-shuriken-standard-brazowa\/","title":{"rendered":"Kaljanas JAPONA HOOKAH Shuriken Standart Brown"},"content":{"rendered":"<h2>Fajka wodna JAPAN Fajka wodna Shuriken Standart Brown<\/h2>\n<p>Japan hookah to marka, kt\u00f3ra zyska\u0142a szacunek w sercach ludzi, kt\u00f3rzy kochaj\u0105 i szanuj\u0105 kultur\u0119 palenia fajki wodnej. Japonia specjalizuje si\u0119 w produkcji unikalnych fajek wodnych. Stosunkowo niewielkie edycje sprawiaj\u0105, \u017ce produkt jest ekskluzywny i ekskluzywny w swoim rodzaju. Je\u015bli lubisz oryginalno\u015b\u0107 i styl, japo\u0144ska fajka wodna harmonijnie wpasuje si\u0119 w Twoje wn\u0119trze i stanie si\u0119 integraln\u0105 cz\u0119\u015bci\u0105 Twojego wizerunku.<br \/>\nTrzon fajki wodnej \u201eShuriken Standart\u201d jest nieodwracalny i jednocz\u0119\u015bciowy o d\u0142ugo\u015bci 690 mm. \u015arodkow\u0105 cz\u0119\u015b\u0107 trzonu stanowi solidna rura ze stali nierdzewnej o \u015brednicy wewn\u0119trznej 13 mm, cz\u0119\u015b\u0107 dekoracyjna wykonana jest ze szlachetnego drewna impregnowanego olejami i wybran\u0105 faktur\u0105.<br \/>\nSzklana kolba o wysoko\u015bci 250 mm, grubo\u015bci \u015bcianek 6 mm, \u015brednicy wewn\u0119trznej szyjki 45 mm, z metalowym adapterem trzonka, kt\u00f3ry podkre\u015bla wygl\u0105d fajki wodnej.<\/p>\n<p><strong>Charakterystyka:<\/strong><br \/>\nCa\u0142kowita wysoko\u015b\u0107 fajki wodnej wynosi 690 mm<br \/>\nWysoko\u015b\u0107 kolby 260 mm<br \/>\n\u015arednica wa\u0142u 13 mm<br \/>\n\u015arednica ustnika 10 mm<\/p>\n<p><strong>Ekwipunek:<\/strong><br \/>\nTrzpie\u0144, p\u0142ytka, kolba (p\u00f3\u0142przezroczysty fiolet), ustnik, w\u0105\u017c silikonowy (1,5 m), \u0142\u0105cznik (o-ringi), uszczelki.<\/p>\n<p><strong>Materia\u0142y:<\/strong><br \/>\nDrewno, stal nierdzewna (dopuszczone do kontaktu z \u017cywno\u015bci\u0105), stop aluminium (anodowany)<\/p>\n<p>Czy masz jakie\u015b pytania? Skontaktuj si\u0119 z nami <a href=\"https:\/\/hookahshop.lt\/pl\/lacznosc\/\">strona z kontaktami<\/a> lub napisz do nas na adres <a href=\"https:\/\/facebook.com\/HookahShop.lt\/\" target=\"_blank\" rel=\"noopener noreferrer\">konto na Facebooku<\/a> a my odpowiemy na Twoj\u0105 pro\u015bb\u0119 tego samego dnia.<\/p>","protected":false},"excerpt":{"rendered":"<p>Hookah JAPONA Hookah Shuriken Standart Brown Hookah \u201eJapona\u201d to marka, kt\u00f3ra zyska\u0142a szacunek w sercach ludzi, kt\u00f3rzy kochaj\u0105 i szanuj\u0105 kultur\u0119 palenia hookah. \u201eJapona\u201d specjalizuje si\u0119 w produkcji wyj\u0105tkowych hookah. Stosunkowo niewielkie edycje sprawiaj\u0105, \u017ce produkt jest ekskluzywny i jedyny w swoim rodzaju. Je\u015bli lubisz oryginalno\u015b\u0107 i styl, hookah \u201eJapona\u201d harmonijnie wpasuje si\u0119 w Twoje wn\u0119trze i stanie si\u0119 integraln\u0105 cz\u0119\u015bci\u0105 Twojego wizerunku [...]<\/p>","protected":false},"featured_media":10955,"comment_status":"open","ping_status":"closed","template":"","meta":[],"_links":{"self":[{"href":"https:\/\/hookahshop.lt\/pl\/wp-json\/wp\/v2\/product\/10954"}],"collection":[{"href":"https:\/\/hookahshop.lt\/pl\/wp-json\/wp\/v2\/product"}],"about":[{"href":"https:\/\/hookahshop.lt\/pl\/wp-json\/wp\/v2\/types\/product"}],"replies":[{"embeddable":true,"href":"https:\/\/hookahshop.lt\/pl\/wp-json\/wp\/v2\/comments?post=10954"}],"version-history":[{"count":4,"href":"https:\/\/hookahshop.lt\/pl\/wp-json\/wp\/v2\/product\/10954\/revisions"}],"predecessor-version":[{"id":22926,"href":"https:\/\/hookahshop.lt\/pl\/wp-json\/wp\/v2\/product\/10954\/revisions\/22926"}],"wp:featuredmedia":[{"embeddable":true,"href":"https:\/\/hookahshop.lt\/pl\/wp-json\/wp\/v2\/media\/10955"}],"wp:attachment":[{"href":"https:\/\/hookahshop.lt\/pl\/wp-json\/wp\/v2\/media?parent=10954"}],"curies":[{"name":"wp","href":"https:\/\/api.w.org\/{rel}","templated":true}]}}