{"id":10993,"date":"2020-07-26T21:45:57","date_gmt":"2020-07-26T18:45:57","guid":{"rendered":"https:\/\/hookahshop.lt\/?post_type=product&#038;p=10993"},"modified":"2026-04-19T23:28:58","modified_gmt":"2026-04-19T20:28:58","slug":"kaljanas-japona-hookah-lotus-red","status":"publish","type":"product","link":"https:\/\/hookahshop.lt\/pl\/produkt\/szisza-japonia-szisza-lotos-ed\/","title":{"rendered":"Fajka wodna JAPONA HOOKAH Lotus Red"},"content":{"rendered":"<h2>Fajka wodna JAPONIA Fajka wodna Lotus czerwona<\/h2>\n<p>Japan hookah to marka, kt\u00f3ra zyska\u0142a szacunek w sercach ludzi, kt\u00f3rzy kochaj\u0105 i szanuj\u0105 kultur\u0119 palenia fajki wodnej. Japonia specjalizuje si\u0119 w produkcji unikalnych fajek wodnych. Stosunkowo niewielkie edycje sprawiaj\u0105, \u017ce produkt jest ekskluzywny i ekskluzywny w swoim rodzaju. Je\u015bli lubisz oryginalno\u015b\u0107 i styl, japo\u0144ska fajka wodna harmonijnie wpasuje si\u0119 w Twoje wn\u0119trze i stanie si\u0119 integraln\u0105 cz\u0119\u015bci\u0105 Twojego wizerunku.<\/p>\n<p>Fajka wodna Japona Szisza lotosowa Czerwona, nieobrotowa i solidna, o d\u0142ugo\u015bci 620 mm. Centraln\u0105 cz\u0119\u015b\u0107 trzonka stanowi solidna rura ze stali nierdzewnej o \u015brednicy wewn\u0119trznej 13 mm, cz\u0119\u015b\u0107 dekoracyjna wykonana jest ze szlachetnego drewna olejowanego i wyselekcjonowanej tekstury.<\/p>\n<p>Szklana kolba o wysoko\u015bci 250 mm, grubo\u015bci \u015bcianek 6 mm, \u015brednicy wewn\u0119trznej szyjki 45 mm, z metalowym adapterem trzonka, kt\u00f3ry podkre\u015bla wygl\u0105d fajki wodnej.<\/p>\n<p><strong>Charakterystyka:<\/strong><br \/>\nCa\u0142kowita wysoko\u015b\u0107 fajki wodnej to 620 mm<br \/>\nWysoko\u015b\u0107 kolby 260 mm<br \/>\n\u015arednica wa\u0142u 13 mm<br \/>\n\u015arednica ustnika 10 mm<\/p>\n<p><strong>Ekwipunek:<\/strong><br \/>\nTrzonek, p\u0142ytka, kolba, ustnik, w\u0105\u017c silikonowy (1,5 m), z\u0142\u0105czka (O-ringi), uszczelki, dyfuzor.<\/p>\n<p><strong>Materia\u0142y:<\/strong><br \/>\nDrewno, stal nierdzewna (spo\u017cywcza), stop aluminium (anodowany).<\/p>\n<p>Czy masz jakie\u015b pytania? Skontaktuj si\u0119 z nami\u00a0<a href=\"https:\/\/hookahshop.lt\/pl\/lacznosc\/\">strona z kontaktami<\/a>\u00a0lub napisz do nas na adres\u00a0<a href=\"https:\/\/facebook.com\/HookahShop.lt\/\" target=\"_blank\" rel=\"noopener noreferrer\">konto na Facebooku<\/a>\u00a0a my odpowiemy na Twoj\u0105 pro\u015bb\u0119 tego samego dnia.<\/p>","protected":false},"excerpt":{"rendered":"<p>Szisza JAPONA Szisza Lotus Red Szisza Japona to marka, kt\u00f3ra zas\u0142u\u017cy\u0142a na szacunek w sercach ludzi kochaj\u0105cych i szanuj\u0105cych kultur\u0119 palenia fajki wodnej. Japona specjalizuje si\u0119 w produkcji wyj\u0105tkowych fajek wodnych. Stosunkowo ma\u0142e nak\u0142ady czyni\u0105 produkt wyj\u0105tkowym i ekskluzywnym w swoim rodzaju. Je\u015bli lubisz oryginalno\u015b\u0107 i styl, fajka wodna \u201eJapona\u201d harmonijnie wpasuje si\u0119 w Twoje wn\u0119trze i stanie si\u0119 integraln\u0105 cz\u0119\u015bci\u0105 Twojego wizerunku. [\u2026]<\/p>","protected":false},"featured_media":21240,"comment_status":"open","ping_status":"closed","template":"","meta":[],"_links":{"self":[{"href":"https:\/\/hookahshop.lt\/pl\/wp-json\/wp\/v2\/product\/10993"}],"collection":[{"href":"https:\/\/hookahshop.lt\/pl\/wp-json\/wp\/v2\/product"}],"about":[{"href":"https:\/\/hookahshop.lt\/pl\/wp-json\/wp\/v2\/types\/product"}],"replies":[{"embeddable":true,"href":"https:\/\/hookahshop.lt\/pl\/wp-json\/wp\/v2\/comments?post=10993"}],"version-history":[{"count":6,"href":"https:\/\/hookahshop.lt\/pl\/wp-json\/wp\/v2\/product\/10993\/revisions"}],"predecessor-version":[{"id":22925,"href":"https:\/\/hookahshop.lt\/pl\/wp-json\/wp\/v2\/product\/10993\/revisions\/22925"}],"wp:featuredmedia":[{"embeddable":true,"href":"https:\/\/hookahshop.lt\/pl\/wp-json\/wp\/v2\/media\/21240"}],"wp:attachment":[{"href":"https:\/\/hookahshop.lt\/pl\/wp-json\/wp\/v2\/media?parent=10993"}],"curies":[{"name":"wp","href":"https:\/\/api.w.org\/{rel}","templated":true}]}}