{"id":11081,"date":"2020-07-29T14:34:48","date_gmt":"2020-07-29T11:34:48","guid":{"rendered":"https:\/\/hookahshop.lt\/?post_type=product&#038;p=11081"},"modified":"2026-05-05T23:29:20","modified_gmt":"2026-05-05T20:29:20","slug":"kaljanas-karma-hookah-3-0-black","status":"publish","type":"product","link":"https:\/\/hookahshop.lt\/pl\/produkt\/szisza-karma-szisza-3-0-czarny\/","title":{"rendered":"Fajka wodna KARMA HOOKAH 3.0 Czarna"},"content":{"rendered":"<h2>Fajka wodna KARMA Fajka wodna 3.0 Czarna<\/h2>\n<p>KARMA HOOKAH jest pierwsz\u0105 firm\u0105, kt\u00f3ra wypu\u015bci\u0142a na rynek oryginaln\u0105 ukrai\u0144sk\u0105 fajk\u0119 wodn\u0105 z naturalnego drewna. Otrzymasz unikalnie zaprojektowany drewniany wa\u0142ek z rur\u0105 wewn\u0119trzn\u0105 wykonan\u0105 ze stali nierdzewnej o \u015brednicy 14 mm, kt\u00f3ra gwarantuje mi\u0119kki i przyjemny ci\u0105g. Zaw\u00f3r umo\u017cliwi \u0142atwe oczyszczenie kolby. Talerz KARMA HOOKAH jest niezwykle pi\u0119kny i praktyczny.<\/p>\n<p>Charakterystyka:<br \/>\n\u2013 Wysoko\u015b\u0107 fajki wodnej: 66 cm.<br \/>\n-Materia\u0142 drzewny: jesion<\/p>\n<p>Kompletny zestaw: wa\u0142ek, talerzyk, naczynie ceramiczne, kubek, przek\u0142adki, naklejka, firmowe pude\u0142ko.<\/p>\n<p><img decoding=\"async\" loading=\"lazy\" class=\"alignnone size-medium wp-image-38600\" src=\"https:\/\/hookahshop.lt\/wp-content\/uploads\/2021\/08\/taurele-stiebas-1-300x273.jpg\" alt=\"- hookahshop.lt\" width=\"300\" height=\"273\" srcset=\"https:\/\/hookahshop.lt\/wp-content\/uploads\/2021\/08\/taurele-stiebas-1-300x273.jpg 300w, https:\/\/hookahshop.lt\/wp-content\/uploads\/2021\/08\/taurele-stiebas-1-13x12.jpg 13w, https:\/\/hookahshop.lt\/wp-content\/uploads\/2021\/08\/taurele-stiebas-1-64x58.jpg 64w, https:\/\/hookahshop.lt\/wp-content\/uploads\/2021\/08\/taurele-stiebas-1.jpg 420w\" sizes=\"(max-width: 300px) 100vw, 300px\" title=\"\"><\/p>\n<p>Czy masz jakie\u015b pytania? Skontaktuj si\u0119 z nami\u00a0<a href=\"https:\/\/hookahshop.lt\/pl\/lacznosc\/\">strona z kontaktami<\/a>\u00a0lub napisz do nas na adres\u00a0<a href=\"https:\/\/facebook.com\/HookahShop.lt\/\" target=\"_blank\" rel=\"noopener noreferrer\">konto na Facebooku<\/a>\u00a0a my odpowiemy na Twoj\u0105 pro\u015bb\u0119 tego samego dnia.<\/p>","protected":false},"excerpt":{"rendered":"<p>Fajka wodna KARMA Hookah 3.0 Czarna \u201eKARMA HOOKAH\u201d to pierwsza firma, kt\u00f3ra wypu\u015bci\u0142a na rynek oryginaln\u0105 ukrai\u0144sk\u0105 fajk\u0119 wodn\u0105 wykorzystuj\u0105c\u0105 naturalne drewno. Otrzymasz drewniany trzonek o unikalnym designie, z d\u0119tk\u0105 wykonan\u0105 ze stali nierdzewnej o \u015brednicy 14 mm, kt\u00f3ra gwarantuje mi\u0119kkie i przyjemne naci\u0105gni\u0119cie. Zaw\u00f3r umo\u017cliwi \u0142atwe przedmuchanie kolby. Talerz \u201eKARMA HOOKAH\u201d jest niezwykle pi\u0119kny i praktyczny. Charakterystyka: [\u2026]<\/p>","protected":false},"featured_media":11082,"comment_status":"open","ping_status":"closed","template":"","meta":[],"_links":{"self":[{"href":"https:\/\/hookahshop.lt\/pl\/wp-json\/wp\/v2\/product\/11081"}],"collection":[{"href":"https:\/\/hookahshop.lt\/pl\/wp-json\/wp\/v2\/product"}],"about":[{"href":"https:\/\/hookahshop.lt\/pl\/wp-json\/wp\/v2\/types\/product"}],"replies":[{"embeddable":true,"href":"https:\/\/hookahshop.lt\/pl\/wp-json\/wp\/v2\/comments?post=11081"}],"version-history":[{"count":7,"href":"https:\/\/hookahshop.lt\/pl\/wp-json\/wp\/v2\/product\/11081\/revisions"}],"predecessor-version":[{"id":45934,"href":"https:\/\/hookahshop.lt\/pl\/wp-json\/wp\/v2\/product\/11081\/revisions\/45934"}],"wp:featuredmedia":[{"embeddable":true,"href":"https:\/\/hookahshop.lt\/pl\/wp-json\/wp\/v2\/media\/11082"}],"wp:attachment":[{"href":"https:\/\/hookahshop.lt\/pl\/wp-json\/wp\/v2\/media?parent=11081"}],"curies":[{"name":"wp","href":"https:\/\/api.w.org\/{rel}","templated":true}]}}