{"id":11087,"date":"2020-07-29T14:40:32","date_gmt":"2020-07-29T11:40:32","guid":{"rendered":"https:\/\/hookahshop.lt\/?post_type=product&#038;p=11087"},"modified":"2026-04-14T23:28:51","modified_gmt":"2026-04-14T20:28:51","slug":"kaljanas-karma-hookah-1-1-black","status":"publish","type":"product","link":"https:\/\/hookahshop.lt\/pl\/produkt\/szisza-karma-szisza-1-1-czarna\/","title":{"rendered":"Fajka wodna KARMA HOOKAH 1.1 Czarna"},"content":{"rendered":"<h2>Kaljanas KARMA Szisza 1.1 Czarna<\/h2>\n<p>KARMA HOOKAH jest pierwsz\u0105 firm\u0105, kt\u00f3ra wypu\u015bci\u0142a na rynek oryginaln\u0105 ukrai\u0144sk\u0105 fajk\u0119 wodn\u0105 z naturalnego drewna. Otrzymasz unikalnie zaprojektowany drewniany wa\u0142ek z rur\u0105 wewn\u0119trzn\u0105 wykonan\u0105 ze stali nierdzewnej o \u015brednicy 14 mm, kt\u00f3ra gwarantuje mi\u0119kki i przyjemny ci\u0105g. Zaw\u00f3r umo\u017cliwi \u0142atwe oczyszczenie kolby. Talerz KARMA HOOKAH jest niezwykle pi\u0119kny i praktyczny.<\/p>\n<p>Model Karma 1.1 wykonany jest z jesionu. Drewno jest g\u0119ste, mocne i trwa\u0142e, odporne na gnicie. \u0141atwy w utrzymaniu i u\u017cytkowaniu. Czarny kolor Karmy 1.1 reprezentuje solidno\u015b\u0107 i si\u0142\u0119. Kolor ten kr\u00f3luje we wsp\u00f3\u0142czesnym \u015bwiecie biznesu i bardzo pasuje do tego modelu. Dla mi\u0142o\u015bnik\u00f3w drewnianych fajek wodnych ten model b\u0119dzie wspania\u0142ym prezentem.<\/p>\n<p>Charakterystyka:<br \/>\n- Wysoko\u015b\u0107 fajki wodnej: 72 cm.<br \/>\n-Materia\u0142 drzewny: jesion<\/p>\n<p>Wyposa\u017cenie: Wa\u0142, p\u0142yta, pojemnik ceramiczny, kubek, uszczelki, naklejka, markowe pude\u0142ko<\/p>\n<p>Czy masz jakie\u015b pytania? Skontaktuj si\u0119 z nami\u00a0<a href=\"https:\/\/hookahshop.lt\/pl\/lacznosc\/\">strona z kontaktami<\/a>\u00a0lub napisz do nas na adres\u00a0<a href=\"https:\/\/facebook.com\/HookahShop.lt\/\" target=\"_blank\" rel=\"noopener noreferrer\">konto na Facebooku<\/a>\u00a0a my odpowiemy na Twoj\u0105 pro\u015bb\u0119 tego samego dnia.<\/p>","protected":false},"excerpt":{"rendered":"<p>Hookah KARMA Hookah 1.1 Black \u201eKARMA HOOKAH\u201d jest pierwsz\u0105 firm\u0105, kt\u00f3ra wypu\u015bci\u0142a oryginaln\u0105 ukrai\u0144sk\u0105 fajk\u0119 wodn\u0105 z naturalnego drewna. Otrzymasz drewniany trzon o unikalnej konstrukcji, kt\u00f3rego wewn\u0119trzna rura wykonana jest ze stali nierdzewnej o \u015brednicy 14 mm, co gwarantuje mi\u0119kki i przyjemny ci\u0105g. Zaw\u00f3r pozwoli Ci \u0142atwo wydmucha\u0107 kolb\u0119. Spodek \u201eKARMA HOOKAH\u201d jest niesamowicie pi\u0119kny i praktyczny. \u201eKarma\u201d [\u2026]<\/p>","protected":false},"featured_media":11088,"comment_status":"open","ping_status":"closed","template":"","meta":[],"_links":{"self":[{"href":"https:\/\/hookahshop.lt\/pl\/wp-json\/wp\/v2\/product\/11087"}],"collection":[{"href":"https:\/\/hookahshop.lt\/pl\/wp-json\/wp\/v2\/product"}],"about":[{"href":"https:\/\/hookahshop.lt\/pl\/wp-json\/wp\/v2\/types\/product"}],"replies":[{"embeddable":true,"href":"https:\/\/hookahshop.lt\/pl\/wp-json\/wp\/v2\/comments?post=11087"}],"version-history":[{"count":6,"href":"https:\/\/hookahshop.lt\/pl\/wp-json\/wp\/v2\/product\/11087\/revisions"}],"predecessor-version":[{"id":22930,"href":"https:\/\/hookahshop.lt\/pl\/wp-json\/wp\/v2\/product\/11087\/revisions\/22930"}],"wp:featuredmedia":[{"embeddable":true,"href":"https:\/\/hookahshop.lt\/pl\/wp-json\/wp\/v2\/media\/11088"}],"wp:attachment":[{"href":"https:\/\/hookahshop.lt\/pl\/wp-json\/wp\/v2\/media?parent=11087"}],"curies":[{"name":"wp","href":"https:\/\/api.w.org\/{rel}","templated":true}]}}