{"id":11093,"date":"2020-07-29T14:45:20","date_gmt":"2020-07-29T11:45:20","guid":{"rendered":"https:\/\/hookahshop.lt\/?post_type=product&#038;p=11093"},"modified":"2026-04-20T23:28:56","modified_gmt":"2026-04-20T20:28:56","slug":"kaljanas-karma-hookah-1-1-white","status":"publish","type":"product","link":"https:\/\/hookahshop.lt\/pl\/produkt\/szisza-karma-szisza-1-1-biala\/","title":{"rendered":"Kaljanas KARMA HOOKAH 1.1 Bia\u0142y"},"content":{"rendered":"<h2>Kaljanas KARMA Fajka wodna 1.1 Bia\u0142a<\/h2>\n<p>KARMA HOOKAH jest pierwsz\u0105 firm\u0105, kt\u00f3ra wypu\u015bci\u0142a na rynek oryginaln\u0105 ukrai\u0144sk\u0105 fajk\u0119 wodn\u0105 z naturalnego drewna. Otrzymasz unikalnie zaprojektowany drewniany wa\u0142ek z rur\u0105 wewn\u0119trzn\u0105 wykonan\u0105 ze stali nierdzewnej o \u015brednicy 14 mm, kt\u00f3ra gwarantuje mi\u0119kki i przyjemny ci\u0105g. Zaw\u00f3r umo\u017cliwi \u0142atwe oczyszczenie kolby. Talerz KARMA HOOKAH jest niezwykle pi\u0119kny i praktyczny.<\/p>\n<p>Karma model 1.1 wykonana jest z jesionu. G\u0119ste drewno jesionowe jest mocne i trwa\u0142e, odporne na gnicie. Mocny i podstawowy bia\u0142y kolor, kt\u00f3ry \u0142\u0105czy w sobie wszystkie najwy\u017csze i pozytywne warto\u015bci, jest idealnie dopasowany do tego modelu. Dla mi\u0142o\u015bnik\u00f3w drewnianych fajek wodnych ten model b\u0119dzie niesamowitym prezentem.<\/p>\n<p>Charakterystyka:<br \/>\n- Wysoko\u015b\u0107 fajki wodnej: 72 cm.<br \/>\n-Materia\u0142 drzewny: jesion<\/p>\n<p>Wyposa\u017cenie: Wa\u0142, p\u0142yta, pojemnik ceramiczny, kubek, uszczelki, naklejka, markowe pude\u0142ko<\/p>\n<p>Czy masz jakie\u015b pytania? Skontaktuj si\u0119 z nami\u00a0<a href=\"https:\/\/hookahshop.lt\/pl\/lacznosc\/\">strona z kontaktami<\/a>\u00a0lub napisz do nas na adres\u00a0<a href=\"https:\/\/facebook.com\/HookahShop.lt\/\" target=\"_blank\" rel=\"noopener noreferrer\">konto na Facebooku<\/a>\u00a0a my odpowiemy na Twoj\u0105 pro\u015bb\u0119 tego samego dnia.<\/p>","protected":false},"excerpt":{"rendered":"<p>Hookah KARMA Hookah 1.1 White \u201eKARMA HOOKAH\u201d jest pierwsz\u0105 firm\u0105, kt\u00f3ra wypu\u015bci\u0142a oryginaln\u0105 ukrai\u0144sk\u0105 fajk\u0119 wodn\u0105 z naturalnego drewna. Otrzymasz drewniany trzon o unikalnej konstrukcji, kt\u00f3rego wewn\u0119trzna rura wykonana jest ze stali nierdzewnej o \u015brednicy 14 mm, co gwarantuje mi\u0119kki i przyjemny ci\u0105g. Zaw\u00f3r pozwoli Ci \u0142atwo wydmucha\u0107 kolb\u0119. Spodek \u201eKARMA HOOKAH\u201d jest niesamowicie pi\u0119kny i praktyczny. \u201eKarma\u201d [\u2026]<\/p>","protected":false},"featured_media":11094,"comment_status":"open","ping_status":"closed","template":"","meta":[],"_links":{"self":[{"href":"https:\/\/hookahshop.lt\/pl\/wp-json\/wp\/v2\/product\/11093"}],"collection":[{"href":"https:\/\/hookahshop.lt\/pl\/wp-json\/wp\/v2\/product"}],"about":[{"href":"https:\/\/hookahshop.lt\/pl\/wp-json\/wp\/v2\/types\/product"}],"replies":[{"embeddable":true,"href":"https:\/\/hookahshop.lt\/pl\/wp-json\/wp\/v2\/comments?post=11093"}],"version-history":[{"count":7,"href":"https:\/\/hookahshop.lt\/pl\/wp-json\/wp\/v2\/product\/11093\/revisions"}],"predecessor-version":[{"id":34539,"href":"https:\/\/hookahshop.lt\/pl\/wp-json\/wp\/v2\/product\/11093\/revisions\/34539"}],"wp:featuredmedia":[{"embeddable":true,"href":"https:\/\/hookahshop.lt\/pl\/wp-json\/wp\/v2\/media\/11094"}],"wp:attachment":[{"href":"https:\/\/hookahshop.lt\/pl\/wp-json\/wp\/v2\/media?parent=11093"}],"curies":[{"name":"wp","href":"https:\/\/api.w.org\/{rel}","templated":true}]}}