{"id":11100,"date":"2020-07-29T14:53:51","date_gmt":"2020-07-29T11:53:51","guid":{"rendered":"https:\/\/hookahshop.lt\/?post_type=product&#038;p=11100"},"modified":"2026-04-18T23:28:45","modified_gmt":"2026-04-18T20:28:45","slug":"kaljanas-karma-hookah-0-0-red","status":"publish","type":"product","link":"https:\/\/hookahshop.lt\/pl\/produkt\/hookah-karma-hookah-0-0-ed\/","title":{"rendered":"Fajka wodna KARMA SZIJKA 0.0 Ed"},"content":{"rendered":"<h2>Fajka wodna KARMA Fajka wodna 0.0 Czerwona<\/h2>\n<p>KARMA HOOKAH jest pierwsz\u0105 firm\u0105, kt\u00f3ra wypu\u015bci\u0142a na rynek oryginaln\u0105 ukrai\u0144sk\u0105 fajk\u0119 wodn\u0105 z naturalnego drewna. Otrzymasz unikalnie zaprojektowany drewniany wa\u0142ek z rur\u0105 wewn\u0119trzn\u0105 wykonan\u0105 ze stali nierdzewnej o \u015brednicy 14 mm, kt\u00f3ra gwarantuje mi\u0119kki i przyjemny ci\u0105g. Zaw\u00f3r umo\u017cliwi \u0142atwe oczyszczenie kolby. Talerz KARMA HOOKAH jest niezwykle pi\u0119kny i praktyczny.<\/p>\n<p>Charakterystyka:<br \/>\n- Wysoko\u015b\u0107 fajki wodnej: 72 cm.<br \/>\n-Materia\u0142 drzewny: jesion<\/p>\n<p>Wyposa\u017cenie: Wa\u0142, p\u0142yta, pojemnik ceramiczny, kubek, uszczelki, naklejka, markowe pude\u0142ko<\/p>\n<p>Czy masz jakie\u015b pytania? Skontaktuj si\u0119 z nami\u00a0<a href=\"https:\/\/hookahshop.lt\/pl\/lacznosc\/\">strona z kontaktami<\/a>\u00a0lub napisz do nas na adres\u00a0<a href=\"https:\/\/facebook.com\/HookahShop.lt\/\" target=\"_blank\" rel=\"noopener noreferrer\">konto na Facebooku<\/a>\u00a0a my odpowiemy na Twoj\u0105 pro\u015bb\u0119 tego samego dnia.<\/p>","protected":false},"excerpt":{"rendered":"<p>Szisza KARMA Hookah 0.0 Czerwona KARMA HOOKAH jako pierwsza firma wypu\u015bci\u0142a na rynek oryginaln\u0105 ukrai\u0144sk\u0105 fajk\u0119 wodn\u0105 wykorzystuj\u0105c\u0105 naturalne drewno. Otrzymasz drewniany trzonek o unikalnym designie, z d\u0119tk\u0105 wykonan\u0105 ze stali nierdzewnej o \u015brednicy 14 mm, kt\u00f3ra gwarantuje mi\u0119kkie i przyjemne naci\u0105gni\u0119cie. Zaw\u00f3r umo\u017cliwi \u0142atwe przedmuchanie kolby. Talerz \u201eKARMA HOOKAH\u201d jest niezwykle pi\u0119kny i praktyczny. Charakterystyka: [\u2026]<\/p>","protected":false},"featured_media":11101,"comment_status":"open","ping_status":"closed","template":"","meta":[],"_links":{"self":[{"href":"https:\/\/hookahshop.lt\/pl\/wp-json\/wp\/v2\/product\/11100"}],"collection":[{"href":"https:\/\/hookahshop.lt\/pl\/wp-json\/wp\/v2\/product"}],"about":[{"href":"https:\/\/hookahshop.lt\/pl\/wp-json\/wp\/v2\/types\/product"}],"replies":[{"embeddable":true,"href":"https:\/\/hookahshop.lt\/pl\/wp-json\/wp\/v2\/comments?post=11100"}],"version-history":[{"count":4,"href":"https:\/\/hookahshop.lt\/pl\/wp-json\/wp\/v2\/product\/11100\/revisions"}],"predecessor-version":[{"id":22928,"href":"https:\/\/hookahshop.lt\/pl\/wp-json\/wp\/v2\/product\/11100\/revisions\/22928"}],"wp:featuredmedia":[{"embeddable":true,"href":"https:\/\/hookahshop.lt\/pl\/wp-json\/wp\/v2\/media\/11101"}],"wp:attachment":[{"href":"https:\/\/hookahshop.lt\/pl\/wp-json\/wp\/v2\/media?parent=11100"}],"curies":[{"name":"wp","href":"https:\/\/api.w.org\/{rel}","templated":true}]}}