{"id":11106,"date":"2020-07-29T15:12:09","date_gmt":"2020-07-29T12:12:09","guid":{"rendered":"https:\/\/hookahshop.lt\/?post_type=product&#038;p=11106"},"modified":"2026-04-16T10:20:56","modified_gmt":"2026-04-16T07:20:56","slug":"kaljanas-karma-hookah-0-1-green","status":"publish","type":"product","link":"https:\/\/hookahshop.lt\/pl\/produkt\/szisza-karma-szisza-0-1-zielona\/","title":{"rendered":"Fajka wodna KARMA HOOKAH 0.1 Zielona"},"content":{"rendered":"<h2>Fajka wodna KARMA Fajka wodna 0.1 Zielona<\/h2>\n<p>KARMA HOOKAH jest pierwsz\u0105 firm\u0105, kt\u00f3ra wypu\u015bci\u0142a na rynek oryginaln\u0105 ukrai\u0144sk\u0105 fajk\u0119 wodn\u0105 z naturalnego drewna. Otrzymasz unikalnie zaprojektowany drewniany wa\u0142ek z rur\u0105 wewn\u0119trzn\u0105 wykonan\u0105 ze stali nierdzewnej o \u015brednicy 14 mm, kt\u00f3ra gwarantuje mi\u0119kki i przyjemny ci\u0105g. Zaw\u00f3r umo\u017cliwi \u0142atwe oczyszczenie kolby. Talerz KARMA HOOKAH jest niezwykle pi\u0119kny i praktyczny.<\/p>\n<p>Charakterystyka:<br \/>\n\u2013 Wysoko\u015b\u0107 fajki wodnej: 53 cm.<br \/>\n-Materia\u0142 drzewny: jesion<\/p>\n<p>Wyposa\u017cenie: Wa\u0142, p\u0142yta, pojemnik ceramiczny, kubek, uszczelki, naklejka, markowe pude\u0142ko<\/p>\n<p>Czy masz jakie\u015b pytania? Skontaktuj si\u0119 z nami\u00a0<a href=\"https:\/\/hookahshop.lt\/pl\/lacznosc\/\">strona z kontaktami<\/a>\u00a0lub napisz do nas na adres\u00a0<a href=\"https:\/\/facebook.com\/HookahShop.lt\/\" target=\"_blank\" rel=\"noopener noreferrer\">konto na Facebooku<\/a>\u00a0a my odpowiemy na Twoj\u0105 pro\u015bb\u0119 tego samego dnia.<\/p>","protected":false},"excerpt":{"rendered":"<p>Fajka wodna KARMA Hookah 0.1 Green \u201eKARMA HOOKAH\u201d jako pierwsza firma wypu\u015bci\u0142a na rynek oryginaln\u0105 ukrai\u0144sk\u0105 fajk\u0119 wodn\u0105 wykorzystuj\u0105c\u0105 naturalne drewno. Otrzymasz drewniany trzonek o unikalnym designie, z d\u0119tk\u0105 wykonan\u0105 ze stali nierdzewnej o \u015brednicy 14 mm, kt\u00f3ra gwarantuje mi\u0119kkie i przyjemne naci\u0105gni\u0119cie. Zaw\u00f3r umo\u017cliwi \u0142atwe przedmuchanie kolby. Talerz \u201eKARMA HOOKAH\u201d jest niezwykle pi\u0119kny i praktyczny. Charakterystyka: [\u2026]<\/p>","protected":false},"featured_media":11107,"comment_status":"open","ping_status":"closed","template":"","meta":[],"_links":{"self":[{"href":"https:\/\/hookahshop.lt\/pl\/wp-json\/wp\/v2\/product\/11106"}],"collection":[{"href":"https:\/\/hookahshop.lt\/pl\/wp-json\/wp\/v2\/product"}],"about":[{"href":"https:\/\/hookahshop.lt\/pl\/wp-json\/wp\/v2\/types\/product"}],"replies":[{"embeddable":true,"href":"https:\/\/hookahshop.lt\/pl\/wp-json\/wp\/v2\/comments?post=11106"}],"version-history":[{"count":4,"href":"https:\/\/hookahshop.lt\/pl\/wp-json\/wp\/v2\/product\/11106\/revisions"}],"predecessor-version":[{"id":22929,"href":"https:\/\/hookahshop.lt\/pl\/wp-json\/wp\/v2\/product\/11106\/revisions\/22929"}],"wp:featuredmedia":[{"embeddable":true,"href":"https:\/\/hookahshop.lt\/pl\/wp-json\/wp\/v2\/media\/11107"}],"wp:attachment":[{"href":"https:\/\/hookahshop.lt\/pl\/wp-json\/wp\/v2\/media?parent=11106"}],"curies":[{"name":"wp","href":"https:\/\/api.w.org\/{rel}","templated":true}]}}