{"id":11119,"date":"2020-07-29T15:54:41","date_gmt":"2020-07-29T12:54:41","guid":{"rendered":"https:\/\/hookahshop.lt\/?post_type=product&#038;p=11119"},"modified":"2026-04-17T16:33:17","modified_gmt":"2026-04-17T13:33:17","slug":"tarpine-kaljano-kolbai-arma-a7-black","status":"publish","type":"product","link":"https:\/\/hookahshop.lt\/pl\/produkt\/przekladka-szisza-szisza-arma-a7-czarna\/","title":{"rendered":"Uszczelka do kolby do fajki wodnej ARMA A7 Czarna"},"content":{"rendered":"<h2>Uszczelka do kolby do fajki wodnej ARMA A7 Czarna<\/h2>\n<p>Idealny rozmiar pasuj\u0105cy do wi\u0119kszo\u015bci fajek wodnych. Dzi\u0119ki pow\u0142oce nie zsuwaj\u0105 si\u0119 ani nie odpadaj\u0105. Wysokiej jako\u015bci silikon i produkcja wp\u0142ywaj\u0105 na trwa\u0142o\u015b\u0107 tych uszczelek. Produkowane s\u0105 w klasycznym czarnym kolorze, kt\u00f3ry usuwa \u017c\u00f3\u0142kni\u0119cie.<\/p>\n<p><strong>Specyfikacje:<\/strong><br \/>\n\u015arednica uszczelki: 76mm<br \/>\n\u015arednica zewn\u0119trzna: 55mm<br \/>\n\u015arednica wewn\u0119trzna: 45mm<br \/>\nNici: 4 szt.<\/p>\n<p>Czy masz jakie\u015b pytania? Skontaktuj si\u0119 z nami\u00a0<a href=\"https:\/\/hookahshop.lt\/pl\/lacznosc\/\">strona z kontaktami<\/a>\u00a0lub napisz do nas na adres\u00a0<a href=\"https:\/\/facebook.com\/HookahShop.lt\/\" target=\"_blank\" rel=\"noopener noreferrer\">konto na Facebooku<\/a>\u00a0a my odpowiemy na Twoj\u0105 pro\u015bb\u0119 tego samego dnia.<\/p>","protected":false},"excerpt":{"rendered":"<p>Przek\u0142adka do kolby Shisha ARMA A7 czarna Idealny rozmiar pasuj\u0105cy do wi\u0119kszo\u015bci fajek wodnych. Dzi\u0119ki pow\u0142oce nie \u015blizgaj\u0105 si\u0119 i nie odpadaj\u0105. Wysoka jako\u015b\u0107 silikonu i produkcja przyczyniaj\u0105 si\u0119 do trwa\u0142o\u015bci tych uszczelek. Produkowane s\u0105 w klasycznej czerni, kt\u00f3ra eliminuje za\u017c\u00f3\u0142cenia. Dane techniczne: \u015arednica uszczelki: 76mm \u015arednica zewn\u0119trzna: 55mm \u015arednica wewn\u0119trzna: 45mm Gwinty: 4 szt. Czy masz jakie\u015b pytania? Skontaktuj si\u0119 z nami na stronie kontaktowej lub napisz [\u2026]<\/p>","protected":false},"featured_media":11123,"comment_status":"open","ping_status":"closed","template":"","meta":[],"_links":{"self":[{"href":"https:\/\/hookahshop.lt\/pl\/wp-json\/wp\/v2\/product\/11119"}],"collection":[{"href":"https:\/\/hookahshop.lt\/pl\/wp-json\/wp\/v2\/product"}],"about":[{"href":"https:\/\/hookahshop.lt\/pl\/wp-json\/wp\/v2\/types\/product"}],"replies":[{"embeddable":true,"href":"https:\/\/hookahshop.lt\/pl\/wp-json\/wp\/v2\/comments?post=11119"}],"version-history":[{"count":6,"href":"https:\/\/hookahshop.lt\/pl\/wp-json\/wp\/v2\/product\/11119\/revisions"}],"predecessor-version":[{"id":38111,"href":"https:\/\/hookahshop.lt\/pl\/wp-json\/wp\/v2\/product\/11119\/revisions\/38111"}],"wp:featuredmedia":[{"embeddable":true,"href":"https:\/\/hookahshop.lt\/pl\/wp-json\/wp\/v2\/media\/11123"}],"wp:attachment":[{"href":"https:\/\/hookahshop.lt\/pl\/wp-json\/wp\/v2\/media?parent=11119"}],"curies":[{"name":"wp","href":"https:\/\/api.w.org\/{rel}","templated":true}]}}