{"id":11135,"date":"2020-07-29T16:00:51","date_gmt":"2020-07-29T13:00:51","guid":{"rendered":"https:\/\/hookahshop.lt\/?post_type=product&#038;p=11135"},"modified":"2026-04-16T10:21:13","modified_gmt":"2026-04-16T07:21:13","slug":"tarpine-kaljano-taurelei-white","status":"publish","type":"product","link":"https:\/\/hookahshop.lt\/pl\/produkt\/posrednia-filizanka-do-fajki-wodnej-biala\/","title":{"rendered":"Uszczelka do kubka na fajk\u0119 wodn\u0105 Bia\u0142a"},"content":{"rendered":"<h2>Uszczelka do kubka na fajk\u0119 wodn\u0105 Bia\u0142a<\/h2>\n<p>To mocowanie pomaga bezpiecznie przymocowa\u0107 kubek do fajki wodnej. Silikonowa podk\u0142adka pod kubek.<br \/>\nKolor bia\u0142y<\/p>\n<p>Czy masz jakie\u015b pytania? Skontaktuj si\u0119 z nami\u00a0<a href=\"https:\/\/hookahshop.lt\/pl\/lacznosc\/\">strona z kontaktami<\/a>\u00a0lub napisz do nas na adres\u00a0<a href=\"https:\/\/facebook.com\/HookahShop.lt\/\" target=\"_blank\" rel=\"noopener noreferrer\">konto na Facebooku<\/a>\u00a0a my odpowiemy na Twoj\u0105 pro\u015bb\u0119 tego samego dnia.<\/p>","protected":false},"excerpt":{"rendered":"<p>Uszczelka do kubka na fajk\u0119 wodn\u0105 Bia\u0142a To akcesorium pomaga szczelnie przymocowa\u0107 kubek do fajki wodnej. Silikonowa przek\u0142adka do kubka. Kolor: Bia\u0142y Masz pytania? Skontaktuj si\u0119 z nami na stronie kontaktowej lub napisz do nas na naszym koncie na Facebooku, a my odpowiemy na Twoj\u0105 pro\u015bb\u0119 jeszcze tego samego dnia.<\/p>","protected":false},"featured_media":11136,"comment_status":"open","ping_status":"closed","template":"","meta":[],"_links":{"self":[{"href":"https:\/\/hookahshop.lt\/pl\/wp-json\/wp\/v2\/product\/11135"}],"collection":[{"href":"https:\/\/hookahshop.lt\/pl\/wp-json\/wp\/v2\/product"}],"about":[{"href":"https:\/\/hookahshop.lt\/pl\/wp-json\/wp\/v2\/types\/product"}],"replies":[{"embeddable":true,"href":"https:\/\/hookahshop.lt\/pl\/wp-json\/wp\/v2\/comments?post=11135"}],"version-history":[{"count":5,"href":"https:\/\/hookahshop.lt\/pl\/wp-json\/wp\/v2\/product\/11135\/revisions"}],"predecessor-version":[{"id":43085,"href":"https:\/\/hookahshop.lt\/pl\/wp-json\/wp\/v2\/product\/11135\/revisions\/43085"}],"wp:featuredmedia":[{"embeddable":true,"href":"https:\/\/hookahshop.lt\/pl\/wp-json\/wp\/v2\/media\/11136"}],"wp:attachment":[{"href":"https:\/\/hookahshop.lt\/pl\/wp-json\/wp\/v2\/media?parent=11135"}],"curies":[{"name":"wp","href":"https:\/\/api.w.org\/{rel}","templated":true}]}}