{"id":11182,"date":"2020-08-04T14:38:46","date_gmt":"2020-08-04T11:38:46","guid":{"rendered":"https:\/\/hookahshop.lt\/?post_type=product&#038;p=11182"},"modified":"2026-04-24T23:29:02","modified_gmt":"2026-04-24T20:29:02","slug":"kaljanas-wd-g20-2-monaco-flower","status":"publish","type":"product","link":"https:\/\/hookahshop.lt\/pl\/produkt\/hookah-wd-g20-2-monaco-flower\/","title":{"rendered":"Fajka wodna WD-G20-2 Kwiat Monako"},"content":{"rendered":"<h2>Fajka wodna WD-G20-2 Kwiat Monako<\/h2>\n<p>Jest to fajka wodna wykonana ze stali nierdzewnej, wysokiej jako\u015bci i pi\u0119kna, z designersk\u0105, ozdobn\u0105 kolb\u0105. Szisza ma po\u0142\u0105czenie gwintowe, wi\u0119c nie s\u0105 potrzebne \u017cadne podk\u0142adki dystansowe.<\/p>\n<p>Zestaw:<\/p>\n<p>Trzon<br \/>\nKolba<br \/>\nPo\u0142\u0105czenia w\u0119\u017cy<br \/>\nTalerz<\/p>\n<p>Szisza bez w\u0119\u017ca i ustnika.<\/p>\n<p>Czy masz jakie\u015b pytania? Skontaktuj si\u0119 z nami\u00a0<a href=\"https:\/\/hookahshop.lt\/pl\/lacznosc\/\">strona z kontaktami<\/a>\u00a0lub napisz do nas na adres\u00a0<a href=\"https:\/\/facebook.com\/HookahShop.lt\/\" target=\"_blank\" rel=\"noopener noreferrer\">konto na Facebooku<\/a>\u00a0a my odpowiemy na Twoj\u0105 pro\u015bb\u0119 tego samego dnia.<\/p>","protected":false},"excerpt":{"rendered":"<p>Szisza wodna WD-G20-2 Monaco Flower Jest to fajka wodna wykonana ze stali nierdzewnej, wykonana z wysokiej jako\u015bci materia\u0142\u00f3w i pi\u0119kna, z designersk\u0105, zdobion\u0105 kolb\u0105. Szisza ma po\u0142\u0105czenie gwintowe, wi\u0119c nie s\u0105 potrzebne \u017cadne podk\u0142adki dystansowe. Zestaw: Kolba Z\u0142\u0105cza do w\u0119\u017ca P\u0142ytka Szisza bez w\u0119\u017ca i ustnika. Czy masz jakie\u015b pytania? Skontaktuj si\u0119 z nami na stronie kontaktowej lub napisz do nas na naszym koncie na Facebooku, a my odpowiemy na Twoj\u0105 pro\u015bb\u0119 jeszcze tego samego dnia.<\/p>","protected":false},"featured_media":11183,"comment_status":"open","ping_status":"closed","template":"","meta":[],"_links":{"self":[{"href":"https:\/\/hookahshop.lt\/pl\/wp-json\/wp\/v2\/product\/11182"}],"collection":[{"href":"https:\/\/hookahshop.lt\/pl\/wp-json\/wp\/v2\/product"}],"about":[{"href":"https:\/\/hookahshop.lt\/pl\/wp-json\/wp\/v2\/types\/product"}],"replies":[{"embeddable":true,"href":"https:\/\/hookahshop.lt\/pl\/wp-json\/wp\/v2\/comments?post=11182"}],"version-history":[{"count":3,"href":"https:\/\/hookahshop.lt\/pl\/wp-json\/wp\/v2\/product\/11182\/revisions"}],"predecessor-version":[{"id":33954,"href":"https:\/\/hookahshop.lt\/pl\/wp-json\/wp\/v2\/product\/11182\/revisions\/33954"}],"wp:featuredmedia":[{"embeddable":true,"href":"https:\/\/hookahshop.lt\/pl\/wp-json\/wp\/v2\/media\/11183"}],"wp:attachment":[{"href":"https:\/\/hookahshop.lt\/pl\/wp-json\/wp\/v2\/media?parent=11182"}],"curies":[{"name":"wp","href":"https:\/\/api.w.org\/{rel}","templated":true}]}}