{"id":11359,"date":"2020-08-11T17:49:50","date_gmt":"2020-08-11T14:49:50","guid":{"rendered":"https:\/\/hookahshop.lt\/?post_type=product&#038;p=11359"},"modified":"2026-04-22T23:28:55","modified_gmt":"2026-04-22T20:28:55","slug":"kaljanas-blade-hookah-one-m-black-gold","status":"publish","type":"product","link":"https:\/\/hookahshop.lt\/pl\/produkt\/ostrze-szisza-szisza-jeden-m-czarno-zloty\/","title":{"rendered":"Fajka wodna BLADE HOOKAH One M czarno-z\u0142ota"},"content":{"rendered":"<h2>Fajka wodna BLADE HOOKAH One M czarno-z\u0142ota<\/h2>\n<p>Nowy model producenta fajek wodnych &quot;Blade&quot;.<br \/>\nNadmuch pionowy, wbudowany syfon na melas\u0119, obni\u017cona wysoko\u015b\u0107, wszystkie elementy ze stali nierdzewnej pokrytej tytanem.<\/p>\n<p><strong>Ekwipunek:<\/strong><br \/>\nTrzonek, p\u0142ytka, dyfuzor, ustnik<\/p>\n<p>\u015arednica wewn\u0119trzna wa\u0142u: 12 mm<br \/>\n\u015arednica talerza: 20 cm<\/p>\n<p>Czy masz jakie\u015b pytania? Skontaktuj si\u0119 z nami <a href=\"https:\/\/hookahshop.lt\/pl\/lacznosc\/\">strona z kontaktami<\/a> lub napisz do nas na adres <a href=\"https:\/\/facebook.com\/HookahShop.lt\/\" target=\"_blank\" rel=\"noopener noreferrer\">konto na Facebooku<\/a> a my odpowiemy na Twoj\u0105 pro\u015bb\u0119 tego samego dnia.<\/p>","protected":false},"excerpt":{"rendered":"<p>Hookah BLADE HOOKAH One M Black-Gold Nowy model producenta fajek wodnych \u201eBlade\u201d. Nadmuch pionowy, wbudowany \u0142apacz melasy, zmniejszona wysoko\u015b\u0107, wszystkie elementy ze stali nierdzewnej pokryte tytanem. Kompletny zestaw: Trzonek, p\u0142ytka, dyfuzor, ustnik Wewn\u0119trzna \u015brednica trzonka: 12 mm \u015arednica p\u0142ytki: 20 cm Masz pytania? Skontaktuj si\u0119 z nami na stronie kontaktowej lub napisz do nas na naszym koncie na Facebooku, a my odpowiemy na Twoje [...]<\/p>","protected":false},"featured_media":22422,"comment_status":"open","ping_status":"closed","template":"","meta":[],"_links":{"self":[{"href":"https:\/\/hookahshop.lt\/pl\/wp-json\/wp\/v2\/product\/11359"}],"collection":[{"href":"https:\/\/hookahshop.lt\/pl\/wp-json\/wp\/v2\/product"}],"about":[{"href":"https:\/\/hookahshop.lt\/pl\/wp-json\/wp\/v2\/types\/product"}],"replies":[{"embeddable":true,"href":"https:\/\/hookahshop.lt\/pl\/wp-json\/wp\/v2\/comments?post=11359"}],"version-history":[{"count":8,"href":"https:\/\/hookahshop.lt\/pl\/wp-json\/wp\/v2\/product\/11359\/revisions"}],"predecessor-version":[{"id":29347,"href":"https:\/\/hookahshop.lt\/pl\/wp-json\/wp\/v2\/product\/11359\/revisions\/29347"}],"wp:featuredmedia":[{"embeddable":true,"href":"https:\/\/hookahshop.lt\/pl\/wp-json\/wp\/v2\/media\/22422"}],"wp:attachment":[{"href":"https:\/\/hookahshop.lt\/pl\/wp-json\/wp\/v2\/media?parent=11359"}],"curies":[{"name":"wp","href":"https:\/\/api.w.org\/{rel}","templated":true}]}}