{"id":11373,"date":"2020-08-11T18:16:28","date_gmt":"2020-08-11T15:16:28","guid":{"rendered":"https:\/\/hookahshop.lt\/?post_type=product&#038;p=11373"},"modified":"2026-04-24T23:29:13","modified_gmt":"2026-04-24T20:29:13","slug":"kolba-kaljanui-bigmaks-rainbow-grey","status":"publish","type":"product","link":"https:\/\/hookahshop.lt\/pl\/produkt\/kolba-na-szisze-bigmaks-teczowo-szara\/","title":{"rendered":"Kolba do fajki wodnej BIGMAKS Rainbow Grey"},"content":{"rendered":"<h2>Kolba do fajki wodnej BIGMAKS Rainbow Grey<\/h2>\n<p>Ta kolba wykonana jest z kolorowego szk\u0142a przeznaczonego do kontaktu z \u017cywno\u015bci\u0105 i wyr\u00f3\u017cnia si\u0119 trwa\u0142o\u015bci\u0105. Kolba nie jest malowana, co oznacza, \u017ce b\u0119dzie Ci s\u0142u\u017cy\u0107 przez wiele lat.<\/p>\n<p><strong><span title=\"\">Specyfikacje:<\/span><\/strong><br \/>\nWysoko\u015b\u0107: 248 mm<br \/>\nWaga: ~ 1390 g<br \/>\nZewn\u0119trzna \u015brednica gardzieli: 71 mm<br \/>\nWewn\u0119trzna \u015brednica gard\u0142a: 45 mm<br \/>\nMateria\u0142 produktu: szk\u0142o<\/p>\n<p>Czy masz jakie\u015b pytania? Skontaktuj si\u0119 z nami <a href=\"https:\/\/hookahshop.lt\/pl\/lacznosc\/\">strona z kontaktami<\/a> lub napisz do nas na adres <a href=\"https:\/\/facebook.com\/HookahShop.lt\/\" target=\"_blank\" rel=\"noopener noreferrer\">konto na Facebooku<\/a> a my odpowiemy na Twoj\u0105 pro\u015bb\u0119 tego samego dnia.<\/p>","protected":false},"excerpt":{"rendered":"<p>Kolba kaljanui BIGMAKS Rainbow Grey \u0160i kolba pagaminta i\u0161 maistinio, spalvoto, stiklo ir i\u0161siskiria patvarumu. Kolba n\u0117ra da\u017eyta, vadinasi, ji tarnaus jums daugel\u012f met\u0173. Specifikacijos: Auk\u0161tis: 248 mm Svoris: ~ 1390 g I\u0161orinis gerkl\u0117s skersmuo: 71 mm Vidinis gerkl\u0117s skersmuo: 45mm Gaminio med\u017eiaga: stiklas Turite klausim\u0173? Susisiekite su mumis kontakt\u0173 puslapyje arba para\u0161ykite mums \u012f [&hellip;]<\/p>","protected":false},"featured_media":11375,"comment_status":"open","ping_status":"closed","template":"","meta":[],"_links":{"self":[{"href":"https:\/\/hookahshop.lt\/pl\/wp-json\/wp\/v2\/product\/11373"}],"collection":[{"href":"https:\/\/hookahshop.lt\/pl\/wp-json\/wp\/v2\/product"}],"about":[{"href":"https:\/\/hookahshop.lt\/pl\/wp-json\/wp\/v2\/types\/product"}],"replies":[{"embeddable":true,"href":"https:\/\/hookahshop.lt\/pl\/wp-json\/wp\/v2\/comments?post=11373"}],"version-history":[{"count":6,"href":"https:\/\/hookahshop.lt\/pl\/wp-json\/wp\/v2\/product\/11373\/revisions"}],"predecessor-version":[{"id":45080,"href":"https:\/\/hookahshop.lt\/pl\/wp-json\/wp\/v2\/product\/11373\/revisions\/45080"}],"wp:featuredmedia":[{"embeddable":true,"href":"https:\/\/hookahshop.lt\/pl\/wp-json\/wp\/v2\/media\/11375"}],"wp:attachment":[{"href":"https:\/\/hookahshop.lt\/pl\/wp-json\/wp\/v2\/media?parent=11373"}],"curies":[{"name":"wp","href":"https:\/\/api.w.org\/{rel}","templated":true}]}}