{"id":11380,"date":"2020-08-11T18:22:17","date_gmt":"2020-08-11T15:22:17","guid":{"rendered":"https:\/\/hookahshop.lt\/?post_type=product&#038;p=11380"},"modified":"2026-04-20T23:29:08","modified_gmt":"2026-04-20T20:29:08","slug":"kolba-kaljanui-hookahtree-c3-pearl","status":"publish","type":"product","link":"https:\/\/hookahshop.lt\/pl\/produkt\/kolba-szisza-szisza-c3-perla\/","title":{"rendered":"Termos na \u0142ysienie HOOKAHTREE C3 Pearl"},"content":{"rendered":"<h2>Termos na \u0142ysienie HOOKAHTREE C3 Pearl<\/h2>\n<p>Cybuch do fajki wodnej HookahTree C3 wykonany jest ze szk\u0142a o grubo\u015bci oko\u0142o 5 mm i jest w ca\u0142o\u015bci r\u0119cznie wykonany. Cybuch ma kszta\u0142t piramidy i \u015bwietnie prezentuje si\u0119 na ka\u017cdej fajce wodnej. Poziom wody jest wygodnie regulowany.<\/p>\n<p><strong><span title=\"\">Specyfikacje:<\/span><\/strong><br \/>\nWysoko\u015b\u0107: 253 mm<br \/>\nWaga: ~ 1640 g<br \/>\nZewn\u0119trzna \u015brednica gardzieli: 69 mm<br \/>\nWewn\u0119trzna \u015brednica gard\u0142a: 46 mm<br \/>\nMateria\u0142 produktu: szk\u0142o<\/p>\n<p>Czy masz jakie\u015b pytania? Skontaktuj si\u0119 z nami <a href=\"https:\/\/hookahshop.lt\/pl\/lacznosc\/\">strona z kontaktami<\/a> lub napisz do nas na adres <a href=\"https:\/\/facebook.com\/HookahShop.lt\/\" target=\"_blank\" rel=\"noopener noreferrer\">konto na Facebooku<\/a> a my odpowiemy na Twoj\u0105 pro\u015bb\u0119 tego samego dnia.<\/p>","protected":false},"excerpt":{"rendered":"<p>Kolba kaljanui HOOKAHTREE C3 Pearl Apytiksliai 5 mm stiklin\u0117s \u201eHookahTree C3\u201c kaljano kolbos stiklas yra pagamintas tik rankomis. Kolba pagaminta \u201epiramid\u0117s\u201c stiliumi ir puikiai atrodo ant bet kokio kaljano. Vandens lygis yra patogiai reguliuojamas. Specifikacijos: Auk\u0161tis: 253 mm Svoris: ~ 1640 g I\u0161orinis gerkl\u0117s skersmuo: 69 mm Vidinis gerkl\u0117s skersmuo: 46mm Gaminio med\u017eiaga: stiklas Turite [&hellip;]<\/p>","protected":false},"featured_media":11381,"comment_status":"open","ping_status":"closed","template":"","meta":[],"_links":{"self":[{"href":"https:\/\/hookahshop.lt\/pl\/wp-json\/wp\/v2\/product\/11380"}],"collection":[{"href":"https:\/\/hookahshop.lt\/pl\/wp-json\/wp\/v2\/product"}],"about":[{"href":"https:\/\/hookahshop.lt\/pl\/wp-json\/wp\/v2\/types\/product"}],"replies":[{"embeddable":true,"href":"https:\/\/hookahshop.lt\/pl\/wp-json\/wp\/v2\/comments?post=11380"}],"version-history":[{"count":7,"href":"https:\/\/hookahshop.lt\/pl\/wp-json\/wp\/v2\/product\/11380\/revisions"}],"predecessor-version":[{"id":45024,"href":"https:\/\/hookahshop.lt\/pl\/wp-json\/wp\/v2\/product\/11380\/revisions\/45024"}],"wp:featuredmedia":[{"embeddable":true,"href":"https:\/\/hookahshop.lt\/pl\/wp-json\/wp\/v2\/media\/11381"}],"wp:attachment":[{"href":"https:\/\/hookahshop.lt\/pl\/wp-json\/wp\/v2\/media?parent=11380"}],"curies":[{"name":"wp","href":"https:\/\/api.w.org\/{rel}","templated":true}]}}