{"id":11386,"date":"2020-08-11T18:26:11","date_gmt":"2020-08-11T15:26:11","guid":{"rendered":"https:\/\/hookahshop.lt\/?post_type=product&#038;p=11386"},"modified":"2026-04-14T23:29:08","modified_gmt":"2026-04-14T20:29:08","slug":"kolba-kaljanui-njn-hookah-tinted","status":"publish","type":"product","link":"https:\/\/hookahshop.lt\/pl\/produkt\/kolba-szisza-njn-szisza-przyciemniana\/","title":{"rendered":"Termos na \u0142ysienie NJN HOOKAH Przyciemniany"},"content":{"rendered":"<h2>Termos na \u0142ysienie NJN HOOKAH Przyciemniany<\/h2>\n<p id=\"tw-target-text\" class=\"tw-data-text tw-text-large XcVN5d tw-ta\" dir=\"ltr\" data-placeholder=\"Vertimas\"><span lang=\"lt\">NJN Hookah to rosyjska marka zajmuj\u0105ca si\u0119 produkcj\u0105 termos\u00f3w do fajek wodnych od 2013 roku. <\/span><span lang=\"lt\">Butelka do fajki wodnej NJN jest wykonana r\u0119cznie. <\/span><span lang=\"lt\">Kszta\u0142t NJ sta\u0142 si\u0119 najlepszym wyborem do zak\u0142adania dom\u00f3w i fajek wodnych.<\/span><\/p>\n<p><strong><span title=\"\">Specyfikacje:<\/span><\/strong><br \/>\nWysoko\u015b\u0107: 260 mm<br \/>\nWaga: ~ 1790 g<br \/>\n\u015arednica zewn\u0119trzna: 69 mm<br \/>\n\u015arednica wewn\u0119trzna: 46 mm<br \/>\nMateria\u0142 produktu: szk\u0142o<\/p>\n<p class=\"tw-data-text tw-text-large XcVN5d tw-ta\" dir=\"ltr\" data-placeholder=\"Vertimas\">Czy masz jakie\u015b pytania? Skontaktuj si\u0119 z nami <a href=\"https:\/\/hookahshop.lt\/pl\/lacznosc\/\">strona z kontaktami<\/a> lub napisz do nas na adres <a href=\"https:\/\/facebook.com\/HookahShop.lt\/\" target=\"_blank\" rel=\"noopener noreferrer\">konto na Facebooku<\/a> a my odpowiemy na Twoj\u0105 pro\u015bb\u0119 tego samego dnia.<\/p>","protected":false},"excerpt":{"rendered":"<p>Kolba kaljanui NJN HOOKAH Tinted \u201eNJN Hookah\u201c yra Rusijos prek\u0117s \u017eenklas, kuris prad\u0117jo gaminti kaljano kolbas nuo 2013 m. Kaljano kolba NJN gaminama rankomis. NJ forma tapo geriausia nam\u0173 ir kaljan\u0173 \u012fstaigos pasirinkimu. Specifikacijos: Auk\u0161tis: 260 mm Svoris: ~ 1790 g I\u0161orinis skersmuo: 69 mm Vidinis skersmuo: 46 mm Gaminio med\u017eiaga: stiklas Turite klausim\u0173? Susisiekite [&hellip;]<\/p>","protected":false},"featured_media":42402,"comment_status":"open","ping_status":"closed","template":"","meta":[],"_links":{"self":[{"href":"https:\/\/hookahshop.lt\/pl\/wp-json\/wp\/v2\/product\/11386"}],"collection":[{"href":"https:\/\/hookahshop.lt\/pl\/wp-json\/wp\/v2\/product"}],"about":[{"href":"https:\/\/hookahshop.lt\/pl\/wp-json\/wp\/v2\/types\/product"}],"replies":[{"embeddable":true,"href":"https:\/\/hookahshop.lt\/pl\/wp-json\/wp\/v2\/comments?post=11386"}],"version-history":[{"count":6,"href":"https:\/\/hookahshop.lt\/pl\/wp-json\/wp\/v2\/product\/11386\/revisions"}],"predecessor-version":[{"id":45719,"href":"https:\/\/hookahshop.lt\/pl\/wp-json\/wp\/v2\/product\/11386\/revisions\/45719"}],"wp:featuredmedia":[{"embeddable":true,"href":"https:\/\/hookahshop.lt\/pl\/wp-json\/wp\/v2\/media\/42402"}],"wp:attachment":[{"href":"https:\/\/hookahshop.lt\/pl\/wp-json\/wp\/v2\/media?parent=11386"}],"curies":[{"name":"wp","href":"https:\/\/api.w.org\/{rel}","templated":true}]}}