{"id":11394,"date":"2020-08-11T18:29:57","date_gmt":"2020-08-11T15:29:57","guid":{"rendered":"https:\/\/hookahshop.lt\/?post_type=product&#038;p=11394"},"modified":"2026-04-18T23:28:57","modified_gmt":"2026-04-18T20:28:57","slug":"kolba-kaljanui-njn-hookah-nj-cut-clear","status":"publish","type":"product","link":"https:\/\/hookahshop.lt\/pl\/produkt\/flask-hookah-njn-hookah-nj-cut-clear\/","title":{"rendered":"Kolba do fajki wodnej NJN HOOKAH NJ Cut Clear"},"content":{"rendered":"<h2>Kolba do fajki wodnej NJN HOOKAH NJ Cut Clear<\/h2>\n<p id=\"tw-target-text\" class=\"tw-data-text tw-text-large XcVN5d tw-ta\" dir=\"ltr\" data-placeholder=\"Vertimas\"><span lang=\"lt\">NJN Hookah to rosyjska marka, kt\u00f3ra od 2013 roku rozpocz\u0119\u0142a produkcj\u0119 flakon\u00f3w do fajki wodnej<\/span><\/p>\n<p class=\"tw-data-text tw-text-large XcVN5d tw-ta\" dir=\"ltr\" data-placeholder=\"Vertimas\"><span lang=\"lt\">Butelka do fajki wodnej NJN jest wykonana r\u0119cznie.<\/span><\/p>\n<p class=\"tw-data-text tw-text-large XcVN5d tw-ta\" dir=\"ltr\" data-placeholder=\"Vertimas\"><span lang=\"lt\">Kszta\u0142t NJ sta\u0142 si\u0119 najlepszym wyborem do zak\u0142adania dom\u00f3w i fajek wodnych.<\/span><\/p>\n<p class=\"tw-data-text tw-text-large XcVN5d tw-ta\" dir=\"ltr\" data-placeholder=\"Vertimas\"><strong><span title=\"\">Specyfikacje:<\/span><\/strong><\/p>\n<p>Wysoko\u015b\u0107: 260 mm<br \/>\nWaga: ~ 1790 g<br \/>\n\u015arednica zewn\u0119trzna: 69 mm<br \/>\n\u015arednica wewn\u0119trzna: 46 mm<br \/>\nMateria\u0142 produktu: szk\u0142o<\/p>\n<p>Czy masz jakie\u015b pytania? Skontaktuj si\u0119 z nami <a href=\"https:\/\/hookahshop.lt\/pl\/lacznosc\/\">strona z kontaktami<\/a> lub napisz do nas na adres <a href=\"https:\/\/facebook.com\/HookahShop.lt\/\" target=\"_blank\" rel=\"noopener noreferrer\">konto na Facebooku<\/a> a my odpowiemy na Twoj\u0105 pro\u015bb\u0119 tego samego dnia.<\/p>","protected":false},"excerpt":{"rendered":"<p>Kolba kaljanui NJN HOOKAH NJ Cut Clear \u201eNJN Hookah\u201c yra Rusijos prek\u0117s \u017eenklas, kuris prad\u0117jo gaminti kaljano kolbas nuo 2013 m Kaljano kolba NJN gaminama rankomis. NJ forma tapo geriausia nam\u0173 ir kaljan\u0173 \u012fstaigos pasirinkimu. Specifikacijos: Auk\u0161tis: 260 mm Svoris: ~ 1790 g I\u0161orinis skersmuo: 69 mm Vidinis skersmuo: 46 mm Gaminio med\u017eiaga: stiklas Turite [&hellip;]<\/p>","protected":false},"featured_media":11395,"comment_status":"open","ping_status":"closed","template":"","meta":[],"_links":{"self":[{"href":"https:\/\/hookahshop.lt\/pl\/wp-json\/wp\/v2\/product\/11394"}],"collection":[{"href":"https:\/\/hookahshop.lt\/pl\/wp-json\/wp\/v2\/product"}],"about":[{"href":"https:\/\/hookahshop.lt\/pl\/wp-json\/wp\/v2\/types\/product"}],"replies":[{"embeddable":true,"href":"https:\/\/hookahshop.lt\/pl\/wp-json\/wp\/v2\/comments?post=11394"}],"version-history":[{"count":7,"href":"https:\/\/hookahshop.lt\/pl\/wp-json\/wp\/v2\/product\/11394\/revisions"}],"predecessor-version":[{"id":45146,"href":"https:\/\/hookahshop.lt\/pl\/wp-json\/wp\/v2\/product\/11394\/revisions\/45146"}],"wp:featuredmedia":[{"embeddable":true,"href":"https:\/\/hookahshop.lt\/pl\/wp-json\/wp\/v2\/media\/11395"}],"wp:attachment":[{"href":"https:\/\/hookahshop.lt\/pl\/wp-json\/wp\/v2\/media?parent=11394"}],"curies":[{"name":"wp","href":"https:\/\/api.w.org\/{rel}","templated":true}]}}