{"id":11428,"date":"2020-08-14T13:21:52","date_gmt":"2020-08-14T10:21:52","guid":{"rendered":"https:\/\/hookahshop.lt\/?post_type=product&#038;p=11428"},"modified":"2026-04-09T12:28:22","modified_gmt":"2026-04-09T09:28:22","slug":"anglys-kaljanui-tom-coco-gold-25mm-1-kg","status":"publish","type":"product","link":"https:\/\/hookahshop.lt\/pl\/produkt\/wegiel-do-fajki-wodnej-tom-coco-gold-25mm-1-kg\/","title":{"rendered":"W\u0119giel do fajki wodnej TOM COCO Gold 25mm 1 kg"},"content":{"rendered":"<h2>W\u0119giel do fajki wodnej TOM COCO Gold 25mm 1 kg<\/h2>\n<p>Wykonane z \u0142upin orzecha kokosowego. Jest to naturalny i organiczny produkt 100%, nie zawieraj\u0105cy \u017cadnych \u015brodk\u00f3w chemicznych i nie wycinano \u017cadnych drzew, aby wyprodukowa\u0107 ten w\u0119giel drzewny!<br \/>\nSpala si\u0119 doskonale, bez dodatkowych nieprzyjemnych zapach\u00f3w i dymu.<br \/>\nWymiary jednego w\u0119gla: 25x25x25mm.<br \/>\nPude\u0142ko zawiera 72 w\u0119gle.<br \/>\nAby spali\u0107 w\u0119giel, potrzebujesz elektrycznej p\u0142yty grzejnej do fajki wodnej, turystycznej kuchenki gazowej lub podobnej.<br \/>\nKraj pochodzenia: Indonezja<\/p>\n<p>Czy masz jakie\u015b pytania? Skontaktuj si\u0119 z nami <a href=\"https:\/\/hookahshop.lt\/pl\/lacznosc\/\">strona z kontaktami<\/a> lub napisz do nas na adres <a href=\"https:\/\/facebook.com\/HookahShop.lt\/\" target=\"_blank\" rel=\"noopener noreferrer\">konto na Facebooku<\/a> a my odpowiemy na Twoj\u0105 pro\u015bb\u0119 tego samego dnia.<\/p>","protected":false},"excerpt":{"rendered":"<p>W\u0119giel do fajki wodnej TOM COCO Gold 25mm 1 kg Wykonany z \u0142upin orzecha kokosowego. Jest to naturalny i organiczny produkt 100%, nie zawieraj\u0105cy \u017cadnych \u015brodk\u00f3w chemicznych i nie wycinano \u017cadnych drzew, aby wyprodukowa\u0107 ten w\u0119giel drzewny! Spala si\u0119 doskonale bez dodatkowych nieprzyjemnych zapach\u00f3w i dymu. Wymiary jednego w\u0119gla: 25x25x25mm. W pude\u0142ku znajduj\u0105 si\u0119 72 w\u0119gle. Do rozpalenia w\u0119gli potrzebna jest elektryczna p\u0142yta do fajki wodnej, turystyczna [...]<\/p>","protected":false},"featured_media":11437,"comment_status":"open","ping_status":"closed","template":"","meta":[],"_links":{"self":[{"href":"https:\/\/hookahshop.lt\/pl\/wp-json\/wp\/v2\/product\/11428"}],"collection":[{"href":"https:\/\/hookahshop.lt\/pl\/wp-json\/wp\/v2\/product"}],"about":[{"href":"https:\/\/hookahshop.lt\/pl\/wp-json\/wp\/v2\/types\/product"}],"replies":[{"embeddable":true,"href":"https:\/\/hookahshop.lt\/pl\/wp-json\/wp\/v2\/comments?post=11428"}],"version-history":[{"count":2,"href":"https:\/\/hookahshop.lt\/pl\/wp-json\/wp\/v2\/product\/11428\/revisions"}],"predecessor-version":[{"id":32839,"href":"https:\/\/hookahshop.lt\/pl\/wp-json\/wp\/v2\/product\/11428\/revisions\/32839"}],"wp:featuredmedia":[{"embeddable":true,"href":"https:\/\/hookahshop.lt\/pl\/wp-json\/wp\/v2\/media\/11437"}],"wp:attachment":[{"href":"https:\/\/hookahshop.lt\/pl\/wp-json\/wp\/v2\/media?parent=11428"}],"curies":[{"name":"wp","href":"https:\/\/api.w.org\/{rel}","templated":true}]}}